{"id":9965,"date":"2025-03-05T10:23:12","date_gmt":"2025-03-05T09:23:12","guid":{"rendered":"https:\/\/webshop.schuetz-dental.org\/firmenhistorie\/"},"modified":"2025-11-17T07:47:16","modified_gmt":"2025-11-17T06:47:16","slug":"firmenhistorie","status":"publish","type":"page","link":"https:\/\/schuetz-dental.de\/en\/firmenhistorie\/","title":{"rendered":"Company history"},"content":{"rendered":"\t\t<div data-elementor-type=\"wp-page\" data-elementor-id=\"9965\" class=\"elementor elementor-9965 elementor-8657\" data-elementor-post-type=\"page\">\n\t\t\t\t<div class=\"elementor-element elementor-element-de16dc7 e-flex e-con-boxed e-con e-parent\" data-id=\"de16dc7\" data-element_type=\"container\" data-e-type=\"container\">\r\n\t\t\t\t\t<div class=\"e-con-inner\">\r\n\t\t<div class=\"elementor-element elementor-element-cace62d e-con-full e-flex e-con e-child\" data-id=\"cace62d\" data-element_type=\"container\" data-e-type=\"container\">\r\n\t\t\t\t<div class=\"elementor-element elementor-element-7b6edb5 elementor-widget elementor-widget-image\" data-id=\"7b6edb5\" data-element_type=\"widget\" data-e-type=\"widget\" data-widget_type=\"image.default\">\n\t\t\t\t<div class=\"elementor-widget-container\">\n\t\t\t\t\t\t\t\t\t\t\t\t\t\t\t<img fetchpriority=\"high\" decoding=\"async\" width=\"1503\" height=\"434\" src=\"https:\/\/schuetz-dental.de\/wp-content\/uploads\/2025\/04\/firmengeschichte.jpg\" class=\"attachment-full size-full wp-image-12613\" alt=\"\" srcset=\"https:\/\/schuetz-dental.de\/wp-content\/uploads\/2025\/04\/firmengeschichte.jpg 1503w, https:\/\/schuetz-dental.de\/wp-content\/uploads\/2025\/04\/firmengeschichte-1024x296.jpg 1024w, https:\/\/schuetz-dental.de\/wp-content\/uploads\/2025\/04\/firmengeschichte-768x222.jpg 768w, https:\/\/schuetz-dental.de\/wp-content\/uploads\/2025\/04\/firmengeschichte-640x185.jpg 640w, https:\/\/schuetz-dental.de\/wp-content\/uploads\/2025\/04\/firmengeschichte-400x116.jpg 400w, https:\/\/schuetz-dental.de\/wp-content\/uploads\/2025\/04\/firmengeschichte-600x173.jpg 600w, https:\/\/schuetz-dental.de\/wp-content\/uploads\/2025\/04\/firmengeschichte-350x100.jpg 350w\" sizes=\"(max-width: 1503px) 100vw, 1503px\" \/>\t\t\t\t\t\t\t\t\t\t\t\t\t\t\t<\/div>\n\t\t\t\t<\/div>\n\t\t\t\t<\/div>\n\t\t\t\t\t<\/div>\n\t\t\t\t<\/div>\n\t\t<div class=\"elementor-element elementor-element-3b573f8 e-flex e-con-boxed e-con e-parent\" data-id=\"3b573f8\" data-element_type=\"container\" data-e-type=\"container\">\r\n\t\t\t\t\t<div class=\"e-con-inner\">\r\n\t\t\t\t<div class=\"elementor-element elementor-element-03beb0d elementor-widget elementor-widget-heading\" data-id=\"03beb0d\" data-element_type=\"widget\" data-e-type=\"widget\" data-widget_type=\"heading.default\">\n\t\t\t\t<div class=\"elementor-widget-container\">\n\t\t\t\t\t<h2 class=\"elementor-heading-title elementor-size-default\">History<\/h2>\t\t\t\t<\/div>\n\t\t\t\t<\/div>\n\t\t\t\t<div class=\"elementor-element elementor-element-649e92b elementor-widget__width-initial elementor-widget elementor-widget-text-editor\" data-id=\"649e92b\" data-element_type=\"widget\" data-e-type=\"widget\" data-widget_type=\"text-editor.default\">\n\t\t\t\t<div class=\"elementor-widget-container\">\n\t\t\t\t\t\t\t\t\t<p data-start=\"100\" data-end=\"257\">Sch\u00fctz Dental GmbH was founded in 1962. Our many years of experience and strong sense for trends have contributed to our strong position in international markets.<\/p><p data-start=\"259\" data-end=\"432\">In-depth industry knowledge enables us to make quick and flexible decisions in the best interests of our customers \u2013 supported by our direct-from-manufacturer sales concept.<\/p><p data-start=\"434\" data-end=\"684\">The company headquarters in <strong data-start=\"462\" data-end=\"486\">Rosbach vor der H\u00f6he<\/strong>, located in the Rhine-Main region right off the A5 motorway, offers excellent proximity to <strong data-start=\"578\" data-end=\"613\">Frankfurt International Airport<\/strong> \u2013 a key advantage, as we operate internationally in all major markets.<\/p><p data-start=\"686\" data-end=\"983\"><strong data-start=\"686\" data-end=\"710\">Continuing education<\/strong> is a central theme at Sch\u00fctz Dental. Our comprehensive seminar program features expert speakers guiding participants through specialized topics. Additionally, we support our customers through targeted marketing initiatives such as events, brochures, posters, and displays.<\/p><p data-start=\"985\" data-end=\"1210\">As a manufacturer of medical devices, Sch\u00fctz Dental is, of course, <strong data-start=\"1052\" data-end=\"1069\">ISO certified<\/strong>. We were one of the first dental manufacturers worldwide to receive certification according to <strong data-start=\"1165\" data-end=\"1184\">DIN EN ISO 9001<\/strong> and <strong data-start=\"1189\" data-end=\"1209\">DIN EN ISO 13485<\/strong>.<\/p><p data-start=\"1212\" data-end=\"1319\">Our core competence lies in materials and equipment for <strong data-start=\"1268\" data-end=\"1281\">dentistry<\/strong> and <strong data-start=\"1286\" data-end=\"1307\">dental technology<\/strong>, including:<\/p><ul data-start=\"1320\" data-end=\"1434\"><li data-start=\"1320\" data-end=\"1342\"><p data-start=\"1322\" data-end=\"1342\">CAD\/CAM technology<\/p><\/li><li data-start=\"1343\" data-end=\"1355\"><p data-start=\"1345\" data-end=\"1355\">Implants<\/p><\/li><li data-start=\"1356\" data-end=\"1401\"><p data-start=\"1358\" data-end=\"1401\">Temporomandibular joint (TMJ) diagnostics<\/p><\/li><li data-start=\"1402\" data-end=\"1434\"><p data-start=\"1404\" data-end=\"1434\">High-tech chemical solutions<\/p><\/li><\/ul><p data-start=\"1436\" data-end=\"1619\">All of our products are perfectly coordinated and easily integrated across other application areas, ensuring a seamless workflow with consistently high quality \u2013 from start to finish.<\/p><p data-start=\"1621\" data-end=\"1859\"><strong data-start=\"1621\" data-end=\"1655\">Research and Development (R&amp;D)<\/strong> is a dedicated division within our company. Engineers and technicians lead the design and construction process, focusing on <strong data-start=\"1780\" data-end=\"1791\">CAD\/CAM<\/strong>, <strong data-start=\"1793\" data-end=\"1815\">laser technologies<\/strong>, <strong data-start=\"1817\" data-end=\"1829\">implants<\/strong>, and other high-tech systems.<\/p>\t\t\t\t\t\t\t\t<\/div>\n\t\t\t\t<\/div>\n\t\t\t\t\t<\/div>\n\t\t\t\t<\/div>\n\t\t\t\t<section class=\"elementor-section elementor-top-section elementor-element elementor-element-4fe635a elementor-section-boxed elementor-section-height-default elementor-section-height-default\" data-id=\"4fe635a\" data-element_type=\"section\" data-e-type=\"section\">\r\n\t\t\r\n\t\t\t\t\t\t\t<div class=\"elementor-container elementor-column-gap-default\">\r\n\t\t\t\t\t\t\t\t\t\t\t<div class=\"elementor-column elementor-col-100 elementor-top-column elementor-element elementor-element-49be64b mx-auto\" data-id=\"49be64b\" data-element_type=\"column\" data-e-type=\"column\">\r\n\t\t\t\t\t<div class=\"elementor-widget-wrap elementor-element-populated\">\r\n\t\t\t\t\t\t\t\t<div class=\"elementor-element elementor-element-75a13ee elementor-widget elementor-widget-porto_steps\" data-id=\"75a13ee\" data-element_type=\"widget\" data-e-type=\"widget\" data-widget_type=\"porto_steps.default\">\n\t\t\t\t<div class=\"elementor-widget-container\">\n\t\t\t\t\t<section class=\"timeline\"><div class=\"timeline-body\"><div class=\"timeline-date \"><h3 class=\"time-text step-item-subtitle\">2025<\/h3><\/div><article class=\"timeline-box left\"><div><img decoding=\"async\" src=\"\/\/schuetz-dental.de\/wp-content\/uploads\/2025\/04\/ms_img.jpg\" class=\"img-responsive\" alt=\"Campus Kronberg\"><h4 class=\"timeline-item-title step-item-title\">Campus Kronberg<\/h4><div class=\"timeline-item-content\"><p>10 Jahre CAD\/CAM Event im Campus Kronberg<\/p><\/div><\/div><\/article><div class=\"timeline-date \"><h3 class=\"time-text step-item-subtitle\">2024<\/h3><\/div><article class=\"timeline-box right\"><div><h4 class=\"timeline-item-title step-item-title\">Portfolio-Erweiterung<\/h4><div class=\"timeline-item-content\"><p>Intraoral-Scanner iTero LuminaTM<br \/>Tizian 6.0 Fr\u00e4smaschine<br \/>Hoch\u00e4sthetische Blanks und leistungsstarke Fr\u00e4ser<\/p><\/div><\/div><\/article><div class=\"timeline-date \"><h3 class=\"time-text step-item-subtitle\">2023<\/h3><\/div><article class=\"timeline-box left\"><div><img decoding=\"async\" src=\"\/\/schuetz-dental.de\/wp-content\/uploads\/2025\/04\/messe-scaled.jpg\" class=\"img-responsive\" alt=\"IDS \u2013 neuer Look, gr\u00f6\u00dfere Standfl\u00e4che, tolle neue Produkte\"><h4 class=\"timeline-item-title step-item-title\">IDS \u2013 neuer Look, gr\u00f6\u00dfere Standfl\u00e4che, tolle neue Produkte<\/h4><div class=\"timeline-item-content\"><p>Tizian 5.5 Fr\u00e4smaschine<br \/>Tizian 3.5 XPro Fr\u00e4smschinen-Serie<br \/>AM100 Laserschmelzmaschine<br \/>ECO-Maxi Polierger\u00e4t<br \/>VIP Labor-Konzept<\/p><\/div><\/div><\/article><div class=\"timeline-date \"><h3 class=\"time-text step-item-subtitle\">2022<\/h3><\/div><article class=\"timeline-box right\"><div><img decoding=\"async\" src=\"\/\/schuetz-dental.de\/wp-content\/uploads\/2025\/04\/messe-scaled.jpg\" class=\"img-responsive\" alt=\"60 Jahre Sch\u00fctz Dental\"><h4 class=\"timeline-item-title step-item-title\">60 Jahre Sch\u00fctz Dental<\/h4><div class=\"timeline-item-content\"><p>NEU: Tizian 2.5 Loader Pro Fr\u00e4smaschine, Medit i700 wireless, FuturaJet universal<\/p><\/div><\/div><\/article><div class=\"timeline-date \"><h3 class=\"time-text step-item-subtitle\">2020\/2021<\/h3><\/div><article class=\"timeline-box left\"><div><img decoding=\"async\" src=\"\/\/schuetz-dental.de\/wp-content\/uploads\/2025\/04\/messe-scaled.jpg\" class=\"img-responsive\" alt=\"Ausbau des Sch\u00fctz Complete Digital Workflows\"><h4 class=\"timeline-item-title step-item-title\">Ausbau des Sch\u00fctz Complete Digital Workflows<\/h4><div class=\"timeline-item-content\"><ul><li>Austausch und Erg\u00e4nzung des Fr\u00e4smaschinen-, Scanner- und Software-Angebotes.<\/li><li>NEU: Tizian Blank NEM fine, Tizian Smart-Scan Plus 3.0, i700 Intraoral-Scanner, Tizian 1.5 Fr\u00e4smaschine, Tizian Function Pro 2.0 Software<\/li><li>Weiterer Ausbau unseres internationalen Referenten-Netzwerkes<\/li><\/ul><\/div><\/div><\/article><div class=\"timeline-date \"><h3 class=\"time-text step-item-subtitle\">2018<\/h3><\/div><article class=\"timeline-box right\"><div><img decoding=\"async\" src=\"\/\/schuetz-dental.de\/wp-content\/uploads\/2025\/04\/messe-scaled.jpg\" class=\"img-responsive\" alt=\"Micerium\"><h4 class=\"timeline-item-title step-item-title\">Micerium<\/h4><div class=\"timeline-item-content\"><ul><li>Merger mit Micerium,<\/li><li>Funktion in der Implantologie,<br \/>Intraoral-Scanner i500 bei Sch\u00fctz Dental,<br \/>Aesthura Abutments &amp; IMPLA Multi Unit Konzept<\/li><\/ul><\/div><\/div><\/article><div class=\"timeline-date \"><h3 class=\"time-text step-item-subtitle\">2016<\/h3><\/div><article class=\"timeline-box left\"><div><img decoding=\"async\" src=\"\/\/schuetz-dental.de\/wp-content\/uploads\/2025\/04\/messe-scaled.jpg\" class=\"img-responsive\" alt=\"Neues\"><h4 class=\"timeline-item-title step-item-title\">Neues<\/h4><div class=\"timeline-item-content\"><ul><li>Taktiler CAD\/CAM Scanner \u2013 Perfekte Teleskopkrone mittels taktiler Scan-Technik, Intraoral-Scanner, Vollautomatischer Hybrid-Scanner Tizian Smart-Scan Plus<\/li><\/ul><\/div><\/div><\/article><div class=\"timeline-date \"><h3 class=\"time-text step-item-subtitle\">2015<\/h3><\/div><article class=\"timeline-box right\"><div><img decoding=\"async\" src=\"\/\/schuetz-dental.de\/wp-content\/uploads\/2025\/04\/messe-scaled.jpg\" class=\"img-responsive\" alt=\"Neues\"><h4 class=\"timeline-item-title step-item-title\">Neues<\/h4><div class=\"timeline-item-content\"><ul><li>Nano-Komposit\u201eNanoPaq\u201c &amp; Bis-GMA freier Befestigungszement Alphalink Cem werden vorgestellt.<\/li><\/ul><\/div><\/div><\/article><div class=\"timeline-date \"><h3 class=\"time-text step-item-subtitle\">2014<\/h3><\/div><article class=\"timeline-box left\"><div><img decoding=\"async\" src=\"\/\/schuetz-dental.de\/wp-content\/uploads\/2025\/04\/messe-scaled.jpg\" class=\"img-responsive\" alt=\"Neues\"><h4 class=\"timeline-item-title step-item-title\">Neues<\/h4><div class=\"timeline-item-content\"><ul><li>Capo Slow Flow &amp; die Tizian Cut 5 smart plus mit automatischem 8-fach Blankwechsler werden vorgestellt.\u00a0<\/li><\/ul><\/div><\/div><\/article><div class=\"timeline-date \"><h3 class=\"time-text step-item-subtitle\">2013<\/h3><\/div><article class=\"timeline-box right\"><div><img decoding=\"async\" src=\"\/\/schuetz-dental.de\/wp-content\/uploads\/2025\/04\/messe-scaled.jpg\" class=\"img-responsive\" alt=\"1. Campus Kronberg\"><h4 class=\"timeline-item-title step-item-title\">1. Campus Kronberg<\/h4><div class=\"timeline-item-content\"><ul><li>1. CAD\/CAM Event im Campus Kronberg &amp; der innovative CAD\/CAM-Werkstoff Tizian Zirkonverst\u00e4rktes Komposit wird vorgestellt.<\/li><\/ul><\/div><\/div><\/article><div class=\"timeline-date \"><h3 class=\"time-text step-item-subtitle\">2012<\/h3><\/div><article class=\"timeline-box left\"><div><img decoding=\"async\" src=\"\/\/schuetz-dental.de\/wp-content\/uploads\/2025\/04\/messe-scaled.jpg\" class=\"img-responsive\" alt=\"Sch\u00fctz Dental wird 50 Jahre alt\"><h4 class=\"timeline-item-title step-item-title\">Sch\u00fctz Dental wird 50 Jahre alt<\/h4><div class=\"timeline-item-content\"><ul><li>50-j\u00e4hriges Firmenjubil\u00e4um &amp;\u00a0das biokompatible Composite Capo Bulk Fill wird international eingef\u00fchrt.<\/li><\/ul><\/div><\/div><\/article><div class=\"timeline-date \"><h3 class=\"time-text step-item-subtitle\">2012<\/h3><\/div><article class=\"timeline-box right\"><div><img decoding=\"async\" src=\"\/\/schuetz-dental.de\/wp-content\/uploads\/2025\/04\/messe-scaled.jpg\" class=\"img-responsive\" alt=\"Complete Digital Workflow\"><h4 class=\"timeline-item-title step-item-title\">Complete Digital Workflow<\/h4><div class=\"timeline-item-content\"><ul><li>Der \"Complete Digital Workflow\" mit der \u00fcbergreifenden Verkn\u00fcpfung von Tizian CAD\/CAM, zebris und IMPLA 3D ist Wirklichkeit.<\/li><\/ul><\/div><\/div><\/article><div class=\"timeline-date \"><h3 class=\"time-text step-item-subtitle\">2009<\/h3><\/div><article class=\"timeline-box left\"><div><img decoding=\"async\" src=\"\/\/schuetz-dental.de\/wp-content\/uploads\/2025\/04\/messe-scaled.jpg\" class=\"img-responsive\" alt=\"zebris\"><h4 class=\"timeline-item-title step-item-title\">zebris<\/h4><div class=\"timeline-item-content\"><ul><li>zebris System - Kiefergelenksvermessung<\/li><\/ul><\/div><\/div><\/article><div class=\"timeline-date \"><h3 class=\"time-text step-item-subtitle\">2007<\/h3><\/div><article class=\"timeline-box right\"><div><img decoding=\"async\" src=\"\/\/schuetz-dental.de\/wp-content\/uploads\/2025\/04\/messe-scaled.jpg\" class=\"img-responsive\" alt=\"Neues\"><h4 class=\"timeline-item-title step-item-title\">Neues<\/h4><div class=\"timeline-item-content\"><ul><li>Tizian CAD\/CAM und das IMPLA 3D Implantat-Navigationssystem kommen auf den Markt<\/li><\/ul><\/div><\/div><\/article><div class=\"timeline-date \"><h3 class=\"time-text step-item-subtitle\">2005<\/h3><\/div><article class=\"timeline-box left\"><div><img decoding=\"async\" src=\"\/\/schuetz-dental.de\/wp-content\/uploads\/2025\/04\/messe-scaled.jpg\" class=\"img-responsive\" alt=\"Neues\"><h4 class=\"timeline-item-title step-item-title\">Neues<\/h4><div class=\"timeline-item-content\"><ul><li>Erfolgreicher Stabwechsel an die n\u00e4chste Generation durch Management-Buy-Out<\/li><\/ul><\/div><\/div><\/article><div class=\"timeline-date \"><h3 class=\"time-text step-item-subtitle\">2002<\/h3><\/div><article class=\"timeline-box right\"><div><img decoding=\"async\" src=\"\/\/schuetz-dental.de\/wp-content\/uploads\/2025\/04\/messe-scaled.jpg\" class=\"img-responsive\" alt=\"Mitarbeiteranzahl steigt\"><h4 class=\"timeline-item-title step-item-title\">Mitarbeiteranzahl steigt<\/h4><div class=\"timeline-item-content\"><ul><li>Sch\u00fctz Dental hat nun ca. 100 Mitarbeiter<\/li><\/ul><\/div><\/div><\/article><div class=\"timeline-date \"><h3 class=\"time-text step-item-subtitle\">1999<\/h3><\/div><article class=\"timeline-box left\"><div><img decoding=\"async\" src=\"\/\/schuetz-dental.de\/wp-content\/uploads\/2025\/04\/messe-scaled.jpg\" class=\"img-responsive\" alt=\"Top 10 deutscher Edelmetall-Lieferanten\"><h4 class=\"timeline-item-title step-item-title\">Top 10 deutscher Edelmetall-Lieferanten<\/h4><div class=\"timeline-item-content\"><ul><li>Unter den Top Ten der deutschen<br \/>Edelmetall-Lieferanten<\/li><\/ul><\/div><\/div><\/article><div class=\"timeline-date \"><h3 class=\"time-text step-item-subtitle\">1995<\/h3><\/div><article class=\"timeline-box right\"><div><img decoding=\"async\" src=\"\/\/schuetz-dental.de\/wp-content\/uploads\/2025\/04\/messe-scaled.jpg\" class=\"img-responsive\" alt=\"Laberproduktion startet\"><h4 class=\"timeline-item-title step-item-title\">Laberproduktion startet<\/h4><div class=\"timeline-item-content\"><ul><li>Bau des ersten Lasers<\/li><\/ul><\/div><\/div><\/article><div class=\"timeline-date \"><h3 class=\"time-text step-item-subtitle\">1993<\/h3><\/div><article class=\"timeline-box left\"><div><img decoding=\"async\" src=\"\/\/schuetz-dental.de\/wp-content\/uploads\/2025\/04\/messe-scaled.jpg\" class=\"img-responsive\" alt=\"Titangussanlage\"><h4 class=\"timeline-item-title step-item-title\">Titangussanlage<\/h4><div class=\"timeline-item-content\"><ul><li>Bau der ersten Titangussanlage<\/li><\/ul><\/div><\/div><\/article><div class=\"timeline-date \"><h3 class=\"time-text step-item-subtitle\">1992<\/h3><\/div><article class=\"timeline-box right\"><div><img decoding=\"async\" src=\"\/\/schuetz-dental.de\/wp-content\/uploads\/2025\/04\/messe-scaled.jpg\" class=\"img-responsive\" alt=\"Mitarbeiteranzahl steigt\"><h4 class=\"timeline-item-title step-item-title\">Mitarbeiteranzahl steigt<\/h4><div class=\"timeline-item-content\"><ul><li>Sch\u00fctz Dental hat nun ca. 80 Mitarbeiter<\/li><\/ul><\/div><\/div><\/article><div class=\"timeline-date \"><h3 class=\"time-text step-item-subtitle\">1990<\/h3><\/div><article class=\"timeline-box left\"><div><img decoding=\"async\" src=\"\/\/schuetz-dental.de\/wp-content\/uploads\/2025\/04\/messe-scaled.jpg\" class=\"img-responsive\" alt=\"\u00dcbernahme der IMPLA GmbH\"><h4 class=\"timeline-item-title step-item-title\">\u00dcbernahme der IMPLA GmbH<\/h4><div class=\"timeline-item-content\"><ul><li>\u00dcbernahme der IMPLA GmbH, alles f\u00fcr die Implantologie<\/li><\/ul><\/div><\/div><\/article><div class=\"timeline-date \"><h3 class=\"time-text step-item-subtitle\">1983<\/h3><\/div><article class=\"timeline-box right\"><div><img decoding=\"async\" src=\"\/\/schuetz-dental.de\/wp-content\/uploads\/2025\/04\/messe-scaled.jpg\" class=\"img-responsive\" alt=\"Neues\"><h4 class=\"timeline-item-title step-item-title\">Neues<\/h4><div class=\"timeline-item-content\"><ul><li>Aufbau der eigenen Herstellungs- und Forschungsfirma<\/li><\/ul><\/div><\/div><\/article><div class=\"timeline-date \"><h3 class=\"time-text step-item-subtitle\">1982<\/h3><\/div><article class=\"timeline-box left\"><div><img decoding=\"async\" src=\"\/\/schuetz-dental.de\/wp-content\/uploads\/2025\/04\/messe-scaled.jpg\" class=\"img-responsive\" alt=\"Mitarbeiter Anzahl steigt\"><h4 class=\"timeline-item-title step-item-title\">Mitarbeiter Anzahl steigt<\/h4><div class=\"timeline-item-content\"><ul><li>Sch\u00fctz hat nun ca. 50 Mitarbeiter<\/li><\/ul><\/div><\/div><\/article><div class=\"timeline-date \"><h3 class=\"time-text step-item-subtitle\">1982<\/h3><\/div><article class=\"timeline-box right\"><div><img decoding=\"async\" src=\"\/\/schuetz-dental.de\/wp-content\/uploads\/2025\/04\/messe-scaled.jpg\" class=\"img-responsive\" alt=\"\u00dcbernahme Weil-Dental GmbH\"><h4 class=\"timeline-item-title step-item-title\">\u00dcbernahme Weil-Dental GmbH<\/h4><div class=\"timeline-item-content\"><ul><li>\u00dcbernahme der Weil-Dental GmbH, Produkte und Materialien f\u00fcr den Zahnarzt<\/li><\/ul><\/div><\/div><\/article><div class=\"timeline-date \"><h3 class=\"time-text step-item-subtitle\">1972<\/h3><\/div><article class=\"timeline-box left\"><div><img decoding=\"async\" src=\"\/\/schuetz-dental.de\/wp-content\/uploads\/2025\/04\/messe-scaled.jpg\" class=\"img-responsive\" alt=\"Mitarbeiteranzahl w\u00e4chst\"><h4 class=\"timeline-item-title step-item-title\">Mitarbeiteranzahl w\u00e4chst<\/h4><div class=\"timeline-item-content\"><ul><li>Sch\u00fctz-Dental hat nun 10 Mitarbeiter<\/li><\/ul><\/div><\/div><\/article><div class=\"timeline-date \"><h3 class=\"time-text step-item-subtitle\">1962<\/h3><\/div><article class=\"timeline-box right\"><div><img decoding=\"async\" src=\"\/\/schuetz-dental.de\/wp-content\/uploads\/2025\/04\/messe-scaled.jpg\" class=\"img-responsive\" alt=\"Firmengr\u00fcndung!\"><h4 class=\"timeline-item-title step-item-title\">Firmengr\u00fcndung!<\/h4><div class=\"timeline-item-content\"><ul><li>Gr\u00fcndung der Sch\u00fctz-Dental GmbH als Spezialisten f\u00fcr zahntechnische Materialien<\/li><\/ul><\/div><\/div><\/article><\/div><\/section>\t\t\t\t<\/div>\n\t\t\t\t<\/div>\n\t\t\t\t\t<\/div>\r\n\t\t\t\t<\/div>\r\n\t\t\t\t\t<\/div>\r\n\t\t\t\t<\/section>\r\n\t\t\t\t<\/div>\n\t\t","protected":false},"excerpt":{"rendered":"<p>History Sch\u00fctz Dental GmbH was founded in 1962. Our many years of experience and strong sense for trends have contributed to our strong position in international markets. In-depth industry knowledge [&hellip;]<\/p>\n","protected":false},"author":1,"featured_media":0,"parent":0,"menu_order":0,"comment_status":"closed","ping_status":"closed","template":"","meta":{"_acf_changed":false,"_price":"","_stock":"","_tribe_ticket_header":"","_tribe_default_ticket_provider":"","_tribe_ticket_capacity":"0","_ticket_start_date":"","_ticket_end_date":"","_tribe_ticket_show_description":"","_tribe_ticket_show_not_going":false,"_tribe_ticket_use_global_stock":"","_tribe_ticket_global_stock_level":"","_global_stock_mode":"","_global_stock_cap":"","_tribe_rsvp_for_event":"","_tribe_ticket_going_count":"","_tribe_ticket_not_going_count":"","_tribe_tickets_list":"[]","_tribe_ticket_has_attendee_info_fields":false,"footnotes":""},"class_list":["post-9965","page","type-page","status-publish","hentry"],"acf":[],"_links":{"self":[{"href":"https:\/\/schuetz-dental.de\/en\/wp-json\/wp\/v2\/pages\/9965","targetHints":{"allow":["GET"]}}],"collection":[{"href":"https:\/\/schuetz-dental.de\/en\/wp-json\/wp\/v2\/pages"}],"about":[{"href":"https:\/\/schuetz-dental.de\/en\/wp-json\/wp\/v2\/types\/page"}],"author":[{"embeddable":true,"href":"https:\/\/schuetz-dental.de\/en\/wp-json\/wp\/v2\/users\/1"}],"replies":[{"embeddable":true,"href":"https:\/\/schuetz-dental.de\/en\/wp-json\/wp\/v2\/comments?post=9965"}],"version-history":[{"count":0,"href":"https:\/\/schuetz-dental.de\/en\/wp-json\/wp\/v2\/pages\/9965\/revisions"}],"wp:attachment":[{"href":"https:\/\/schuetz-dental.de\/en\/wp-json\/wp\/v2\/media?parent=9965"}],"curies":[{"name":"wp","href":"https:\/\/api.w.org\/{rel}","templated":true}]}}