{"id":142301,"date":"2025-10-29T15:40:49","date_gmt":"2025-10-29T14:40:49","guid":{"rendered":"https:\/\/webshop.schuetz-dental.org\/?post_type=product&#038;p=142301"},"modified":"2026-05-12T03:04:02","modified_gmt":"2026-05-12T01:04:02","slug":"aktion-tizian-blank-mt-e-shadeguides","status":"publish","type":"product","link":"https:\/\/schuetz-dental.de\/en\/produkt\/aktion-tizian-blank-mt-e-shadeguides\/","title":{"rendered":"Aktion &#8211; Tizian Blank MT E &#038; Shadeguides"},"content":{"rendered":"<p>Der neue Zirkonblank\u00a0<strong>Tizian Blank MT E<\/strong>\u00a0\u00fcberzeugt dank seines innovativen chromatischen Farbkonzepts mit einem besonders weichen, stufenlosen Farbverlauf. Gleichzeitig erf\u00fcllt das Material alle Anforderungen f\u00fcr physiologisch unbedenkliche Indikationen. Lediglich wenige Individualisierungen sind in der Veredelung notwendig.<\/p>\n<p><strong>Tizian MT E<\/strong>\u00a0vereint die Vorteile von 4Y- und 5Y-Zirkon zu einer herausragenden Materialkombination. Diese Synthese bietet nicht nur eine hohe Stabilit\u00e4t, sondern auch eine beeindruckende Transluzenz von bis zu 49 % im Schneidebereich.<\/p>\n<p>Als Klasse-5-Material gem\u00e4\u00df DIN EN ISO 6872 ist der Blank f\u00fcr s\u00e4mtliche Indikationen geeignet.<\/p>\n<p><strong>Ihre Vorteile:<\/strong><\/p>\n<ul>\n<li>Innovatives chromatisches Farbkonzept<\/li>\n<li>Weicher Farbverlauf, ohne sichtbare Stufen<\/li>\n<li>Wenige Individualisierungen notwendig<\/li>\n<li>besonders schonend f\u00fcr Antagonisten<\/li>\n<li>Transluzenzverlauf von 45 % bis 49 %<\/li>\n<li>Shadeguide &amp; -keile aus Tizian MT E Zirkon<\/li>\n<li>sichere Farbnahme<\/li>\n<\/ul>\n<p><strong>Indikationen:<\/strong><\/p>\n<p>\u2022 Hoch\u00e4sthetische, monolithische, vollanatomische Kronen, Teilkronen und Br\u00fccken bis zu 14 Gliedern<br \/>\n\u2022 Inlays, Onlays, Veneers und Abutments<br \/>\n\u2022 M\u00f6gliche Verarbeitungstechniken: Mal-, Cut-Back- und Verblendtechnik<\/p>\n<p>*Aktion ist g\u00fcltig bis 31. Januar 2026. Nur solange der Vorrat reicht. Abbildungen k\u00f6nnen abweichen. Alle genannten Preise sind unverbindliche, empfohlene Richtpreise. Es sind Nettopreise, die sich zuz\u00fcglich der gesetzlichen Mehrwertsteuer verstehen. \u00c4nderungen der Preise und Lieferbedingungen bzw. die Annahme von Auftr\u00e4gen behalten wir uns vor. Nur eine Bestellung pro Labor\/Praxis m\u00f6glich. Rabatte sind vom Behandler an den Patienten weiterzugeben. Im \u00dcbrigen gelten unsere Allgemeinen Gesch\u00e4ftsbedingungen. Die Aktionen sind nicht mit anderen Aktionen\/Rabatten\/Vereinbarungen kombinierbar.<\/p>\n","protected":false},"excerpt":{"rendered":"<p>Sensationelle Kombination, beeindruckender Preis: <strong data-start=\"60\" data-end=\"118\">Tizian Blank MT E + TIZIAN SHADEGUIDES MT E<\/strong>\u00a0jetzt im Aktions-Bundle!<br data-start=\"143\" data-end=\"146\" \/>Sichere dir Farbsicherheit und Qualit\u00e4t in einem Paket \u2013 <strong data-start=\"203\" data-end=\"239\">zum unschlagbaren Angebotspreis<\/strong> und <strong data-start=\"244\" data-end=\"266\">nur f\u00fcr kurze Zeit<\/strong>.<br data-start=\"267\" data-end=\"270\" \/>Jetzt Variante w\u00e4hlen und profitieren!<\/p>\n","protected":false},"featured_media":143332,"template":"","meta":{"_acf_changed":false,"_price":"","_stock":"","_tribe_ticket_header":"","_tribe_default_ticket_provider":"","_tribe_ticket_capacity":"0","_ticket_start_date":"","_ticket_end_date":"","_tribe_ticket_show_description":"","_tribe_ticket_show_not_going":false,"_tribe_ticket_use_global_stock":"","_tribe_ticket_global_stock_level":"","_global_stock_mode":"","_global_stock_cap":"","_tribe_rsvp_for_event":"","_tribe_ticket_going_count":"","_tribe_ticket_not_going_count":"","_tribe_tickets_list":"[]","_tribe_ticket_has_attendee_info_fields":false,"_tec_slr_enabled":"","_tec_slr_layout":""},"product_brand":[],"product_cat":[4703],"product_tag":[],"class_list":{"0":"post-142301","1":"product","2":"type-product","3":"status-publish","4":"has-post-thumbnail","6":"product_cat-aktionsartikel","8":"first","9":"instock","10":"sold-individually","11":"shipping-taxable","12":"product-type-easy_product_bundle"},"acf":[],"_links":{"self":[{"href":"https:\/\/schuetz-dental.de\/en\/wp-json\/wp\/v2\/product\/142301","targetHints":{"allow":["GET"]}}],"collection":[{"href":"https:\/\/schuetz-dental.de\/en\/wp-json\/wp\/v2\/product"}],"about":[{"href":"https:\/\/schuetz-dental.de\/en\/wp-json\/wp\/v2\/types\/product"}],"wp:featuredmedia":[{"embeddable":true,"href":"https:\/\/schuetz-dental.de\/en\/wp-json\/wp\/v2\/media\/143332"}],"wp:attachment":[{"href":"https:\/\/schuetz-dental.de\/en\/wp-json\/wp\/v2\/media?parent=142301"}],"wp:term":[{"taxonomy":"product_brand","embeddable":true,"href":"https:\/\/schuetz-dental.de\/en\/wp-json\/wp\/v2\/product_brand?post=142301"},{"taxonomy":"product_cat","embeddable":true,"href":"https:\/\/schuetz-dental.de\/en\/wp-json\/wp\/v2\/product_cat?post=142301"},{"taxonomy":"product_tag","embeddable":true,"href":"https:\/\/schuetz-dental.de\/en\/wp-json\/wp\/v2\/product_tag?post=142301"}],"curies":[{"name":"wp","href":"https:\/\/api.w.org\/{rel}","templated":true}]}}