{"id":162599,"date":"2026-04-15T03:00:15","date_gmt":"2026-04-15T01:00:15","guid":{"rendered":"https:\/\/webshop.schuetz-dental.org\/product\/temdent-classic-2\/"},"modified":"2026-04-15T03:01:14","modified_gmt":"2026-04-15T01:01:14","slug":"temdent-classic-2","status":"publish","type":"product","link":"https:\/\/schuetz-dental.de\/en\/produkt\/temdent-classic-2\/","title":{"rendered":"Temdent classic"},"content":{"rendered":"<p>Fertigen Sie tempor\u00e4re Kronen und Br\u00fccken aus unserem Temdent Classic auf <strong>PMMA-Basis<\/strong>. Durch die guten physikalischen Eigenschaften ist es auch <strong>f\u00fcr gro\u00dfspannige Arbeiten geeignet<\/strong>. Temdent Classic ist ein Autopolymerisat mit <strong>nur 0,8 % Restmonomergehalt<\/strong>.\u00a0<\/p>\n<p><strong>Ihre Vorteile:<\/strong><\/p>\n<ul>\n<li>Schnell, einfach und sicher in der Anwendung<\/li>\n<li>Kurze Aush\u00e4rtezeit<\/li>\n<li>Individualisierbar, da die Farben miteinander gemischt werden k\u00f6nnen<\/li>\n<li>Sauberes Entfernen vom pr\u00e4parierten Zahn durch elastische Phase<\/li>\n<li>Hohe Bruchfestigkeit, daher auch f\u00fcr gro\u00dfspannige Arbeiten geeignet<\/li>\n<li>Exakte Farbstabilit\u00e4t\n<\/li>\n<\/ul>\n<p><strong>Physikalische Eigenschaften:<\/strong><\/p>\n<ul>\n<li>E-Modul: 2.300 MPa<\/li>\n<li>Biegefestigkeit: 90 MPa<\/li>\n<li>Vickers-H\u00e4rte: 140 MPa\n<\/li>\n<\/ul>\n<p><strong>Inhalt:<\/strong><\/p>\n<ul>\n<li>100 g Temdent Pulver hell oder dunkel<\/li>\n<\/ul>\n<p>\u00a0<\/p>\n","protected":false},"excerpt":{"rendered":"<p>Nachf\u00fcllpackung Pulver f\u00fcr Ihr Temdent Classic Set, mit dem Sie provisorische Kronen und Br\u00fccken fertigen.<\/p>\n","protected":false},"featured_media":0,"template":"","meta":{"_acf_changed":false,"_price":"39.1","_stock":"","_tribe_ticket_header":"","_tribe_default_ticket_provider":"","_tribe_ticket_capacity":"","_ticket_start_date":"","_ticket_end_date":"","_tribe_ticket_show_description":"","_tribe_ticket_show_not_going":false,"_tribe_ticket_use_global_stock":"","_tribe_ticket_global_stock_level":"","_global_stock_mode":"","_global_stock_cap":"","_tribe_rsvp_for_event":"","_tribe_ticket_going_count":"","_tribe_ticket_not_going_count":"","_tribe_tickets_list":"[]","_tribe_ticket_has_attendee_info_fields":false,"_tec_slr_enabled":"","_tec_slr_layout":""},"product_brand":[],"product_cat":[4518],"product_tag":[],"class_list":{"0":"post-162599","1":"product","2":"type-product","3":"status-publish","5":"product_cat-kb-material","7":"first","8":"instock","9":"product-type-variable"},"acf":[],"_links":{"self":[{"href":"https:\/\/schuetz-dental.de\/en\/wp-json\/wp\/v2\/product\/162599","targetHints":{"allow":["GET"]}}],"collection":[{"href":"https:\/\/schuetz-dental.de\/en\/wp-json\/wp\/v2\/product"}],"about":[{"href":"https:\/\/schuetz-dental.de\/en\/wp-json\/wp\/v2\/types\/product"}],"wp:attachment":[{"href":"https:\/\/schuetz-dental.de\/en\/wp-json\/wp\/v2\/media?parent=162599"}],"wp:term":[{"taxonomy":"product_brand","embeddable":true,"href":"https:\/\/schuetz-dental.de\/en\/wp-json\/wp\/v2\/product_brand?post=162599"},{"taxonomy":"product_cat","embeddable":true,"href":"https:\/\/schuetz-dental.de\/en\/wp-json\/wp\/v2\/product_cat?post=162599"},{"taxonomy":"product_tag","embeddable":true,"href":"https:\/\/schuetz-dental.de\/en\/wp-json\/wp\/v2\/product_tag?post=162599"}],"curies":[{"name":"wp","href":"https:\/\/api.w.org\/{rel}","templated":true}]}}