{"id":162602,"date":"2026-04-15T03:00:16","date_gmt":"2026-04-15T01:00:16","guid":{"rendered":"https:\/\/webshop.schuetz-dental.org\/product\/tizian-blank-wax-white-98-x-10-mm\/"},"modified":"2026-04-15T03:01:14","modified_gmt":"2026-04-15T01:01:14","slug":"tizian-blank-wax-white-98-x-10-mm","status":"publish","type":"product","link":"https:\/\/schuetz-dental.de\/en\/produkt\/tizian-blank-wax-white-98-x-10-mm\/","title":{"rendered":"Tizian Blank Wax white 98 x 10 mm"},"content":{"rendered":"<p>Mit diesem CAD\/CAM Blank fr\u00e4sen Sie Ihre Wachsanproben und Ger\u00fcste f\u00fcr die Gusstechnik. Der Rohling ist in verschiedenen Farben und H\u00f6hen erh\u00e4ltlich. Die Blanks zeichnen sich durch eine sehr gute Passung der anschlie\u00dfenden Arbeit aus.<\/p>\n<p><strong>Indikationen:<\/strong>\u00a0Ausbrennbar f\u00fcr die Gusstechnik, Anprobe.<\/p>\n","protected":false},"excerpt":{"rendered":"<p>Mit diesem CAD\/CAM Blank fr\u00e4sen Sie Ihre Wachsanproben und Ger\u00fcste f\u00fcr die Gusstechnik. Der Rohling ist in verschiedenen Farben und H\u00f6hen erh\u00e4ltlich.<\/p>\n","protected":false},"featured_media":404787,"template":"","meta":{"_acf_changed":false,"_price":"22","_stock":"","_tribe_ticket_header":"","_tribe_default_ticket_provider":"","_tribe_ticket_capacity":"","_ticket_start_date":"","_ticket_end_date":"","_tribe_ticket_show_description":"","_tribe_ticket_show_not_going":false,"_tribe_ticket_use_global_stock":"","_tribe_ticket_global_stock_level":"","_global_stock_mode":"","_global_stock_cap":"","_tribe_rsvp_for_event":"","_tribe_ticket_going_count":"","_tribe_ticket_not_going_count":"","_tribe_tickets_list":"[]","_tribe_ticket_has_attendee_info_fields":false,"_tec_slr_enabled":"","_tec_slr_layout":""},"product_brand":[],"product_cat":[4521],"product_tag":[],"class_list":{"0":"post-162602","1":"product","2":"type-product","3":"status-publish","4":"has-post-thumbnail","6":"product_cat-blanks","8":"first","9":"instock","10":"product-type-variable"},"acf":[],"_links":{"self":[{"href":"https:\/\/schuetz-dental.de\/en\/wp-json\/wp\/v2\/product\/162602","targetHints":{"allow":["GET"]}}],"collection":[{"href":"https:\/\/schuetz-dental.de\/en\/wp-json\/wp\/v2\/product"}],"about":[{"href":"https:\/\/schuetz-dental.de\/en\/wp-json\/wp\/v2\/types\/product"}],"wp:featuredmedia":[{"embeddable":true,"href":"https:\/\/schuetz-dental.de\/en\/wp-json\/wp\/v2\/media\/404787"}],"wp:attachment":[{"href":"https:\/\/schuetz-dental.de\/en\/wp-json\/wp\/v2\/media?parent=162602"}],"wp:term":[{"taxonomy":"product_brand","embeddable":true,"href":"https:\/\/schuetz-dental.de\/en\/wp-json\/wp\/v2\/product_brand?post=162602"},{"taxonomy":"product_cat","embeddable":true,"href":"https:\/\/schuetz-dental.de\/en\/wp-json\/wp\/v2\/product_cat?post=162602"},{"taxonomy":"product_tag","embeddable":true,"href":"https:\/\/schuetz-dental.de\/en\/wp-json\/wp\/v2\/product_tag?post=162602"}],"curies":[{"name":"wp","href":"https:\/\/api.w.org\/{rel}","templated":true}]}}