{"id":162624,"date":"2026-05-12T03:00:28","date_gmt":"2026-05-12T01:00:28","guid":{"rendered":"https:\/\/webshop.schuetz-dental.org\/product\/tizian-blank-pmma-98-x-20-mm\/"},"modified":"2026-05-12T03:01:19","modified_gmt":"2026-05-12T01:01:19","slug":"tizian-blank-pmma-98-x-20-mm","status":"publish","type":"product","link":"https:\/\/schuetz-dental.de\/en\/produkt\/tizian-blank-pmma-98-x-20-mm\/","title":{"rendered":"Tizian Blank PMMA 98 x 20 mm"},"content":{"rendered":"<p>Die zahnfarbenen Tizian Blanks PMMA dienen zur Herstellung von <strong>Kronen und Br\u00fccken<\/strong> als <strong>Langzeitprovisorien<\/strong>. Sie zeichnen sich durch <strong>hervorragende physikalische Eigenschaften<\/strong> aus.<\/p>\n<p>Alle Tizian Blanks PMMA k\u00f6nnen sowohl unverblendet, als auch verblendet verwendet werden. Weiterhin bieten sie die M\u00f6glichkeit sich von Passung und Funktionalit\u00e4t der Arbeiten auf dem Gipsmodell zu \u00fcberzeugen.<\/p>\n<p class=\"\"MsoNormal\"\"><strong>Indikationen:<\/strong>\u00a0Langzeitprovisorien (bis 6 Monate), geeignet zur Verblendung mit Komposit.<\/p>\n","protected":false},"excerpt":{"rendered":"<p>Kunststoff-Blanks, aus denen Sie Langzeitprovisorien und Mock-Ups fr\u00e4sen.<\/p>\n","protected":false},"featured_media":446200,"template":"","meta":{"_acf_changed":false,"_price":"92.8","_stock":"","_tribe_ticket_header":"","_tribe_default_ticket_provider":"","_tribe_ticket_capacity":"","_ticket_start_date":"","_ticket_end_date":"","_tribe_ticket_show_description":"","_tribe_ticket_show_not_going":false,"_tribe_ticket_use_global_stock":"","_tribe_ticket_global_stock_level":"","_global_stock_mode":"","_global_stock_cap":"","_tribe_rsvp_for_event":"","_tribe_ticket_going_count":"","_tribe_ticket_not_going_count":"","_tribe_tickets_list":"[]","_tribe_ticket_has_attendee_info_fields":false,"_tec_slr_enabled":"","_tec_slr_layout":""},"product_brand":[],"product_cat":[4521],"product_tag":[],"class_list":{"0":"post-162624","1":"product","2":"type-product","3":"status-publish","4":"has-post-thumbnail","6":"product_cat-blanks","8":"first","9":"instock","10":"product-type-variable"},"acf":[],"_links":{"self":[{"href":"https:\/\/schuetz-dental.de\/en\/wp-json\/wp\/v2\/product\/162624","targetHints":{"allow":["GET"]}}],"collection":[{"href":"https:\/\/schuetz-dental.de\/en\/wp-json\/wp\/v2\/product"}],"about":[{"href":"https:\/\/schuetz-dental.de\/en\/wp-json\/wp\/v2\/types\/product"}],"wp:featuredmedia":[{"embeddable":true,"href":"https:\/\/schuetz-dental.de\/en\/wp-json\/wp\/v2\/media\/446200"}],"wp:attachment":[{"href":"https:\/\/schuetz-dental.de\/en\/wp-json\/wp\/v2\/media?parent=162624"}],"wp:term":[{"taxonomy":"product_brand","embeddable":true,"href":"https:\/\/schuetz-dental.de\/en\/wp-json\/wp\/v2\/product_brand?post=162624"},{"taxonomy":"product_cat","embeddable":true,"href":"https:\/\/schuetz-dental.de\/en\/wp-json\/wp\/v2\/product_cat?post=162624"},{"taxonomy":"product_tag","embeddable":true,"href":"https:\/\/schuetz-dental.de\/en\/wp-json\/wp\/v2\/product_tag?post=162624"}],"curies":[{"name":"wp","href":"https:\/\/api.w.org\/{rel}","templated":true}]}}