{"id":162633,"date":"2026-04-14T03:00:24","date_gmt":"2026-04-14T01:00:24","guid":{"rendered":"https:\/\/webshop.schuetz-dental.org\/product\/tizian-blank-pmma-98-x-15-mm\/"},"modified":"2026-04-14T03:00:29","modified_gmt":"2026-04-14T01:00:29","slug":"tizian-blank-pmma-98-x-15-mm","status":"publish","type":"product","link":"https:\/\/schuetz-dental.de\/en\/produkt\/tizian-blank-pmma-98-x-15-mm\/","title":{"rendered":"Tizian Blank PMMA 98 x 15 mm"},"content":{"rendered":"<p>Transparentes PMMA mit auf den nat\u00fcrlichen Zahn <strong>abgestimmten physikalischen Eigenschaften<\/strong> und somit <strong>schonend<\/strong> f\u00fcr die <strong>Antagonisten<\/strong>.<\/p>\n<p>Die Tizian Blanks PMMA transparent sind <strong>r\u00fcckstandsfrei verbrennbar<\/strong> und dienen zur Herstellung verlorener Formen f\u00fcr die Gusstechnik, sowie zur Herstellung von Funktionsschienen und Bohrschablonen.<\/p>\n<p>Alle Tizian Blanks PMMA k\u00f6nnen sowohl unverblendet, als auch verblendet verwendet werden. Des Weiteren bieten sie die M\u00f6glichkeit sich von Passung und Funktionalit\u00e4t der Arbeiten auf dem Gipsmodell zu \u00fcberzeugen.<\/p>\n<p><strong>Indikationen:\u00a0<\/strong>Therapeutische Schienen, Reflexschienen, ausbrennbar f\u00fcr die Gusstechnik, sehr formstabil und daher ideal f\u00fcr Vorabanproben.<\/p>\n","protected":false},"excerpt":{"rendered":"<p>Transparente Kunststoffblanks, die sich durch Ihre hervorragenden physikalischen Eigenschaften auszeichnen.<\/p>\n","protected":false},"featured_media":401998,"template":"","meta":{"_acf_changed":false,"_price":"71.2","_stock":"0.000000","_tribe_ticket_header":"","_tribe_default_ticket_provider":"","_tribe_ticket_capacity":"","_ticket_start_date":"","_ticket_end_date":"","_tribe_ticket_show_description":"","_tribe_ticket_show_not_going":false,"_tribe_ticket_use_global_stock":"","_tribe_ticket_global_stock_level":"","_global_stock_mode":"","_global_stock_cap":"","_tribe_rsvp_for_event":"","_tribe_ticket_going_count":"","_tribe_ticket_not_going_count":"","_tribe_tickets_list":"[]","_tribe_ticket_has_attendee_info_fields":false,"_tec_slr_enabled":"","_tec_slr_layout":""},"product_brand":[],"product_cat":[4521],"product_tag":[2157,2167,2159,2154,2155,2153,2156,2160,2158,2170,2150,2162,2168,2161,2149,2169,2163,2151,2152,2165,2166,2164],"class_list":{"0":"post-162633","1":"product","2":"type-product","3":"status-publish","4":"has-post-thumbnail","6":"product_cat-blanks","7":"product_tag-aesthetik","8":"product_tag-aufbissschienen","9":"product_tag-bruecke","10":"product_tag-cad-cam","11":"product_tag-cam","12":"product_tag-disk","13":"product_tag-fraesronde","14":"product_tag-inlay","15":"product_tag-krone","16":"product_tag-kunststoff","17":"product_tag-kunststoffblanks","18":"product_tag-marylandbruecke","19":"product_tag-mischiganschiene","20":"product_tag-onlay","21":"product_tag-pmma","22":"product_tag-prothesenbasis","23":"product_tag-provisorium","24":"product_tag-ronde","25":"product_tag-scheibe","26":"product_tag-schiene","27":"product_tag-schnarcherschienen","28":"product_tag-temporaere-versorgung","30":"first","31":"instock","32":"product-type-simple"},"acf":[],"_links":{"self":[{"href":"https:\/\/schuetz-dental.de\/en\/wp-json\/wp\/v2\/product\/162633","targetHints":{"allow":["GET"]}}],"collection":[{"href":"https:\/\/schuetz-dental.de\/en\/wp-json\/wp\/v2\/product"}],"about":[{"href":"https:\/\/schuetz-dental.de\/en\/wp-json\/wp\/v2\/types\/product"}],"wp:featuredmedia":[{"embeddable":true,"href":"https:\/\/schuetz-dental.de\/en\/wp-json\/wp\/v2\/media\/401998"}],"wp:attachment":[{"href":"https:\/\/schuetz-dental.de\/en\/wp-json\/wp\/v2\/media?parent=162633"}],"wp:term":[{"taxonomy":"product_brand","embeddable":true,"href":"https:\/\/schuetz-dental.de\/en\/wp-json\/wp\/v2\/product_brand?post=162633"},{"taxonomy":"product_cat","embeddable":true,"href":"https:\/\/schuetz-dental.de\/en\/wp-json\/wp\/v2\/product_cat?post=162633"},{"taxonomy":"product_tag","embeddable":true,"href":"https:\/\/schuetz-dental.de\/en\/wp-json\/wp\/v2\/product_tag?post=162633"}],"curies":[{"name":"wp","href":"https:\/\/api.w.org\/{rel}","templated":true}]}}