{"id":162656,"date":"2026-04-14T03:00:32","date_gmt":"2026-04-14T01:00:32","guid":{"rendered":"https:\/\/webshop.schuetz-dental.org\/product\/tizian-blank-nem-98-x-10-mm\/"},"modified":"2026-04-14T03:01:14","modified_gmt":"2026-04-14T01:01:14","slug":"tizian-blank-nem-98-x-10-mm","status":"publish","type":"product","link":"https:\/\/schuetz-dental.de\/en\/produkt\/tizian-blank-nem-98-x-10-mm\/","title":{"rendered":"Tizian Blank NEM 98 x 10 mm"},"content":{"rendered":"<p>Bei den Tizian Blank NEM handelt es sich um eine biokompatible NEM-Fr\u00e4slegierung auf CoCr-Basis. Sie enth\u00e4lt kein Nickel oder Beryllium.<\/p>\n<p>Stellen Sie Ihre Kronen und Br\u00fccken mit Tizian Blanks NEM her. Extra daf\u00fcr geeignete Haftoxidbildner sorgen f\u00fcr einen optimalen Metall-Keramikverbund. Durch eine Vickersh\u00e4rte von 320 HV10 l\u00e4sst sich dieses CoCr-Material hervorragend fr\u00e4sen und auch polieren.<\/p>\n<p><strong>Indikationen:<\/strong><\/p>\n<ul>\n<li>Kronen und Br\u00fccken, keramisch verblendbar<\/li>\n<li>Inlays und Onlays<\/li>\n<li>Abutments<\/li>\n<li>Sonderanfertigungen wie z. B. Freiendbr\u00fccken oder Geschiebeteile liegen im Verantwortungsbereich des Zahnarztes (Stabilit\u00e4tsbewertung)<\/li>\n<\/ul>\n<p><strong>Ihre Vorteile:<\/strong><\/p>\n<ul>\n<li>Homogene Qualit\u00e4t<\/li>\n<li>Hohe Oberfl\u00e4cheng\u00fcte<\/li>\n<li>Ideale Vickersh\u00e4rte (275 HV10)<\/li>\n<li>Frei von Molybd\u00e4n f\u00fcr geschmeidigen Lauf von Teleskopkronen<\/li>\n<li>Sauberer Spanabtrag in der Verarbeitung f\u00fcr lange Lebensdauer der Fr\u00e4se&#8230;<br \/>\n","protected":false},"excerpt":{"rendered":"<p>Die CoCr-Ronde, aus der Sie Kronen, Br\u00fccken und Stege fr\u00e4sen. Hier erfahren Sie mehr zur keramischen Verblendbarkeit und weiteren Indikationsbereichen.<\/p>\n","protected":false},"featured_media":402010,"template":"","meta":{"_acf_changed":false,"_price":"173","_stock":"","_tribe_ticket_header":"","_tribe_default_ticket_provider":"","_tribe_ticket_capacity":"","_ticket_start_date":"","_ticket_end_date":"","_tribe_ticket_show_description":"","_tribe_ticket_show_not_going":false,"_tribe_ticket_use_global_stock":"","_tribe_ticket_global_stock_level":"","_global_stock_mode":"","_global_stock_cap":"","_tribe_rsvp_for_event":"","_tribe_ticket_going_count":"","_tribe_ticket_not_going_count":"","_tribe_tickets_list":"[]","_tribe_ticket_has_attendee_info_fields":false,"_tec_slr_enabled":"","_tec_slr_layout":""},"product_brand":[],"product_cat":[4521],"product_tag":[],"class_list":{"0":"post-162656","1":"product","2":"type-product","3":"status-publish","4":"has-post-thumbnail","6":"product_cat-blanks","8":"first","9":"instock","10":"product-type-variable"},"acf":[],"_links":{"self":[{"href":"https:\/\/schuetz-dental.de\/en\/wp-json\/wp\/v2\/product\/162656","targetHints":{"allow":["GET"]}}],"collection":[{"href":"https:\/\/schuetz-dental.de\/en\/wp-json\/wp\/v2\/product"}],"about":[{"href":"https:\/\/schuetz-dental.de\/en\/wp-json\/wp\/v2\/types\/product"}],"wp:featuredmedia":[{"embeddable":true,"href":"https:\/\/schuetz-dental.de\/en\/wp-json\/wp\/v2\/media\/402010"}],"wp:attachment":[{"href":"https:\/\/schuetz-dental.de\/en\/wp-json\/wp\/v2\/media?parent=162656"}],"wp:term":[{"taxonomy":"product_brand","embeddable":true,"href":"https:\/\/schuetz-dental.de\/en\/wp-json\/wp\/v2\/product_brand?post=162656"},{"taxonomy":"product_cat","embeddable":true,"href":"https:\/\/schuetz-dental.de\/en\/wp-json\/wp\/v2\/product_cat?post=162656"},{"taxonomy":"product_tag","embeddable":true,"href":"https:\/\/schuetz-dental.de\/en\/wp-json\/wp\/v2\/product_tag?post=162656"}],"curies":[{"name":"wp","href":"https:\/\/api.w.org\/{rel}","templated":true}]}}