{"id":162719,"date":"2026-04-14T03:00:56","date_gmt":"2026-04-14T01:00:56","guid":{"rendered":"https:\/\/webshop.schuetz-dental.org\/product\/tizian-blank-color-low-98-x-10-mm\/"},"modified":"2026-04-14T03:01:14","modified_gmt":"2026-04-14T01:01:14","slug":"tizian-blank-color-low-98-x-10-mm","status":"publish","type":"product","link":"https:\/\/schuetz-dental.de\/en\/produkt\/tizian-blank-color-low-98-x-10-mm\/","title":{"rendered":"Tizian Blank Color low 98 x 10 mm"},"content":{"rendered":"<p>Die bereits voreingef\u00e4rbten Zirkonoxidblanks schonen durch ein sauberes Sintern ohne zus\u00e4tzliche Einf\u00e4rbefl\u00fcssigkeit<br \/>Ihren Sinterofen und sparen Zeit.<\/p>\n<p><strong>Indikationen:<\/strong>\u00a0Br\u00fccken (bis 16 Glieder), Kronen, keramisch verblendbar (WAK 10,1&#215;10<sup>-6<\/sup>K<sup>-1<\/sup>), Marylandbr\u00fccken u.v.m.<\/p>\n","protected":false},"excerpt":{"rendered":"<p>Der voreingef\u00e4rbte Zirkonoxidblank spart Ihnen Zeit und Geld. Erfahren Sie hier auch noch, weshalb diese Blanks Ihrem Sinterofen so gut tun.<\/p>\n","protected":false},"featured_media":402025,"template":"","meta":{"_acf_changed":false,"_price":"136.2","_stock":"","_tribe_ticket_header":"","_tribe_default_ticket_provider":"","_tribe_ticket_capacity":"","_ticket_start_date":"","_ticket_end_date":"","_tribe_ticket_show_description":"","_tribe_ticket_show_not_going":false,"_tribe_ticket_use_global_stock":"","_tribe_ticket_global_stock_level":"","_global_stock_mode":"","_global_stock_cap":"","_tribe_rsvp_for_event":"","_tribe_ticket_going_count":"","_tribe_ticket_not_going_count":"","_tribe_tickets_list":"[]","_tribe_ticket_has_attendee_info_fields":false,"_tec_slr_enabled":"","_tec_slr_layout":""},"product_brand":[],"product_cat":[4521],"product_tag":[],"class_list":{"0":"post-162719","1":"product","2":"type-product","3":"status-publish","4":"has-post-thumbnail","6":"product_cat-blanks","8":"first","9":"instock","10":"product-type-variable"},"acf":[],"_links":{"self":[{"href":"https:\/\/schuetz-dental.de\/en\/wp-json\/wp\/v2\/product\/162719","targetHints":{"allow":["GET"]}}],"collection":[{"href":"https:\/\/schuetz-dental.de\/en\/wp-json\/wp\/v2\/product"}],"about":[{"href":"https:\/\/schuetz-dental.de\/en\/wp-json\/wp\/v2\/types\/product"}],"wp:featuredmedia":[{"embeddable":true,"href":"https:\/\/schuetz-dental.de\/en\/wp-json\/wp\/v2\/media\/402025"}],"wp:attachment":[{"href":"https:\/\/schuetz-dental.de\/en\/wp-json\/wp\/v2\/media?parent=162719"}],"wp:term":[{"taxonomy":"product_brand","embeddable":true,"href":"https:\/\/schuetz-dental.de\/en\/wp-json\/wp\/v2\/product_brand?post=162719"},{"taxonomy":"product_cat","embeddable":true,"href":"https:\/\/schuetz-dental.de\/en\/wp-json\/wp\/v2\/product_cat?post=162719"},{"taxonomy":"product_tag","embeddable":true,"href":"https:\/\/schuetz-dental.de\/en\/wp-json\/wp\/v2\/product_tag?post=162719"}],"curies":[{"name":"wp","href":"https:\/\/api.w.org\/{rel}","templated":true}]}}