{"id":162748,"date":"2026-04-14T03:01:06","date_gmt":"2026-04-14T01:01:06","guid":{"rendered":"https:\/\/webshop.schuetz-dental.org\/product\/pritimultidisc-zro2-opaque-98x-14\/"},"modified":"2026-04-14T03:03:01","modified_gmt":"2026-04-14T01:03:01","slug":"pritimultidisc-zro2-opaque-98x-14","status":"publish","type":"product","link":"https:\/\/schuetz-dental.de\/en\/produkt\/pritimultidisc-zro2-opaque-98x-14\/","title":{"rendered":"priti\u00aemultidisc ZrO2 Opaque, 98x 14"},"content":{"rendered":"<p><strong>Mit einer Transluzenz von 35 %.<\/strong><\/p>\n<p><strong>Indikationen:<\/strong><\/p>\n<ul>\n<li>Sehr \u00e4sthetische monolithische, vollanatomische Kronen, Teilkronen und Br\u00fccken bis zu 16\u00a0Gliedern,\u00a0Suprakonstruktionen<\/li>\n<li>Zu empfehlen zum Abdecken von verf\u00e4rbten St\u00fcmpfen oder Metallkonstruktionen<\/li>\n<\/ul>\n<p>\u00a0<br \/><strong>Vorteile von monochrom eingef\u00e4rbten Ronden<\/strong><\/p>\n<p>Warum voreingef\u00e4rbtes Material? Dank der durchg\u00e4ngigen, homogenen Einf\u00e4rbung des Materials entfallen Arbeitsschritte wie Eintauchen, Bemalen und Trocknen. Das spart nicht nur Zeit und Aufwand, sondern hilft zudem, m\u00f6gliche manuelle Fehler im Einf\u00e4rbeprozess zu vermeiden. Sie k\u00f6nnen dadurch kosteng\u00fcnstiger produzieren und Ihre Kunden freuen sich \u00fcber eine stets gleichbleibende und reproduzierbare Farbqualit\u00e4t. Dank der vollst\u00e4ndigen Durchf\u00e4rbung des Materials entstehen au\u00dferdem bei Nachbearbeitung oder Einschleifen keine hellen Stellen, die das Ergebnis optisch beeintr\u00e4chtigen.<\/p>\n<p>Industriell voreingef\u00e4rbte Zirkonronden sind reproduzierbar. Voreingef\u00e4rbtes Material schont zudem Ihren\u00a0<a title=\"\"Sinterofen\"\" href=\"\"https:\/\/www.schuetz-dental.de\/de\/zahntechnik\/cadcam\/sinteroefen\/\"\" target=\"\"_blank\"\">Sinterofen<\/a>\u00a0und sch\u00fctzt vor Beeintr\u00e4chtigung des Materials. Bei s\u00e4urebasierten Einf\u00e4rbefl\u00fcssigkeiten kann es aufgrund ihrer Ausd\u00fcnstungen w\u00e4hrend des Sinterprozesses zu Ablagerungen und Kontamination der Brennelemente des Sinterofens f\u00fchren. Dadurch k\u00f6nnen unerw\u00fcnschte Farbver\u00e4nderungen und\/oder Transluzenz-Einbu\u00dfen auftreten. Industriell voreingef\u00e4rbtes Zirkoniumdioxid sorgt f\u00fcr farblich konstante Ergebnisse.<\/p>\n<p><strong>Geeignet f\u00fcr:<\/strong><\/p>\n<ul>\n<li>offene Fr\u00e4smaschinen mit Aufnahme f\u00fcr Rondendurchmesser 98,5 mm\n<\/li>\n<\/ul>\n<p><strong>Material:<\/strong><\/p>\n<ul>\n<li>Zirkoniumdioxid Typ II, Klasse 5 nach DIN EN ISO 6872<\/li>\n<li>Hohe Festigkeit von &#038;gt, 1.150 MPa Biegefestigkeit<\/li>\n<li>Hohe Transluzenz von 35 %,\u00a0<\/li>\n<li>Gute Alterungsbest\u00e4ndigkeit<\/li>\n<li>D\u00fcnne Wandst\u00e4rken im Frontzahnbereich 0,4 mm und Seitenzahnbereich 0,6 mm bei Einzelkronen<\/li>\n<li>Biokompatibel<\/li>\n<\/ul>\n","protected":false},"excerpt":{"rendered":"<p>35 % Transluzenz \u2013 Brillante Ergebnisse mit der n\u00e4chsten Generation Zirkoniumdioxid.<\/p>\n","protected":false},"featured_media":402036,"template":"","meta":{"_acf_changed":false,"_price":"119.9","_stock":"","_tribe_ticket_header":"","_tribe_default_ticket_provider":"","_tribe_ticket_capacity":"","_ticket_start_date":"","_ticket_end_date":"","_tribe_ticket_show_description":"","_tribe_ticket_show_not_going":false,"_tribe_ticket_use_global_stock":"","_tribe_ticket_global_stock_level":"","_global_stock_mode":"","_global_stock_cap":"","_tribe_rsvp_for_event":"","_tribe_ticket_going_count":"","_tribe_ticket_not_going_count":"","_tribe_tickets_list":"[]","_tribe_ticket_has_attendee_info_fields":false,"_tec_slr_enabled":"","_tec_slr_layout":""},"product_brand":[],"product_cat":[4521],"product_tag":[2181,2157,2182,2184,2154,2155,2153,2156,2185,2183,2162,2186,2190,2189,2187,2151,2152,2188,2175,2180,2179,2176,2178,2177],"class_list":{"0":"post-162748","1":"product","2":"type-product","3":"status-publish","4":"has-post-thumbnail","6":"product_cat-blanks","7":"product_tag-98mm","8":"product_tag-aesthetik","9":"product_tag-blank","10":"product_tag-bruecken","11":"product_tag-cad-cam","12":"product_tag-cam","13":"product_tag-disk","14":"product_tag-fraesronde","15":"product_tag-inlays","16":"product_tag-kronen","17":"product_tag-marylandbruecke","18":"product_tag-onlays","19":"product_tag-pre-shaded","20":"product_tag-precolored","21":"product_tag-pritidenta","22":"product_tag-ronde","23":"product_tag-scheibe","24":"product_tag-veneers","25":"product_tag-zirkon","26":"product_tag-zirkonblank","27":"product_tag-zirkondioxid","28":"product_tag-zirkondioxyd","29":"product_tag-zirkonoxid","30":"product_tag-zirkonoxyd","32":"first","33":"instock","34":"product-type-variable"},"acf":[],"_links":{"self":[{"href":"https:\/\/schuetz-dental.de\/en\/wp-json\/wp\/v2\/product\/162748","targetHints":{"allow":["GET"]}}],"collection":[{"href":"https:\/\/schuetz-dental.de\/en\/wp-json\/wp\/v2\/product"}],"about":[{"href":"https:\/\/schuetz-dental.de\/en\/wp-json\/wp\/v2\/types\/product"}],"wp:featuredmedia":[{"embeddable":true,"href":"https:\/\/schuetz-dental.de\/en\/wp-json\/wp\/v2\/media\/402036"}],"wp:attachment":[{"href":"https:\/\/schuetz-dental.de\/en\/wp-json\/wp\/v2\/media?parent=162748"}],"wp:term":[{"taxonomy":"product_brand","embeddable":true,"href":"https:\/\/schuetz-dental.de\/en\/wp-json\/wp\/v2\/product_brand?post=162748"},{"taxonomy":"product_cat","embeddable":true,"href":"https:\/\/schuetz-dental.de\/en\/wp-json\/wp\/v2\/product_cat?post=162748"},{"taxonomy":"product_tag","embeddable":true,"href":"https:\/\/schuetz-dental.de\/en\/wp-json\/wp\/v2\/product_tag?post=162748"}],"curies":[{"name":"wp","href":"https:\/\/api.w.org\/{rel}","templated":true}]}}