{"id":162905,"date":"2026-04-14T03:04:01","date_gmt":"2026-04-14T01:04:01","guid":{"rendered":"https:\/\/webshop.schuetz-dental.org\/product\/pritimultidisc-zro2-multi-translucent-98-x-16-mm\/"},"modified":"2026-04-14T03:05:01","modified_gmt":"2026-04-14T01:05:01","slug":"pritimultidisc-zro2-multi-translucent-98-x-16-mm","status":"publish","type":"product","link":"https:\/\/schuetz-dental.de\/en\/produkt\/pritimultidisc-zro2-multi-translucent-98-x-16-mm\/","title":{"rendered":"priti\u00aemultidisc ZrO2 Multi Translucent 98 x 16 mm"},"content":{"rendered":"<p><strong>\u00c4sthetik &#038;amp, Langlebigkeit vereint zu einem echten Multi-Talent.<br \/><\/strong><strong>Sch\u00f6n, wenn Stabilit\u00e4t und Nat\u00fcrlichkeit zu einem perfekten Ergebnis verschmelzen.<\/strong><\/p>\n<p>Unser neues Multi-Talent unterst\u00fctzt Sie ideal auf Ihrem individuellen Weg zu hoch\u00e4sthetischem und langlebigem Zahnersatz. Dem Trend folgend, ein Rohling der im Schmelz und im K\u00f6rper die positiven Eigenschaften der bereits etablierten<br \/>Zirkonoxidqualit\u00e4ten 3Y-TZP und dem hochtransluzenten 5Y-TZP vereint.<\/p>\n<p>Stellen Sie sich vor, man mischt 2 verschiedene Materialklassen &#8230;<\/p>\n<p>Entstehen k\u00f6nnte eine einzigartige Rohstoffkombination von hochfestem und von hochtransluzentem ZrO<sub>2<\/sub>. Wir haben es einfach gemacht! In Verbindung mit unserer neuen innovativen TILLY Philosophie ist dabei ein Multi-Talent herausgekommen, das eine v\u00f6llig neue Generation definiert!<\/p>\n<p>Mit priti\u00aemultidisc ZrO<sub>2<\/sub> Multi Translucent fertigen Sie individuelle Restaurationen f\u00fcr den Front- und Seitenzahn-Bereich auf nat\u00fcrlichen Zahnpfeilern und Implantaten.<br \/>Die Besonderheit: gradueller Farb- und Transluzenz-Verlauf bei gleichzeitig hoher Biegefestigkeit. Damit empfiehlt sich priti\u00aemultidisc ZrO<sub>2<\/sub> Multi Translucent vorbehaltlos und flexibel f\u00fcr ein besonders breites Indikationsspektrum.<\/p>\n<p><strong>Ihre Vorteile<\/strong><\/p>\n<ul>\n<li>Exzellente Dental-\u00c4sthetik<\/li>\n<li>Naturgem\u00e4\u00dfer Farb- und Transluzenz-Verlauf<\/li>\n<li>Hohe Festigkeit: Biegefestigkeit &#038;gt, 1.100 MPa (typischer Mittelwert)<\/li>\n<li>Alle Verarbeitungstechniken: Mal-, Cut-Back- und Verblendtechnik<\/li>\n<li>Schnellsintern, gesamte Prozessdauer ca. 4 Stunden, freigegeben f\u00fcr Restaurationen mit bis zu 3 Gliedern<\/li>\n<li>Hohe Transluzenz im Schneide-Bereich (&#038;gt, 49 %), im Dentin-Bereich mechanische Belastbarkeit<\/li>\n<\/ul>\n<p>Welche Technik darf es f\u00fcr Sie sein?<br \/>Sie w\u00e4hlen aus Mal-, Cut-Backoder Verblendtechnik<\/p>\n<p><strong>Indikationen:<\/strong><\/p>\n<ul>\n<li>Individuelle Restaurationen f\u00fcr den Front- und Seitenzahn-Bereich auf nat\u00fcrlichen Zahnpfeilern und Implantaten<\/li>\n<li>Hoch\u00e4sthetische monolithische, vollanatomische Kronen, Teilkronen und Br\u00fccken bis zu 14 Gliedern<\/li>\n<li>Inlays, Onlays, Veneers und Abutments<\/li>\n<li>Schnellsintern von Restaurationen mit bis zu 3 Gliedern<\/li>\n<\/ul>\n<p><strong>Fakten:<\/strong><\/p>\n<ul>\n<li>Zirkoniumdioxid Typ II, Klasse 5 nach DIN EN ISO 6872<\/li>\n<li>Biegefestigkeit: typischer Mittelwert ? 1.100 MPa<\/li>\n<li>Transluzenz-Verlauf von &#038;lt, 40 % bis &#038;gt, 49 %<\/li>\n<li>D\u00fcnne Wandst\u00e4rken im Frontzahnbereich 0,4 mm und Seitenzahnbereich 0,6 mm bei Einzelkronen<\/li>\n<li>Pr\u00e4zise R\u00e4nder und Kanten durch hochverdichtetes Material<\/li>\n<li>Verblendung ist mit jeder Keramikmasse m\u00f6glich, die auf den WAK 10 \u00b7 10-6 \u00b7 K-1 von ZrO<sub>2<\/sub>\u00a0abgestimmt ist<\/li>\n<li>Chargen\u00fcbergreifende Farbtreue<\/li>\n<li>Homogene Einf\u00e4rbung<\/li>\n<li>Reproduzierbare Farben<\/li>\n<li>Biokompatibel<\/li>\n<\/ul>\n<p>\u00a0<\/p>\n","protected":false},"excerpt":{"rendered":"<p>\u00c4sthetik &#038; Langlebigkeit vereint zu einem echten Multi-Talent. Hohe Transluzenz im inzisalen Bereich (> 49 %).<\/p>\n","protected":false},"featured_media":402050,"template":"","meta":{"_acf_changed":false,"_price":"218.9","_stock":"","_tribe_ticket_header":"","_tribe_default_ticket_provider":"","_tribe_ticket_capacity":"","_ticket_start_date":"","_ticket_end_date":"","_tribe_ticket_show_description":"","_tribe_ticket_show_not_going":false,"_tribe_ticket_use_global_stock":"","_tribe_ticket_global_stock_level":"","_global_stock_mode":"","_global_stock_cap":"","_tribe_rsvp_for_event":"","_tribe_ticket_going_count":"","_tribe_ticket_not_going_count":"","_tribe_tickets_list":"[]","_tribe_ticket_has_attendee_info_fields":false,"_tec_slr_enabled":"","_tec_slr_layout":""},"product_brand":[],"product_cat":[4521],"product_tag":[2157,2313,2182,2154,2187,2151,2152,2175,2179,2178],"class_list":{"0":"post-162905","1":"product","2":"type-product","3":"status-publish","4":"has-post-thumbnail","6":"product_cat-blanks","7":"product_tag-aesthetik","8":"product_tag-aesthetisch","9":"product_tag-blank","10":"product_tag-cad-cam","11":"product_tag-pritidenta","12":"product_tag-ronde","13":"product_tag-scheibe","14":"product_tag-zirkon","15":"product_tag-zirkondioxid","16":"product_tag-zirkonoxid","18":"first","19":"instock","20":"product-type-variable"},"acf":[],"_links":{"self":[{"href":"https:\/\/schuetz-dental.de\/en\/wp-json\/wp\/v2\/product\/162905","targetHints":{"allow":["GET"]}}],"collection":[{"href":"https:\/\/schuetz-dental.de\/en\/wp-json\/wp\/v2\/product"}],"about":[{"href":"https:\/\/schuetz-dental.de\/en\/wp-json\/wp\/v2\/types\/product"}],"wp:featuredmedia":[{"embeddable":true,"href":"https:\/\/schuetz-dental.de\/en\/wp-json\/wp\/v2\/media\/402050"}],"wp:attachment":[{"href":"https:\/\/schuetz-dental.de\/en\/wp-json\/wp\/v2\/media?parent=162905"}],"wp:term":[{"taxonomy":"product_brand","embeddable":true,"href":"https:\/\/schuetz-dental.de\/en\/wp-json\/wp\/v2\/product_brand?post=162905"},{"taxonomy":"product_cat","embeddable":true,"href":"https:\/\/schuetz-dental.de\/en\/wp-json\/wp\/v2\/product_cat?post=162905"},{"taxonomy":"product_tag","embeddable":true,"href":"https:\/\/schuetz-dental.de\/en\/wp-json\/wp\/v2\/product_tag?post=162905"}],"curies":[{"name":"wp","href":"https:\/\/api.w.org\/{rel}","templated":true}]}}