{"id":162955,"date":"2026-04-30T03:04:28","date_gmt":"2026-04-30T01:04:28","guid":{"rendered":"https:\/\/webshop.schuetz-dental.org\/product\/priti-clean-reinigungspulver\/"},"modified":"2026-04-30T03:04:29","modified_gmt":"2026-04-30T01:04:29","slug":"priti-clean-reinigungspulver","status":"publish","type":"product","link":"https:\/\/schuetz-dental.de\/en\/produkt\/priti-clean-reinigungspulver\/","title":{"rendered":"Priti Clean Reinigungspulver"},"content":{"rendered":"<p>Mit dem priti\u00aeclean Reinigungspulver erzielen Sie eine dauerhafte Reinigung der Ofenkammer: Geben Sie das Pulver einfach in den Brennraum und f\u00fchren Sie eine Standardsinterung durch, um R\u00fcckst\u00e4nde von Fremdmaterialien im Pulver zu binden. Wurde der Ofen mit F\u00e4rbefl\u00fcssigkeiten kontaminiert, ist ein Reinigungsbrand vor dem erstmaligen Sintern eines voreingef\u00e4rbten Materials besonders wichtig. Das vermeidet b\u00f6se \u00dcberraschungen und die lichtoptischen Eigenschaften des Zirkoniumdioxids k\u00f6nnen sich zuverl\u00e4ssig entfalten.<\/p>\n<p>Eine Kontamination des Ofens durch Fremdmaterialien kann zu unvorhersehbaren Ver\u00e4nderungen von Transluzenz und Farbe, h\u00e4ufig Gr\u00fcn- und Gelbverf\u00e4rbungen, f\u00fchren. Das gilt auch f\u00fcr das gemeinsame Sintern mit anderen Materialien, speziell wenn sie manuell eingef\u00e4rbt wurden. F\u00fcr zuverl\u00e4ssig unverf\u00e4lschte Sinterergebnisse empfiehlt sich eine regelm\u00e4\u00dfige Reinigung und der Austausch von kontaminierten Sinterperlen. Guter Nebeneffekt: Die Beseitigung von Ablagerungen im Ofen erh\u00f6ht auch die Lebensdauer der Heizst\u00e4be.<\/p>\n<p>Inhalt: 200 Gramm<\/p>\n","protected":false},"excerpt":{"rendered":"<p>Mit dem priti\u00aeclean Reinigungspulver erzielen Sie eine dauerhafte Reinigung der Ofenkammer<\/p>\n","protected":false},"featured_media":429708,"template":"","meta":{"_acf_changed":false,"_price":"90.2","_stock":"0.000000","_tribe_ticket_header":"","_tribe_default_ticket_provider":"","_tribe_ticket_capacity":"","_ticket_start_date":"","_ticket_end_date":"","_tribe_ticket_show_description":"","_tribe_ticket_show_not_going":false,"_tribe_ticket_use_global_stock":"","_tribe_ticket_global_stock_level":"","_global_stock_mode":"","_global_stock_cap":"","_tribe_rsvp_for_event":"","_tribe_ticket_going_count":"","_tribe_ticket_not_going_count":"","_tribe_tickets_list":"[]","_tribe_ticket_has_attendee_info_fields":false,"_tec_slr_enabled":"","_tec_slr_layout":""},"product_brand":[],"product_cat":[4522],"product_tag":[],"class_list":{"0":"post-162955","1":"product","2":"type-product","3":"status-publish","4":"has-post-thumbnail","6":"product_cat-cad-cam-zubehoer","8":"first","9":"instock","10":"product-type-simple"},"acf":[],"_links":{"self":[{"href":"https:\/\/schuetz-dental.de\/en\/wp-json\/wp\/v2\/product\/162955","targetHints":{"allow":["GET"]}}],"collection":[{"href":"https:\/\/schuetz-dental.de\/en\/wp-json\/wp\/v2\/product"}],"about":[{"href":"https:\/\/schuetz-dental.de\/en\/wp-json\/wp\/v2\/types\/product"}],"wp:featuredmedia":[{"embeddable":true,"href":"https:\/\/schuetz-dental.de\/en\/wp-json\/wp\/v2\/media\/429708"}],"wp:attachment":[{"href":"https:\/\/schuetz-dental.de\/en\/wp-json\/wp\/v2\/media?parent=162955"}],"wp:term":[{"taxonomy":"product_brand","embeddable":true,"href":"https:\/\/schuetz-dental.de\/en\/wp-json\/wp\/v2\/product_brand?post=162955"},{"taxonomy":"product_cat","embeddable":true,"href":"https:\/\/schuetz-dental.de\/en\/wp-json\/wp\/v2\/product_cat?post=162955"},{"taxonomy":"product_tag","embeddable":true,"href":"https:\/\/schuetz-dental.de\/en\/wp-json\/wp\/v2\/product_tag?post=162955"}],"curies":[{"name":"wp","href":"https:\/\/api.w.org\/{rel}","templated":true}]}}