{"id":163184,"date":"2026-04-14T03:08:04","date_gmt":"2026-04-14T01:08:04","guid":{"rendered":"https:\/\/webshop.schuetz-dental.org\/product\/tizian-blank-polyamid-98-x-16-mm-24er-bulkverpackung\/"},"modified":"2026-04-14T03:09:02","modified_gmt":"2026-04-14T01:09:02","slug":"tizian-blank-polyamid-98-x-16-mm-24er-bulkverpackung","status":"publish","type":"product","link":"https:\/\/schuetz-dental.de\/en\/produkt\/tizian-blank-polyamid-98-x-16-mm-24er-bulkverpackung\/","title":{"rendered":"Tizian Blank Polyamid, 98 x 16 mm 24er Bulkverpackung"},"content":{"rendered":"<p>&#8230;f\u00fcr den Einsatz im Mund des Patienten zertifiziert. Sie k\u00f6nnen sowohl als tempor\u00e4re Prothese als auch permanente L\u00f6sung oder f\u00fcr kieferorthop\u00e4dische Schienen verwendet werden.<\/p>\n<p><strong>Ihre Vorteile:<\/strong><\/p>\n<ul>\n<li>Durch den industriellen Polymerisationsprozess sehr hohe Materialhomogenit\u00e4t.<\/li>\n<li>F\u00fcr den klinischen Einsatz ausgewogene Kombination zwischen Bruchfestigkeit und Elastizit\u00e4t. Das garantiert eine hervorragende Langzeitstabilit\u00e4t.<\/li>\n<li>Ausgezeichnete Abriebfestigkeit.<\/li>\n<li>Gew\u00e4hrleistet eine hohe Prozesssicherheit, keine Mischfehler, keine Polymerisationsschrumpfung und kein unangenehmer Geruch, da keine Handmischung oder Kartusche.<\/li>\n<li>Erweiterte Fr\u00e4seigenschaft dank der wirtschaftlichen Herstellung.<\/li>\n<li>Dauerhafte Farbstabilit\u00e4t und \u00c4sthetik.<\/li>\n<li>Nat\u00fcrliche Fluoreszenz.<\/li>\n<\/ul>\n","protected":false},"excerpt":{"rendered":"<p>zur Herstellung von provisorischem sowie dauerhaft im Mund verbleibendem Zahnersatz und kieferorthop\u00e4dischen Schienen<\/p>\n","protected":false},"featured_media":402080,"template":"","meta":{"_acf_changed":false,"_price":"566.5","_stock":"","_tribe_ticket_header":"","_tribe_default_ticket_provider":"","_tribe_ticket_capacity":"","_ticket_start_date":"","_ticket_end_date":"","_tribe_ticket_show_description":"","_tribe_ticket_show_not_going":false,"_tribe_ticket_use_global_stock":"","_tribe_ticket_global_stock_level":"","_global_stock_mode":"","_global_stock_cap":"","_tribe_rsvp_for_event":"","_tribe_ticket_going_count":"","_tribe_ticket_not_going_count":"","_tribe_tickets_list":"[]","_tribe_ticket_has_attendee_info_fields":false,"_tec_slr_enabled":"","_tec_slr_layout":""},"product_brand":[],"product_cat":[4521],"product_tag":[],"class_list":{"0":"post-163184","1":"product","2":"type-product","3":"status-publish","4":"has-post-thumbnail","6":"product_cat-blanks","8":"first","9":"instock","10":"product-type-variable"},"acf":[],"_links":{"self":[{"href":"https:\/\/schuetz-dental.de\/en\/wp-json\/wp\/v2\/product\/163184","targetHints":{"allow":["GET"]}}],"collection":[{"href":"https:\/\/schuetz-dental.de\/en\/wp-json\/wp\/v2\/product"}],"about":[{"href":"https:\/\/schuetz-dental.de\/en\/wp-json\/wp\/v2\/types\/product"}],"wp:featuredmedia":[{"embeddable":true,"href":"https:\/\/schuetz-dental.de\/en\/wp-json\/wp\/v2\/media\/402080"}],"wp:attachment":[{"href":"https:\/\/schuetz-dental.de\/en\/wp-json\/wp\/v2\/media?parent=163184"}],"wp:term":[{"taxonomy":"product_brand","embeddable":true,"href":"https:\/\/schuetz-dental.de\/en\/wp-json\/wp\/v2\/product_brand?post=163184"},{"taxonomy":"product_cat","embeddable":true,"href":"https:\/\/schuetz-dental.de\/en\/wp-json\/wp\/v2\/product_cat?post=163184"},{"taxonomy":"product_tag","embeddable":true,"href":"https:\/\/schuetz-dental.de\/en\/wp-json\/wp\/v2\/product_tag?post=163184"}],"curies":[{"name":"wp","href":"https:\/\/api.w.org\/{rel}","templated":true}]}}