{"id":163189,"date":"2026-04-15T03:07:19","date_gmt":"2026-04-15T01:07:19","guid":{"rendered":"https:\/\/webshop.schuetz-dental.org\/product\/tizian-blank-pmma-transparent-splint-2-0-98-mm-24er-bulkverpackung\/"},"modified":"2026-04-15T03:08:00","modified_gmt":"2026-04-15T01:08:00","slug":"tizian-blank-pmma-transparent-splint-2-0-98-mm-24er-bulkverpackung","status":"publish","type":"product","link":"https:\/\/schuetz-dental.de\/en\/produkt\/tizian-blank-pmma-transparent-splint-2-0-98-mm-24er-bulkverpackung\/","title":{"rendered":"Tizian Blank PMMA Transparent Splint 2.0, 98 mm, 24er-Bulkverpackung"},"content":{"rendered":"<p>Dient zur Herstellung von provisorische Kronen- und Br\u00fccken um den Austausch der Zahn oder Zahngruppen zu ersetzen. Einsatz in allen offenen CAD-CAM-Systemen m\u00f6glich.<\/p>\n<p><strong>Ihre Vorteile<\/strong><\/p>\n<ul>\n<li>Durch den industriellen Polymerisationsprozess sehr hohe Materialhomogenit\u00e4t.<\/li>\n<li>F\u00fcr den klinischen Einsatz ausgewogene Kombination zwischen Bruchfestigkeit und Elastizit\u00e4t. Das garantiert eine hervorragende Langzeitstabilit\u00e4t.<\/li>\n<li>Ausgezeichnete Abriebfestigkeit.<\/li>\n<li>Gew\u00e4hrleistet eine hohe Prozesssicherheit, keine Mischfehler, keine Polymerisationsschrumpfung und kein unangenehmer Geruch, da keine Handmischung oder Kartusche.<\/li>\n<li>Erweiterte Fr\u00e4seigenschaft dank der wirtschaftlichen Herstellung.<\/li>\n<li>Dauerhafte Farbstabilit\u00e4t und \u00c4sthetik.<\/li>\n<li>Nat\u00fcrliche Fluoreszenz.<\/li>\n<\/ul>\n","protected":false},"excerpt":{"rendered":"<p>Dient zur Herstellung von provisorische Kronen- und Br\u00fccken um den Austausch der Zahn oder Zahngruppen zu ersetzen. Einsatz in allen offenen CAD-CAM-Systemen<\/p>\n","protected":false},"featured_media":404892,"template":"","meta":{"_acf_changed":false,"_price":"276","_stock":"","_tribe_ticket_header":"","_tribe_default_ticket_provider":"","_tribe_ticket_capacity":"","_ticket_start_date":"","_ticket_end_date":"","_tribe_ticket_show_description":"","_tribe_ticket_show_not_going":false,"_tribe_ticket_use_global_stock":"","_tribe_ticket_global_stock_level":"","_global_stock_mode":"","_global_stock_cap":"","_tribe_rsvp_for_event":"","_tribe_ticket_going_count":"","_tribe_ticket_not_going_count":"","_tribe_tickets_list":"[]","_tribe_ticket_has_attendee_info_fields":false,"_tec_slr_enabled":"","_tec_slr_layout":""},"product_brand":[],"product_cat":[4521],"product_tag":[],"class_list":{"0":"post-163189","1":"product","2":"type-product","3":"status-publish","4":"has-post-thumbnail","6":"product_cat-blanks","8":"first","9":"instock","10":"product-type-variable"},"acf":[],"_links":{"self":[{"href":"https:\/\/schuetz-dental.de\/en\/wp-json\/wp\/v2\/product\/163189","targetHints":{"allow":["GET"]}}],"collection":[{"href":"https:\/\/schuetz-dental.de\/en\/wp-json\/wp\/v2\/product"}],"about":[{"href":"https:\/\/schuetz-dental.de\/en\/wp-json\/wp\/v2\/types\/product"}],"wp:featuredmedia":[{"embeddable":true,"href":"https:\/\/schuetz-dental.de\/en\/wp-json\/wp\/v2\/media\/404892"}],"wp:attachment":[{"href":"https:\/\/schuetz-dental.de\/en\/wp-json\/wp\/v2\/media?parent=163189"}],"wp:term":[{"taxonomy":"product_brand","embeddable":true,"href":"https:\/\/schuetz-dental.de\/en\/wp-json\/wp\/v2\/product_brand?post=163189"},{"taxonomy":"product_cat","embeddable":true,"href":"https:\/\/schuetz-dental.de\/en\/wp-json\/wp\/v2\/product_cat?post=163189"},{"taxonomy":"product_tag","embeddable":true,"href":"https:\/\/schuetz-dental.de\/en\/wp-json\/wp\/v2\/product_tag?post=163189"}],"curies":[{"name":"wp","href":"https:\/\/api.w.org\/{rel}","templated":true}]}}