{"id":163289,"date":"2026-04-14T03:08:46","date_gmt":"2026-04-14T01:08:46","guid":{"rendered":"https:\/\/webshop.schuetz-dental.org\/product\/primebond7\/"},"modified":"2026-04-14T03:08:47","modified_gmt":"2026-04-14T01:08:47","slug":"primebond7","status":"publish","type":"product","link":"https:\/\/schuetz-dental.de\/en\/produkt\/primebond7\/","title":{"rendered":"PrimeBond7"},"content":{"rendered":"<p><strong>3 in 1: \u00c4tzen, Primen, Bonden in nur einem Schritt\u00a0direkt im Mund Ihres Patienten!<\/strong><\/p>\n<p>PrimeBond7 ist ein selbst\u00e4tzendes und lichth\u00e4rtendes Einkomponenten-Bonding der 7. Generation. Mit PrimeBond7 befestigen Sie die markt\u00fcblichen F\u00fcllungskomposite (z. B. Capo Bulk Fill Plus, Capo Slow Flow) sicher und zuverl\u00e4ssig auf nat\u00fcrlichen Zahnsubstanzen in nur einem Schritt. Verbinden Sie indirekte Restaurationen aus Komposit und Keramik (Inlays, Onlays, Veneers, Kronen) mit licht- und dualh\u00e4rtenden Befestigungskompositen. Auch Reparaturen von frakturierten Kompositf\u00fcllungen sind m\u00f6glich. Das Adh\u00e4siv kann im Self-Etch-Verfahren oder Selective-Etch-Verfahren angewendet werden.<\/p>\n<p><strong>Indikationen:<\/strong><\/p>\n<ul>\n<li>Direkte lichth\u00e4rtende Kompositrestaurationen auf dem nat\u00fcrlichen Zahn.<\/li>\n<li>Indirekte Restaurationen aus Komposit und Keramik (Inlays, Onlays, Veneers, Kronen) mit licht- und dualh\u00e4rtenden Befestigungskompositen (z. B. Alphalink Cem)<\/li>\n<li>Reparatur frakturierter Kompositf\u00fcllungen<\/li>\n<li>Kompatibel mit g\u00e4ngigen lichth\u00e4rtenden Kompositmaterialien<\/li>\n<\/ul>\n<p><strong>Ihre Vorteile:<\/strong><\/p>\n<ul>\n<li>Extrem hoher und dauerhafter Verbund<\/li>\n<li>Schnell und einfach: Etch-, Prime- und Bond-System in nur einer Flasche<\/li>\n<li>Zuverl\u00e4ssig und sicher: Kein \u00dcber\u00e4tzen im Self Etch Verfahren m\u00f6glich<\/li>\n<li>Bildet eine homogene Adh\u00e4siv-Schicht zur Reduzierung von \u201epooling\u201c<\/li>\n<li>Sauberes Arbeiten und sparsamer Verbrauch durch optimale Tropfenkontrolle<\/li>\n<li>Schonendes \u00c4tzen (pH-Wert &#038;gt, 2) reduziert das Risiko von Hypersensibilit\u00e4ten<\/li>\n<li>Keine K\u00fchlschranklagerung<\/li>\n<li>Gute Biokompatibilit\u00e4t, TEGDMA- und MMA-frei<\/li>\n<\/ul>\n<p><strong>Physikalische Daten:<\/strong><\/p>\n<p>Haftverbund Dentin: 26,0 MPa<br \/>Haftverbund Schmelz: 24,0 MPa<br \/>pH-Wert: &#038;gt, 2<\/p>\n<p>Quelle: GDF Gesellschaft f\u00fcr dentale Forschung und Innovationen GmbH<\/p>\n","protected":false},"excerpt":{"rendered":"<p>3 in 1: \u00c4tzen, Primen, Bonden in nur einem Schritt! PrimeBond7 ist ein selbst\u00e4tzendes lichth\u00e4rtendes Einkomponenten-Bonding der 7. Generation.<\/p>\n","protected":false},"featured_media":402097,"template":"","meta":{"_acf_changed":false,"_price":"120.6","_stock":"0.000000","_tribe_ticket_header":"","_tribe_default_ticket_provider":"","_tribe_ticket_capacity":"","_ticket_start_date":"","_ticket_end_date":"","_tribe_ticket_show_description":"","_tribe_ticket_show_not_going":false,"_tribe_ticket_use_global_stock":"","_tribe_ticket_global_stock_level":"","_global_stock_mode":"","_global_stock_cap":"","_tribe_rsvp_for_event":"","_tribe_ticket_going_count":"","_tribe_ticket_not_going_count":"","_tribe_tickets_list":"[]","_tribe_ticket_has_attendee_info_fields":false,"_tec_slr_enabled":"","_tec_slr_layout":""},"product_brand":[],"product_cat":[4523],"product_tag":[2723,2673,2718,2712,2711,2715,2719,2722,2697,2720,2721,2716,2713,2714],"class_list":{"0":"post-163289","1":"product","2":"type-product","3":"status-publish","4":"has-post-thumbnail","6":"product_cat-bond-und-etchsystem","7":"product_tag-adhaesiv","8":"product_tag-befestigung","9":"product_tag-befestigungsmaterial","10":"product_tag-bonder","11":"product_tag-bonding","12":"product_tag-bonding-system","13":"product_tag-bondopaker","14":"product_tag-haftverbund","15":"product_tag-haftvermittler","16":"product_tag-opaker","17":"product_tag-primer","18":"product_tag-universalbonder","19":"product_tag-verbund","20":"product_tag-verbundsystem","22":"first","23":"instock","24":"product-type-simple"},"acf":[],"_links":{"self":[{"href":"https:\/\/schuetz-dental.de\/en\/wp-json\/wp\/v2\/product\/163289","targetHints":{"allow":["GET"]}}],"collection":[{"href":"https:\/\/schuetz-dental.de\/en\/wp-json\/wp\/v2\/product"}],"about":[{"href":"https:\/\/schuetz-dental.de\/en\/wp-json\/wp\/v2\/types\/product"}],"wp:featuredmedia":[{"embeddable":true,"href":"https:\/\/schuetz-dental.de\/en\/wp-json\/wp\/v2\/media\/402097"}],"wp:attachment":[{"href":"https:\/\/schuetz-dental.de\/en\/wp-json\/wp\/v2\/media?parent=163289"}],"wp:term":[{"taxonomy":"product_brand","embeddable":true,"href":"https:\/\/schuetz-dental.de\/en\/wp-json\/wp\/v2\/product_brand?post=163289"},{"taxonomy":"product_cat","embeddable":true,"href":"https:\/\/schuetz-dental.de\/en\/wp-json\/wp\/v2\/product_cat?post=163289"},{"taxonomy":"product_tag","embeddable":true,"href":"https:\/\/schuetz-dental.de\/en\/wp-json\/wp\/v2\/product_tag?post=163289"}],"curies":[{"name":"wp","href":"https:\/\/api.w.org\/{rel}","templated":true}]}}