{"id":163318,"date":"2026-04-03T03:08:09","date_gmt":"2026-04-03T01:08:09","guid":{"rendered":"https:\/\/webshop.schuetz-dental.org\/product\/capo-universal\/"},"modified":"2026-04-03T03:08:10","modified_gmt":"2026-04-03T01:08:10","slug":"capo-universal","status":"publish","type":"product","link":"https:\/\/schuetz-dental.de\/en\/produkt\/capo-universal\/","title":{"rendered":"Capo Universal"},"content":{"rendered":"<p>Das Capo Universal ist ein lichth\u00e4rtendes, hochglanzpolierbares Komposit mit einem <strong>ultrafeinen<\/strong>, <strong>r\u00f6ntgenopaken Glasf\u00fcllstoff<\/strong> f\u00fcr die adh\u00e4sive F\u00fcllungstherapie.<\/p>\n<p>Aufgrund des ultrafeinen F\u00fcllstoffes lassen sich au\u00dferordentlich\u00a0<strong>homogene<\/strong> und <strong>hochglanzpolierbare<\/strong> Restaurationen herstellen,<br \/>die durch einen gezielt eingestellten Cham\u00e4leoneffekt eine optimale\u00a0Farbanpassung der F\u00fcllung erm\u00f6glichen.<\/p>\n","protected":false},"excerpt":{"rendered":"<p>Weist dieselben hervorragenden Eigenschaften wie Capo Natural auf. In einer universellen Farbe f\u00fcr Seitenzahnrestaurationen erh\u00e4ltlich.<\/p>\n","protected":false},"featured_media":388419,"template":"","meta":{"_acf_changed":false,"_price":"42.2","_stock":"0.000000","_tribe_ticket_header":"","_tribe_default_ticket_provider":"","_tribe_ticket_capacity":"","_ticket_start_date":"","_ticket_end_date":"","_tribe_ticket_show_description":"","_tribe_ticket_show_not_going":false,"_tribe_ticket_use_global_stock":"","_tribe_ticket_global_stock_level":"","_global_stock_mode":"","_global_stock_cap":"","_tribe_rsvp_for_event":"","_tribe_ticket_going_count":"","_tribe_ticket_not_going_count":"","_tribe_tickets_list":"[]","_tribe_ticket_has_attendee_info_fields":false,"_tec_slr_enabled":"","_tec_slr_layout":""},"product_brand":[],"product_cat":[4524],"product_tag":[2587,2578,2579,2580,2582,2586,2585,2576,2588,2584,2577,2581,2583],"class_list":{"0":"post-163318","1":"product","2":"type-product","3":"status-publish","4":"has-post-thumbnail","6":"product_cat-komposite","7":"product_tag-capo","8":"product_tag-composit","9":"product_tag-composite","10":"product_tag-dental-komposit","11":"product_tag-fuellung","12":"product_tag-fuellungskomposit","13":"product_tag-fuellungsmaterial","14":"product_tag-komposit","15":"product_tag-komposit-kunststoff","16":"product_tag-komposit-fuellung","17":"product_tag-komposite","18":"product_tag-zahnarzt-komposit","19":"product_tag-zahnfuellung","21":"first","22":"instock","23":"product-type-simple"},"acf":[],"_links":{"self":[{"href":"https:\/\/schuetz-dental.de\/en\/wp-json\/wp\/v2\/product\/163318","targetHints":{"allow":["GET"]}}],"collection":[{"href":"https:\/\/schuetz-dental.de\/en\/wp-json\/wp\/v2\/product"}],"about":[{"href":"https:\/\/schuetz-dental.de\/en\/wp-json\/wp\/v2\/types\/product"}],"wp:featuredmedia":[{"embeddable":true,"href":"https:\/\/schuetz-dental.de\/en\/wp-json\/wp\/v2\/media\/388419"}],"wp:attachment":[{"href":"https:\/\/schuetz-dental.de\/en\/wp-json\/wp\/v2\/media?parent=163318"}],"wp:term":[{"taxonomy":"product_brand","embeddable":true,"href":"https:\/\/schuetz-dental.de\/en\/wp-json\/wp\/v2\/product_brand?post=163318"},{"taxonomy":"product_cat","embeddable":true,"href":"https:\/\/schuetz-dental.de\/en\/wp-json\/wp\/v2\/product_cat?post=163318"},{"taxonomy":"product_tag","embeddable":true,"href":"https:\/\/schuetz-dental.de\/en\/wp-json\/wp\/v2\/product_tag?post=163318"}],"curies":[{"name":"wp","href":"https:\/\/api.w.org\/{rel}","templated":true}]}}