{"id":163322,"date":"2026-04-17T03:10:43","date_gmt":"2026-04-17T01:10:43","guid":{"rendered":"https:\/\/webshop.schuetz-dental.org\/product\/capo-natural-set\/"},"modified":"2026-04-17T03:10:44","modified_gmt":"2026-04-17T01:10:44","slug":"capo-natural-set","status":"publish","type":"product","link":"https:\/\/schuetz-dental.de\/en\/produkt\/capo-natural-set\/","title":{"rendered":"Capo natural Set"},"content":{"rendered":"<p>Capo Natural ist ein ultrafeines<strong>\u00a0Mikro-Hybrid Komposit<\/strong> mit <strong>optimierten\u00a0Abrasionswerten<\/strong>.<\/p>\n<p>Durch die nachgewiesene\u00a0Zellfreundlichkeit ist es absolut <strong>biokompatibel<\/strong>.\u00a0Capo Natural von Sch\u00fctz Dental\u00a0erm\u00f6glicht es Ihnen, durch eine optimierte\u00a0Farbanpassung <strong>minimalinvasiv<\/strong> zu\u00a0arbeiten. Hierdurch verringern Sie das\u00a0Risiko von Sekund\u00e4rkaries, ohne auf\u00a0\u00c4sthetik zu verzichten.<\/p>\n<p><strong>Die Vorteile von Capo Natural:<\/strong><\/p>\n<ul>\n<li>Biokompatibel und zahnfleischschonend<\/li>\n<li>Au\u00dferordentlich homogene Restaurationen<\/li>\n<li>Funktioniert mit den meisten Etch und\u00a0Bond-Systemen<\/li>\n<li>F\u00fcr die minimalinvasive Technik geeignet<\/li>\n<li>Farbbrillanz und -best\u00e4ndigkeit\u00a0<\/li>\n<li>Hohe Abrasionsresistenz , verbunden mit Antagonistenfreundlichkeit<\/li>\n<li>Einfache Handhabung<\/li>\n<li>Hochtransparente Schneidemassen<\/li>\n<li>Gute Polierbarkeit<\/li>\n<li>Laborunabh\u00e4ngig<\/li>\n<li>Geringe Kosten<\/li>\n<li>Hervorragende mechanische Eigenschaften<\/li>\n<\/ul>\n<p><strong>Indikationen:<\/strong><\/p>\n<ul>\n<li>Direkte Front- und Seitenzahnrestaurationen der Klassen I, II, III, IV und V nach Black<\/li>\n<li>Minimalinvasive Veneers und F\u00fcllungen<\/li>\n<li>Indirekte Restaurationen wie Inlays,Onlays und Veneers<\/li>\n<li>Erweiterte Fissurenversiegelung an Molaren und Pr\u00e4molaren<\/li>\n<li>Stumpfaufbauten\u00a0<\/li>\n<li>Schienung von gelockerten Z\u00e4hnen<\/li>\n<li>Form- und Farbkorrekturen zur Verbesserung der \u00c4sthetik<\/li>\n<\/ul>\n<p><strong>Technische Daten:<\/strong><\/p>\n<ul>\n<li>Vickers H\u00e4rte 685 MPa\u00a0<\/li>\n<li>Druckfestigkeit 452 MPa<\/li>\n<li>Biegefestigkeit 144 MPa<\/li>\n<li>E-Modul\u00a011.861 MPa<\/li>\n<\/ul>\n<p><strong>Setinhalt:<\/strong><\/p>\n<ul type=\"\"disc\"\">\n<li>6 x 4 g Spritze (Farben:\u00a0A2, A3, A3,5, B2, IM (=Incisal Medium), Occ (= Occlusal Clear))<\/li>\n<\/ul>\n","protected":false},"excerpt":{"rendered":"<p>Ultrafeines Zahnarzt-Komposit auf Mikro-Hybrid Basis f\u00fcr direkte F\u00fcllungen. Spezielle Formel f\u00fcr eine  hohe Biokompatibilit\u00e4t und Antagonistenfreundlichkeit.<\/p>\n","protected":false},"featured_media":410412,"template":"","meta":{"_acf_changed":false,"_price":"385","_stock":"0.000000","_tribe_ticket_header":"","_tribe_default_ticket_provider":"","_tribe_ticket_capacity":"","_ticket_start_date":"","_ticket_end_date":"","_tribe_ticket_show_description":"","_tribe_ticket_show_not_going":false,"_tribe_ticket_use_global_stock":"","_tribe_ticket_global_stock_level":"","_global_stock_mode":"","_global_stock_cap":"","_tribe_rsvp_for_event":"","_tribe_ticket_going_count":"","_tribe_ticket_not_going_count":"","_tribe_tickets_list":"[]","_tribe_ticket_has_attendee_info_fields":false,"_tec_slr_enabled":"","_tec_slr_layout":""},"product_brand":[],"product_cat":[4524],"product_tag":[2578,2579,2580,2582,2585,2576,2584,2577,2581,2583],"class_list":{"0":"post-163322","1":"product","2":"type-product","3":"status-publish","4":"has-post-thumbnail","6":"product_cat-komposite","7":"product_tag-composit","8":"product_tag-composite","9":"product_tag-dental-komposit","10":"product_tag-fuellung","11":"product_tag-fuellungsmaterial","12":"product_tag-komposit","13":"product_tag-komposit-fuellung","14":"product_tag-komposite","15":"product_tag-zahnarzt-komposit","16":"product_tag-zahnfuellung","18":"first","19":"instock","20":"product-type-simple"},"acf":[],"_links":{"self":[{"href":"https:\/\/schuetz-dental.de\/en\/wp-json\/wp\/v2\/product\/163322","targetHints":{"allow":["GET"]}}],"collection":[{"href":"https:\/\/schuetz-dental.de\/en\/wp-json\/wp\/v2\/product"}],"about":[{"href":"https:\/\/schuetz-dental.de\/en\/wp-json\/wp\/v2\/types\/product"}],"wp:featuredmedia":[{"embeddable":true,"href":"https:\/\/schuetz-dental.de\/en\/wp-json\/wp\/v2\/media\/410412"}],"wp:attachment":[{"href":"https:\/\/schuetz-dental.de\/en\/wp-json\/wp\/v2\/media?parent=163322"}],"wp:term":[{"taxonomy":"product_brand","embeddable":true,"href":"https:\/\/schuetz-dental.de\/en\/wp-json\/wp\/v2\/product_brand?post=163322"},{"taxonomy":"product_cat","embeddable":true,"href":"https:\/\/schuetz-dental.de\/en\/wp-json\/wp\/v2\/product_cat?post=163322"},{"taxonomy":"product_tag","embeddable":true,"href":"https:\/\/schuetz-dental.de\/en\/wp-json\/wp\/v2\/product_tag?post=163322"}],"curies":[{"name":"wp","href":"https:\/\/api.w.org\/{rel}","templated":true}]}}