{"id":163328,"date":"2026-04-03T03:08:10","date_gmt":"2026-04-03T01:08:10","guid":{"rendered":"https:\/\/webshop.schuetz-dental.org\/product\/capo-bulk-fill-plus\/"},"modified":"2026-04-03T03:08:11","modified_gmt":"2026-04-03T01:08:11","slug":"capo-bulk-fill-plus","status":"publish","type":"product","link":"https:\/\/schuetz-dental.de\/en\/produkt\/capo-bulk-fill-plus\/","title":{"rendered":"Capo Bulk Fill Plus"},"content":{"rendered":"<p><strong>Arbeiten Sie noch schneller und einfacher, ohne Kompromisse bei den physikalischen Eigenschaften.<\/strong><\/p>\n<p>Sie sparen viel Zeit mit Schichtst\u00e4rken von bis zu 4 mm.<\/p>\n<p>Capo Bulk Fill ist ein lichth\u00e4rtendes Seitenzahn-Komposit zur direkten F\u00fcllungstherapie und Verarbeitung in der Bulk Fill-Technik. Diese einfache und schnelle Verarbeitungstechnik eignet sich f\u00fcr Schichten von bis zu 4 mm Dicke. Das standfeste Flow passt sich sehr gut an Kavit\u00e4tenb\u00f6den und -w\u00e4nde an.<\/p>\n<p><strong>Indikationen:<\/strong><\/p>\n<ul>\n<li>F\u00fcllungen mit Schichtst\u00e4rken bis zu 4 mm bei Kavit\u00e4ten der Klassen I (nach Black).<\/li>\n<li>Basisf\u00fcllungen mit Schichtst\u00e4rken bis zu 4 mm bei Kavit\u00e4ten der Klasse II (nach Black). Bei Klasse II-Kavit\u00e4ten ist eine \u00dcberschichtung mit einem f\u00fcr Klasse II-Kavit\u00e4ten geeigneten Komposit erforderlich.<\/li>\n<li>Kavit\u00e4ten-Lining \u2013 als erste untere Schicht bei Kavit\u00e4ten der Klassen I und II (nach Black)<\/li>\n<\/ul>\n<p><strong>Ihre Vorteile:<\/strong><\/p>\n<ul>\n<li><strong>Biokompatibel<\/strong>: 100 % frei von Bisphenol A, HEMA und TEGDMA<\/li>\n<li><strong>Au\u00dfergew\u00f6hnlich<\/strong> gute<strong> physikalische Eigenschaften<\/strong> (F\u00fcllstoffgehalt ca. 77 % Gew.)<\/li>\n<li><strong>Hervorragende<\/strong>s Flie\u00dfverhalten<\/li>\n<li>Nat\u00fcrliche <strong>Fluoreszenz<\/strong><\/li>\n<li><strong>Nat\u00fcrliches Aussehen<\/strong> durch universelle Dentinfarbe<\/li>\n<li><strong>Keine weiteren Schichten<\/strong> zum Abdecken bei Klasse I-Kavit\u00e4ten n\u00f6tig. Sparen Sie Zeit!<\/li>\n<li><strong>Schnelle<\/strong> und einfach Verarbeitung<\/li>\n<li><strong>Einfach<\/strong> zu <strong>polieren<\/strong><\/li>\n<li><strong>Minimale Schrumpfwerte<\/strong> sorgen f\u00fcr eine sehr sichere Anwendung<\/li>\n<li><strong>Hohe R\u00f6ntgenopazit\u00e4t<\/strong> (210 % Al) sichert <strong>zuverl\u00e4ssige Diagnosen<\/strong> zwischen dem F\u00fcllungsmaterial und der nat\u00fcrlichen Zahnsubstanz<\/li>\n<li><strong>Unabh\u00e4ngig<\/strong>: Mit den meisten Bondern und Komposit-Systemen kompatibel<\/li>\n<li><strong>Made in Germany<\/strong>\n<\/li>\n<\/ul>\n<p>\u00a0<\/p>\n","protected":false},"excerpt":{"rendered":"<p>Ihr biokompatibles lichth\u00e4rtendes Seitenzahn-Komposit f\u00fcr F\u00fcllungen in der Bulk-Fill-Technik mit Schichtst\u00e4rken bis zu 4 mm. Made in Germany.<\/p>\n","protected":false},"featured_media":388427,"template":"","meta":{"_acf_changed":false,"_price":"43.7","_stock":"0.000000","_tribe_ticket_header":"","_tribe_default_ticket_provider":"","_tribe_ticket_capacity":"","_ticket_start_date":"","_ticket_end_date":"","_tribe_ticket_show_description":"","_tribe_ticket_show_not_going":false,"_tribe_ticket_use_global_stock":"","_tribe_ticket_global_stock_level":"","_global_stock_mode":"","_global_stock_cap":"","_tribe_rsvp_for_event":"","_tribe_ticket_going_count":"","_tribe_ticket_not_going_count":"","_tribe_tickets_list":"[]","_tribe_ticket_has_attendee_info_fields":false,"_tec_slr_enabled":"","_tec_slr_layout":""},"product_brand":[],"product_cat":[4524],"product_tag":[2738,2741,2740,2587,2578,2579,2580,2582,2586,2585,2576,2588,2584,2577,2581,2583],"class_list":{"0":"post-163328","1":"product","2":"type-product","3":"status-publish","4":"has-post-thumbnail","6":"product_cat-komposite","7":"product_tag-bulk-fill","8":"product_tag-bulk-fill-komposit","9":"product_tag-bulk-fill-technik","10":"product_tag-capo","11":"product_tag-composit","12":"product_tag-composite","13":"product_tag-dental-komposit","14":"product_tag-fuellung","15":"product_tag-fuellungskomposit","16":"product_tag-fuellungsmaterial","17":"product_tag-komposit","18":"product_tag-komposit-kunststoff","19":"product_tag-komposit-fuellung","20":"product_tag-komposite","21":"product_tag-zahnarzt-komposit","22":"product_tag-zahnfuellung","24":"first","25":"instock","26":"product-type-simple"},"acf":[],"_links":{"self":[{"href":"https:\/\/schuetz-dental.de\/en\/wp-json\/wp\/v2\/product\/163328","targetHints":{"allow":["GET"]}}],"collection":[{"href":"https:\/\/schuetz-dental.de\/en\/wp-json\/wp\/v2\/product"}],"about":[{"href":"https:\/\/schuetz-dental.de\/en\/wp-json\/wp\/v2\/types\/product"}],"wp:featuredmedia":[{"embeddable":true,"href":"https:\/\/schuetz-dental.de\/en\/wp-json\/wp\/v2\/media\/388427"}],"wp:attachment":[{"href":"https:\/\/schuetz-dental.de\/en\/wp-json\/wp\/v2\/media?parent=163328"}],"wp:term":[{"taxonomy":"product_brand","embeddable":true,"href":"https:\/\/schuetz-dental.de\/en\/wp-json\/wp\/v2\/product_brand?post=163328"},{"taxonomy":"product_cat","embeddable":true,"href":"https:\/\/schuetz-dental.de\/en\/wp-json\/wp\/v2\/product_cat?post=163328"},{"taxonomy":"product_tag","embeddable":true,"href":"https:\/\/schuetz-dental.de\/en\/wp-json\/wp\/v2\/product_tag?post=163328"}],"curies":[{"name":"wp","href":"https:\/\/api.w.org\/{rel}","templated":true}]}}