{"id":163336,"date":"2026-04-07T03:08:15","date_gmt":"2026-04-07T01:08:15","guid":{"rendered":"https:\/\/webshop.schuetz-dental.org\/product\/capo-bulk-fill\/"},"modified":"2026-04-07T03:08:16","modified_gmt":"2026-04-07T01:08:16","slug":"capo-bulk-fill","status":"publish","type":"product","link":"https:\/\/schuetz-dental.de\/en\/produkt\/capo-bulk-fill\/","title":{"rendered":"Capo Bulk Fill"},"content":{"rendered":"<p>Capo Bulk Fill ist ein lichth\u00e4rtendes Seitenzahn-Komposit zur direkten F\u00fcllungstherapie und Verarbeitung\u00a0in der <strong>Bulk Fill-Technik<\/strong>. Diese einfache und\u00a0schnelle Verarbeitungstechnik eignet sich f\u00fcr Schichten\u00a0von bis zu 4 mm Dicke. Das hochviskose Material passt\u00a0sich sehr gut an Kavit\u00e4tenb\u00f6den und -w\u00e4nde an.<\/p>\n<p><strong>Indikationen:<\/strong><\/p>\n<ul>\n<li>\n<p>F\u00fcllungen mit Schichtst\u00e4rken bis zu 4 mm bei\u00a0Kavit\u00e4ten der Klassen I<\/p>\n<\/li>\n<li>Basisf\u00fcllungen mit Schichtst\u00e4rken bis zu 4 mm bei Kavit\u00e4ten der Klasse II. Bei Klasse II-Kavit\u00e4ten ist eine \u00dcberschichtung mit einem f\u00fcr Klasse II-Kavit\u00e4ten geeigneten Komposit erforderlich.<\/li>\n<li>\n<p>Kavit\u00e4tenlining \u2013 als erste Schicht bei\u00a0Kavit\u00e4ten der Klassen I und II\u00a0<\/p>\n<\/li>\n<\/ul>\n<p><strong>Vorteile:<\/strong><\/p>\n<ul>\n<li>\n<p>Schnelle und einfache Verarbeitung mit Schichtst\u00e4rken\u00a0von bis zu 4 mm<\/p>\n<\/li>\n<li>\n<p>Minimale Schrumpfwerte = sehr sichere Anwendung<\/p>\n<\/li>\n<li>\n<p>Au\u00dfergew\u00f6hnlich gute physikalische Daten (F\u00fcllstoffgehalt\u00a0ca. 77 %)<\/p>\n<\/li>\n<li>\n<p>Keine weiteren Schichten zum Abdecken von Klasse I-Kavit\u00e4ten n\u00f6tig = zeitsparend f\u00fcr Sie<\/p>\n<\/li>\n<li>\n<p>Hohe R\u00f6ntgenopazit\u00e4t (210 % Al) sichert zuverl\u00e4ssige\u00a0Diagnosen zwischen dem F\u00fcllungsmaterial und der\u00a0nat\u00fcrlichen Zahnsubstanz<\/p>\n<\/li>\n<li>\n<p>Mit den meisten Bondern und Komposit-Systemen\u00a0kompatibel<\/p>\n<\/li>\n<li>\n<p>Biokompatibel: 100 % frei von Bisphenol A, HEMA und\u00a0TEGDMA<\/p>\n<\/li>\n<li>\n<p>Universelle Dentinfarbe = nat\u00fcrliches Aussehen<\/p>\n<\/li>\n<li>\n<p>Hervorragendes Flie\u00dfverhalten<\/p>\n<\/li>\n<li>\n<p>Einfach zu polieren<\/p>\n<\/li>\n<\/ul>\n","protected":false},"excerpt":{"rendered":"<p>Das lichth\u00e4rtende Zahnarzt-Komposit f\u00fcr Ihre F\u00fcllungen in der Bulk Fill Technik. Mit einer Schichtst\u00e4rke von bis zu 4 mm arbeiten Sie schneller und sicherer.<\/p>\n","protected":false},"featured_media":391166,"template":"","meta":{"_acf_changed":false,"_price":"39.1","_stock":"0.000000","_tribe_ticket_header":"","_tribe_default_ticket_provider":"","_tribe_ticket_capacity":"","_ticket_start_date":"","_ticket_end_date":"","_tribe_ticket_show_description":"","_tribe_ticket_show_not_going":false,"_tribe_ticket_use_global_stock":"","_tribe_ticket_global_stock_level":"","_global_stock_mode":"","_global_stock_cap":"","_tribe_rsvp_for_event":"","_tribe_ticket_going_count":"","_tribe_ticket_not_going_count":"","_tribe_tickets_list":"[]","_tribe_ticket_has_attendee_info_fields":false,"_tec_slr_enabled":"","_tec_slr_layout":""},"product_brand":[],"product_cat":[4524],"product_tag":[2739,2738,2587,2578,2580,2582,2585,2576,2584,2577,2581,2583],"class_list":{"0":"post-163336","1":"product","2":"type-product","3":"status-publish","4":"has-post-thumbnail","6":"product_cat-komposite","7":"product_tag-bulk","8":"product_tag-bulk-fill","9":"product_tag-capo","10":"product_tag-composit","11":"product_tag-dental-komposit","12":"product_tag-fuellung","13":"product_tag-fuellungsmaterial","14":"product_tag-komposit","15":"product_tag-komposit-fuellung","16":"product_tag-komposite","17":"product_tag-zahnarzt-komposit","18":"product_tag-zahnfuellung","20":"first","21":"instock","22":"product-type-simple"},"acf":[],"_links":{"self":[{"href":"https:\/\/schuetz-dental.de\/en\/wp-json\/wp\/v2\/product\/163336","targetHints":{"allow":["GET"]}}],"collection":[{"href":"https:\/\/schuetz-dental.de\/en\/wp-json\/wp\/v2\/product"}],"about":[{"href":"https:\/\/schuetz-dental.de\/en\/wp-json\/wp\/v2\/types\/product"}],"wp:featuredmedia":[{"embeddable":true,"href":"https:\/\/schuetz-dental.de\/en\/wp-json\/wp\/v2\/media\/391166"}],"wp:attachment":[{"href":"https:\/\/schuetz-dental.de\/en\/wp-json\/wp\/v2\/media?parent=163336"}],"wp:term":[{"taxonomy":"product_brand","embeddable":true,"href":"https:\/\/schuetz-dental.de\/en\/wp-json\/wp\/v2\/product_brand?post=163336"},{"taxonomy":"product_cat","embeddable":true,"href":"https:\/\/schuetz-dental.de\/en\/wp-json\/wp\/v2\/product_cat?post=163336"},{"taxonomy":"product_tag","embeddable":true,"href":"https:\/\/schuetz-dental.de\/en\/wp-json\/wp\/v2\/product_tag?post=163336"}],"curies":[{"name":"wp","href":"https:\/\/api.w.org\/{rel}","templated":true}]}}