{"id":163340,"date":"2026-04-07T03:08:16","date_gmt":"2026-04-07T01:08:16","guid":{"rendered":"https:\/\/webshop.schuetz-dental.org\/product\/capo-slow-flow\/"},"modified":"2026-04-07T03:09:01","modified_gmt":"2026-04-07T01:09:01","slug":"capo-slow-flow","status":"publish","type":"product","link":"https:\/\/schuetz-dental.de\/en\/produkt\/capo-slow-flow\/","title":{"rendered":"Capo Slow Flow"},"content":{"rendered":"<p>Dieses Komposit verbindet die einfache Handhabung eines flie\u00dff\u00e4higen Komposits mit den au\u00dfergew\u00f6hnlichen physikalischen Eigenschaften einer Paste.<\/p>\n<p>Capo Slow Flow ist ein lichth\u00e4rtendes Komposit f\u00fcr die Versiegelung von Fissuren und die Behandlung von zervikaler Karies im Front- und Seitenzahnbereich. Die Flie\u00dff\u00e4higkeit des Komposits verbunden mit seiner Stabilit\u00e4t erm\u00f6glicht eine angenehme Arbeitsweise und genug Zeit f\u00fcr die Modellation der Restauration. Dieses Material kann auch f\u00fcr die pr\u00e4zise Applikation in Unterschnitten verwendet werden. Sie sparen Zeit und Geld.<\/p>\n<p>Dank der besonderen Farbpartikel erhalten Sie \u00fcberzeugende Resultate, die sich \u00e4sthetisch der nat\u00fcrlichen Dentinfarbe anpassen. So erhalten Sie langlebige, haltbare Restaurationen. Mit einem F\u00fcllstoffgehalt von 77 Gew.-% und den verschiedenen Partikelgr\u00f6\u00dfen erhalten Sie au\u00dfergew\u00f6hnliche physikalische Eigenschaften, wie z. B. niedrigere Schrumpfwerte und eine hohe Vickersh\u00e4rte.<\/p>\n<p><strong>Weitere Vorteile:<\/strong><\/p>\n<ul>\n<li>Sehr hoher F\u00fcllstoffgehalt (77 Gew.-%)<\/li>\n<li>Frei von Bis-GMA<\/li>\n<li>Kein Tropfen<\/li>\n<li>Einfach aufzutragen<\/li>\n<li>L\u00e4sst sich schnell und leicht auf Hochglanz polieren<\/li>\n<li>Au\u00dfergew\u00f6hnlich gute Flie\u00dff\u00e4higkeit, auch in Unterschnitten<\/li>\n<li>Mit den meisten g\u00e4ngigen Kompositen, Adhesiven und Bondern kompatibel<\/li>\n<li>Nat\u00fcrliche Farbanpassung<\/li>\n<li>Hohe R\u00f6ntgensichtbarkeit (210 % Al) gew\u00e4hrleistet eine noch h\u00f6here Behandlungssicherheit<\/li>\n<\/ul>\n","protected":false},"excerpt":{"rendered":"<p>Flie\u00dff\u00e4higes Komposit mit hervorragenden physikalischen Eigenschaften.<\/p>\n","protected":false},"featured_media":0,"template":"","meta":{"_acf_changed":false,"_price":"42.2","_stock":"","_tribe_ticket_header":"","_tribe_default_ticket_provider":"","_tribe_ticket_capacity":"","_ticket_start_date":"","_ticket_end_date":"","_tribe_ticket_show_description":"","_tribe_ticket_show_not_going":false,"_tribe_ticket_use_global_stock":"","_tribe_ticket_global_stock_level":"","_global_stock_mode":"","_global_stock_cap":"","_tribe_rsvp_for_event":"","_tribe_ticket_going_count":"","_tribe_ticket_not_going_count":"","_tribe_tickets_list":"[]","_tribe_ticket_has_attendee_info_fields":false,"_tec_slr_enabled":"","_tec_slr_layout":""},"product_brand":[],"product_cat":[4524],"product_tag":[],"class_list":{"0":"post-163340","1":"product","2":"type-product","3":"status-publish","5":"product_cat-komposite","7":"first","8":"instock","9":"product-type-variable"},"acf":[],"_links":{"self":[{"href":"https:\/\/schuetz-dental.de\/en\/wp-json\/wp\/v2\/product\/163340","targetHints":{"allow":["GET"]}}],"collection":[{"href":"https:\/\/schuetz-dental.de\/en\/wp-json\/wp\/v2\/product"}],"about":[{"href":"https:\/\/schuetz-dental.de\/en\/wp-json\/wp\/v2\/types\/product"}],"wp:attachment":[{"href":"https:\/\/schuetz-dental.de\/en\/wp-json\/wp\/v2\/media?parent=163340"}],"wp:term":[{"taxonomy":"product_brand","embeddable":true,"href":"https:\/\/schuetz-dental.de\/en\/wp-json\/wp\/v2\/product_brand?post=163340"},{"taxonomy":"product_cat","embeddable":true,"href":"https:\/\/schuetz-dental.de\/en\/wp-json\/wp\/v2\/product_cat?post=163340"},{"taxonomy":"product_tag","embeddable":true,"href":"https:\/\/schuetz-dental.de\/en\/wp-json\/wp\/v2\/product_tag?post=163340"}],"curies":[{"name":"wp","href":"https:\/\/api.w.org\/{rel}","templated":true}]}}