{"id":163352,"date":"2026-04-03T03:08:16","date_gmt":"2026-04-03T01:08:16","guid":{"rendered":"https:\/\/webshop.schuetz-dental.org\/product\/capo-flow\/"},"modified":"2026-04-03T03:09:04","modified_gmt":"2026-04-03T01:09:04","slug":"capo-flow","status":"publish","type":"product","link":"https:\/\/schuetz-dental.de\/en\/produkt\/capo-flow\/","title":{"rendered":"Capo Flow"},"content":{"rendered":"","protected":false},"excerpt":{"rendered":"<p>Flie\u00dff\u00e4higes Komposit auf Mikro-Hybrid Basis, mit dem Sie Unterf\u00fcllungen legen, kleinere Defekte f\u00fcllen und Fissuren versiegeln.<\/p>\n","protected":false},"featured_media":0,"template":"","meta":{"_acf_changed":false,"_price":"29.2","_stock":"","_tribe_ticket_header":"","_tribe_default_ticket_provider":"","_tribe_ticket_capacity":"","_ticket_start_date":"","_ticket_end_date":"","_tribe_ticket_show_description":"","_tribe_ticket_show_not_going":false,"_tribe_ticket_use_global_stock":"","_tribe_ticket_global_stock_level":"","_global_stock_mode":"","_global_stock_cap":"","_tribe_rsvp_for_event":"","_tribe_ticket_going_count":"","_tribe_ticket_not_going_count":"","_tribe_tickets_list":"[]","_tribe_ticket_has_attendee_info_fields":false,"_tec_slr_enabled":"","_tec_slr_layout":""},"product_brand":[],"product_cat":[4524],"product_tag":[],"class_list":{"0":"post-163352","1":"product","2":"type-product","3":"status-publish","5":"product_cat-komposite","7":"first","8":"instock","9":"product-type-variable"},"acf":[],"_links":{"self":[{"href":"https:\/\/schuetz-dental.de\/en\/wp-json\/wp\/v2\/product\/163352","targetHints":{"allow":["GET"]}}],"collection":[{"href":"https:\/\/schuetz-dental.de\/en\/wp-json\/wp\/v2\/product"}],"about":[{"href":"https:\/\/schuetz-dental.de\/en\/wp-json\/wp\/v2\/types\/product"}],"wp:attachment":[{"href":"https:\/\/schuetz-dental.de\/en\/wp-json\/wp\/v2\/media?parent=163352"}],"wp:term":[{"taxonomy":"product_brand","embeddable":true,"href":"https:\/\/schuetz-dental.de\/en\/wp-json\/wp\/v2\/product_brand?post=163352"},{"taxonomy":"product_cat","embeddable":true,"href":"https:\/\/schuetz-dental.de\/en\/wp-json\/wp\/v2\/product_cat?post=163352"},{"taxonomy":"product_tag","embeddable":true,"href":"https:\/\/schuetz-dental.de\/en\/wp-json\/wp\/v2\/product_tag?post=163352"}],"curies":[{"name":"wp","href":"https:\/\/api.w.org\/{rel}","templated":true}]}}