{"id":163368,"date":"2026-04-03T03:08:19","date_gmt":"2026-04-03T01:08:19","guid":{"rendered":"https:\/\/webshop.schuetz-dental.org\/product\/nanopaq-a1\/"},"modified":"2026-04-03T03:09:04","modified_gmt":"2026-04-03T01:09:04","slug":"nanopaq-a1","status":"publish","type":"product","link":"https:\/\/schuetz-dental.de\/en\/produkt\/nanopaq-a1\/","title":{"rendered":"NanoPaq A1"},"content":{"rendered":"<p>NanoPaq ist ein lichth\u00e4rtendes Nano-Komposit mit einem ultrafeinen Glasf\u00fcllstoff f\u00fcr die adh\u00e4sive F\u00fcllungstherapie.<\/p>\n<p>Aufgrund des ultrafeinen F\u00fcllstoffes stellen Sie sehr homogene Restaurationen her. Durch den gezielt eingestellten Cham\u00e4leoneffekt erhalten Sie eine optimale Farbanpassung der F\u00fcllung. Die hohe R\u00f6ntgenopazit\u00e4t macht eine sichere Kontrolle der F\u00fcllungen sehr gut m\u00f6glich. All das macht NanoPaq zu dem Komposit, mit dem Sie Front- und Seitenzahn-Restaurationen aller Black-Klassen anfertigen.<\/p>\n<p><strong>Erh\u00e4ltliche Farben:<\/strong><\/p>\n<ul>\n<li>Inzisalmassen:\u00a0IW (white), InTr (transparent), InBl (bleach), InU (universal), IR (red)<\/li>\n<li>Dentinmassen:\u00a0A1, A2, A3, A3.5, A4, B1, B2, B3, C2, D3<\/li>\n<li>Opakdentin:\u00a0OD A2, OD B2<\/li>\n<\/ul>\n","protected":false},"excerpt":{"rendered":"<p>Nano-Komposit mit herausragenden physikalischen Eigenschaften f\u00fcr ein hohes Ma\u00df an Sicherheit. Mehr \u00fcber die Vorteile dieses F\u00fcllungskomposits erfahren Sie hier.<\/p>\n","protected":false},"featured_media":0,"template":"","meta":{"_acf_changed":false,"_price":"70.6","_stock":"","_tribe_ticket_header":"","_tribe_default_ticket_provider":"","_tribe_ticket_capacity":"","_ticket_start_date":"","_ticket_end_date":"","_tribe_ticket_show_description":"","_tribe_ticket_show_not_going":false,"_tribe_ticket_use_global_stock":"","_tribe_ticket_global_stock_level":"","_global_stock_mode":"","_global_stock_cap":"","_tribe_rsvp_for_event":"","_tribe_ticket_going_count":"","_tribe_ticket_not_going_count":"","_tribe_tickets_list":"[]","_tribe_ticket_has_attendee_info_fields":false,"_tec_slr_enabled":"","_tec_slr_layout":""},"product_brand":[],"product_cat":[4524],"product_tag":[],"class_list":{"0":"post-163368","1":"product","2":"type-product","3":"status-publish","5":"product_cat-komposite","7":"first","8":"instock","9":"product-type-variable"},"acf":[],"_links":{"self":[{"href":"https:\/\/schuetz-dental.de\/en\/wp-json\/wp\/v2\/product\/163368","targetHints":{"allow":["GET"]}}],"collection":[{"href":"https:\/\/schuetz-dental.de\/en\/wp-json\/wp\/v2\/product"}],"about":[{"href":"https:\/\/schuetz-dental.de\/en\/wp-json\/wp\/v2\/types\/product"}],"wp:attachment":[{"href":"https:\/\/schuetz-dental.de\/en\/wp-json\/wp\/v2\/media?parent=163368"}],"wp:term":[{"taxonomy":"product_brand","embeddable":true,"href":"https:\/\/schuetz-dental.de\/en\/wp-json\/wp\/v2\/product_brand?post=163368"},{"taxonomy":"product_cat","embeddable":true,"href":"https:\/\/schuetz-dental.de\/en\/wp-json\/wp\/v2\/product_cat?post=163368"},{"taxonomy":"product_tag","embeddable":true,"href":"https:\/\/schuetz-dental.de\/en\/wp-json\/wp\/v2\/product_tag?post=163368"}],"curies":[{"name":"wp","href":"https:\/\/api.w.org\/{rel}","templated":true}]}}