{"id":163406,"date":"2026-04-17T03:12:03","date_gmt":"2026-04-17T01:12:03","guid":{"rendered":"https:\/\/webshop.schuetz-dental.org\/product\/after-bleaching-care-refill-set\/"},"modified":"2026-04-17T03:12:04","modified_gmt":"2026-04-17T01:12:04","slug":"after-bleaching-care-refill-set","status":"publish","type":"product","link":"https:\/\/schuetz-dental.de\/en\/produkt\/after-bleaching-care-refill-set\/","title":{"rendered":"After Bleaching Care Refill Set"},"content":{"rendered":"<p>After Bleaching Care ist eine wasserbasierte Creme, die nach dem <strong>Bleaching<\/strong> der Z\u00e4hne f\u00fcr <strong>Remineralisierung<\/strong> und Desensibilisierung sorgt.<\/p>\n<p><strong>Indikation:<\/strong><\/p>\n<ul>\n<li>Remineralisierung und Desensibilisierung von Z\u00e4hnen mit Hypersensibilit\u00e4t<\/li>\n<li>Remineralisierung und Desensibilisierung von Z\u00e4hnen nach Bleaching-Behandlung<\/li>\n<\/ul>\n<p><strong>Ihre Vorteile:<\/strong><\/p>\n<ul>\n<li>Aktiver Kariesschutz durch Xylitol<\/li>\n<li>Sehr effektiv, durch spezielle Zusammensetzung<\/li>\n<li>Angenehmer Geschmack\n<\/li>\n<\/ul>\n<p><strong>Inhalt:<\/strong><\/p>\n<ul>\n<li>5x 2 ml Spritze<\/li>\n<\/ul>\n","protected":false},"excerpt":{"rendered":"<p>Mit After Bleaching Care Remineralisierungs-Creme beugen Sie \u00fcberm\u00e4\u00dfige Sensibilit\u00e4t der Z\u00e4hne vor.<\/p>\n","protected":false},"featured_media":410450,"template":"","meta":{"_acf_changed":false,"_price":"119","_stock":"0.000000","_tribe_ticket_header":"","_tribe_default_ticket_provider":"","_tribe_ticket_capacity":"","_ticket_start_date":"","_ticket_end_date":"","_tribe_ticket_show_description":"","_tribe_ticket_show_not_going":false,"_tribe_ticket_use_global_stock":"","_tribe_ticket_global_stock_level":"","_global_stock_mode":"","_global_stock_cap":"","_tribe_rsvp_for_event":"","_tribe_ticket_going_count":"","_tribe_ticket_not_going_count":"","_tribe_tickets_list":"[]","_tribe_ticket_has_attendee_info_fields":false,"_tec_slr_enabled":"","_tec_slr_layout":""},"product_brand":[],"product_cat":[4525],"product_tag":[],"class_list":{"0":"post-163406","1":"product","2":"type-product","3":"status-publish","4":"has-post-thumbnail","6":"product_cat-bleaching","8":"first","9":"instock","10":"product-type-simple"},"acf":[],"_links":{"self":[{"href":"https:\/\/schuetz-dental.de\/en\/wp-json\/wp\/v2\/product\/163406","targetHints":{"allow":["GET"]}}],"collection":[{"href":"https:\/\/schuetz-dental.de\/en\/wp-json\/wp\/v2\/product"}],"about":[{"href":"https:\/\/schuetz-dental.de\/en\/wp-json\/wp\/v2\/types\/product"}],"wp:featuredmedia":[{"embeddable":true,"href":"https:\/\/schuetz-dental.de\/en\/wp-json\/wp\/v2\/media\/410450"}],"wp:attachment":[{"href":"https:\/\/schuetz-dental.de\/en\/wp-json\/wp\/v2\/media?parent=163406"}],"wp:term":[{"taxonomy":"product_brand","embeddable":true,"href":"https:\/\/schuetz-dental.de\/en\/wp-json\/wp\/v2\/product_brand?post=163406"},{"taxonomy":"product_cat","embeddable":true,"href":"https:\/\/schuetz-dental.de\/en\/wp-json\/wp\/v2\/product_cat?post=163406"},{"taxonomy":"product_tag","embeddable":true,"href":"https:\/\/schuetz-dental.de\/en\/wp-json\/wp\/v2\/product_tag?post=163406"}],"curies":[{"name":"wp","href":"https:\/\/api.w.org\/{rel}","templated":true}]}}