{"id":163426,"date":"2026-04-22T03:10:36","date_gmt":"2026-04-22T01:10:36","guid":{"rendered":"https:\/\/webshop.schuetz-dental.org\/product\/enamel-plus-temp-intro-kit-13-farben\/"},"modified":"2026-04-22T03:10:37","modified_gmt":"2026-04-22T01:10:37","slug":"enamel-plus-temp-intro-kit-13-farben","status":"publish","type":"product","link":"https:\/\/schuetz-dental.de\/en\/produkt\/enamel-plus-temp-intro-kit-13-farben\/","title":{"rendered":"Enamel plus Temp Intro Kit + 13 Farben"},"content":{"rendered":"<p><strong>\u00c4sthetik-System f\u00fcr Ihre Kunststoffprovisorien<\/strong><br \/>Biokompatibel** \u2013 Nicht toxisch** \u2013 Reduziert Plaqueanlagerung** \u2013 Fluoreszierend<\/p>\n<p>\u00c4STHETIK BEI TEMPOR\u00c4REN VERSORGUNGEN<br \/>Mit dem \u201eEnamel plus Temp\u201c wird neben der Funktion auch die \u00c4sthetik des sp\u00e4teren Zahnersatzes nachempfunden. Somit bieten tempor\u00e4re Versorgungen aus \u201eEnamel plus Temp\u201c die perfekte Grundlage f\u00fcr eine ganzheitliche diagnostische Versorgung. Dies bietet sowohl dem Patienten als auch dem Behandler die M\u00f6glichkeit, vor der endg\u00fcltigen Versorgung Anpassungen vorzunehmen, die sp\u00e4ter in die finale Arbeit \u00fcbernommen werden k\u00f6nnen.<\/p>\n<p><strong>Ihre Vorteile:<\/strong><\/p>\n<ul>\n<li>In wenigen Schritten zur perfekten Farbe<\/li>\n<li>Spezielle Schneidefarben<\/li>\n<li>Nat\u00fcrliche Farben, nahe dem nat\u00fcrlichen Zahn<\/li>\n<li>Sehr hohe Oberfl\u00e4chenh\u00e4rte f\u00fcr langlebige Versorgungen<\/li>\n<li>Schnell und gut zu polieren<\/li>\n<li>Hervorragende physikalische Eigenschaften<\/li>\n<\/ul>\n<p><strong>Inhalt:<\/p>\n<p><\/strong>Intro Kit:<\/p>\n<ul>\n<li>4 x Dentin, 50 g: UD2 (A2), UD3 (A3), UD3,5 (A3,5), UD4 (A4)<\/li>\n<li>1 x Universal Enamel UE2, 50 g<\/li>\n<li>1 x Opalescent Blue Enamel, 50 g<\/li>\n<li>1 x Selbstpolymerisierende Monomer-Fl\u00fcssigkeit, 100 ml<\/li>\n<li>1 x Enamel plus Temp Polierpaste, 100 g<\/li>\n<li>1 x Enamel plus Temp Polierb\u00fcrste<\/li>\n<\/ul>\n<p>+ 13 Farben,10 g:<\/p>\n<ul>\n<li>3 x Dentin: UD0 &#8211; UD1 (A1) &#8211; UD5<\/li>\n<li>5 x Enamel: UE1 &#8211; UE3 &#8211; Clear &#8211; White &#8211; Grey<\/li>\n<li>2 x Opak Dentin: DOL (light) &#8211; DOD (dark)<\/li>\n<li>2 x Modifier: MO (orange) &#8211; MY (yellow)<\/li>\n<li>1 x Pink f\u00fcr Papillen<\/li>\n<\/ul>\n<p>+ 1 x Lichtpolymerisierende Monomer- Fl\u00fcssigkeit, 10 ml<\/p>\n<p>\u00a0<\/p>\n<p>** Zytotoxizit\u00e4tstest mit direktem Zellkontakt ASTM F 813-83 und mit Agardiffusion nach ASTM F895-84 mit Test-Extraktion Irritations- und Allergiesensibilisierungstest<br \/>nach Buehler, OECD 406-92 und DIR CEE 93\/21.<\/p>\n","protected":false},"excerpt":{"rendered":"<p>\u00c4sthetik-System f\u00fcr Ihre Kunststoffprovisorien: Biokompatibel** \u2013 Nicht toxisch** \u2013 Reduziert Plaqueanlagerung** \u2013 Fluoreszierend<\/p>\n","protected":false},"featured_media":415971,"template":"","meta":{"_acf_changed":false,"_price":"341","_stock":"0.000000","_tribe_ticket_header":"","_tribe_default_ticket_provider":"","_tribe_ticket_capacity":"","_ticket_start_date":"","_ticket_end_date":"","_tribe_ticket_show_description":"","_tribe_ticket_show_not_going":false,"_tribe_ticket_use_global_stock":"","_tribe_ticket_global_stock_level":"","_global_stock_mode":"","_global_stock_cap":"","_tribe_rsvp_for_event":"","_tribe_ticket_going_count":"","_tribe_ticket_not_going_count":"","_tribe_tickets_list":"[]","_tribe_ticket_has_attendee_info_fields":false,"_tec_slr_enabled":"","_tec_slr_layout":""},"product_brand":[],"product_cat":[4518,4738],"product_tag":[],"class_list":{"0":"post-163426","1":"product","2":"type-product","3":"status-publish","4":"has-post-thumbnail","6":"product_cat-kb-material","7":"product_cat-provisorisches-kb-material","8":"product_shipping_class-gefahrgut","10":"first","11":"instock","12":"product-type-simple"},"acf":[],"_links":{"self":[{"href":"https:\/\/schuetz-dental.de\/en\/wp-json\/wp\/v2\/product\/163426","targetHints":{"allow":["GET"]}}],"collection":[{"href":"https:\/\/schuetz-dental.de\/en\/wp-json\/wp\/v2\/product"}],"about":[{"href":"https:\/\/schuetz-dental.de\/en\/wp-json\/wp\/v2\/types\/product"}],"wp:featuredmedia":[{"embeddable":true,"href":"https:\/\/schuetz-dental.de\/en\/wp-json\/wp\/v2\/media\/415971"}],"wp:attachment":[{"href":"https:\/\/schuetz-dental.de\/en\/wp-json\/wp\/v2\/media?parent=163426"}],"wp:term":[{"taxonomy":"product_brand","embeddable":true,"href":"https:\/\/schuetz-dental.de\/en\/wp-json\/wp\/v2\/product_brand?post=163426"},{"taxonomy":"product_cat","embeddable":true,"href":"https:\/\/schuetz-dental.de\/en\/wp-json\/wp\/v2\/product_cat?post=163426"},{"taxonomy":"product_tag","embeddable":true,"href":"https:\/\/schuetz-dental.de\/en\/wp-json\/wp\/v2\/product_tag?post=163426"}],"curies":[{"name":"wp","href":"https:\/\/api.w.org\/{rel}","templated":true}]}}