{"id":163469,"date":"2026-05-12T03:11:22","date_gmt":"2026-05-12T01:11:22","guid":{"rendered":"https:\/\/webshop.schuetz-dental.org\/product\/enamel-plus-temp-polierbuerste-12-stueck\/"},"modified":"2026-05-12T03:11:23","modified_gmt":"2026-05-12T01:11:23","slug":"enamel-plus-temp-polierbuerste-12-stueck","status":"publish","type":"product","link":"https:\/\/schuetz-dental.de\/en\/produkt\/enamel-plus-temp-polierbuerste-12-stueck\/","title":{"rendered":"Enamel plus Temp Polierb\u00fcrste, 12 St\u00fcck"},"content":{"rendered":"<p>Enamel plus Temp Polierb\u00fcrsten + Enamel plus Temp Polierpaste (Art.-Nr. 400044) f\u00fcr noch mehr \u00c4sthetik und Perfektion: Geben Sie Ihren hoch\u00e4sthetischen Enamel plus Temp Kunststoffprovisorien den Hochglanz, den sie verdienen.<\/p>\n","protected":false},"excerpt":{"rendered":"<p>Noch mehr \u00c4sthetik und Perfektion: Hochglanz f\u00fcr Ihre hoch\u00e4sthetischen Enamel plus Temp Kunststoffprovisorien<\/p>\n","protected":false},"featured_media":0,"template":"","meta":{"_acf_changed":false,"_price":"26.6","_stock":"0.000000","_tribe_ticket_header":"","_tribe_default_ticket_provider":"","_tribe_ticket_capacity":"","_ticket_start_date":"","_ticket_end_date":"","_tribe_ticket_show_description":"","_tribe_ticket_show_not_going":false,"_tribe_ticket_use_global_stock":"","_tribe_ticket_global_stock_level":"","_global_stock_mode":"","_global_stock_cap":"","_tribe_rsvp_for_event":"","_tribe_ticket_going_count":"","_tribe_ticket_not_going_count":"","_tribe_tickets_list":"[]","_tribe_ticket_has_attendee_info_fields":false,"_tec_slr_enabled":"","_tec_slr_layout":""},"product_brand":[],"product_cat":[4528,4738],"product_tag":[],"class_list":{"0":"post-163469","1":"product","2":"type-product","3":"status-publish","5":"product_cat-keramik-reparatursystem","6":"product_cat-provisorisches-kb-material","8":"first","9":"instock","10":"product-type-simple"},"acf":[],"_links":{"self":[{"href":"https:\/\/schuetz-dental.de\/en\/wp-json\/wp\/v2\/product\/163469","targetHints":{"allow":["GET"]}}],"collection":[{"href":"https:\/\/schuetz-dental.de\/en\/wp-json\/wp\/v2\/product"}],"about":[{"href":"https:\/\/schuetz-dental.de\/en\/wp-json\/wp\/v2\/types\/product"}],"wp:attachment":[{"href":"https:\/\/schuetz-dental.de\/en\/wp-json\/wp\/v2\/media?parent=163469"}],"wp:term":[{"taxonomy":"product_brand","embeddable":true,"href":"https:\/\/schuetz-dental.de\/en\/wp-json\/wp\/v2\/product_brand?post=163469"},{"taxonomy":"product_cat","embeddable":true,"href":"https:\/\/schuetz-dental.de\/en\/wp-json\/wp\/v2\/product_cat?post=163469"},{"taxonomy":"product_tag","embeddable":true,"href":"https:\/\/schuetz-dental.de\/en\/wp-json\/wp\/v2\/product_tag?post=163469"}],"curies":[{"name":"wp","href":"https:\/\/api.w.org\/{rel}","templated":true}]}}