{"id":163490,"date":"2026-04-03T03:10:14","date_gmt":"2026-04-03T01:10:14","guid":{"rendered":"https:\/\/webshop.schuetz-dental.org\/product\/enamel-plus-hfo-universal-dentin-minifills-ud1-a1\/"},"modified":"2026-04-03T03:10:21","modified_gmt":"2026-04-03T01:10:21","slug":"enamel-plus-hfo-universal-dentin-minifills-ud1-a1","status":"publish","type":"product","link":"https:\/\/schuetz-dental.de\/en\/produkt\/enamel-plus-hfo-universal-dentin-minifills-ud1-a1\/","title":{"rendered":"Enamel plus HFO Universal Dentin Minifills UD1 (A1)"},"content":{"rendered":"<p><strong>Das bew\u00e4hrte Komposit der Extraklasse<\/strong><\/p>\n<p><strong>Universal-Dentinmassen (UD- Universal Dentin)<\/strong><br \/>Die &#8220;&#8221;Universal-Dentin&#8221;&#8221; Massen sind besonders opak mit gleichzeitig hoher Fluoreszenz. Die Farbs\u00e4ttigung \u00e4hnelt der des nat\u00fcrlichen Zahns. Die hohe Leuchtkraft der Dentinmassen reduziert den &#8220;&#8221;Glas-Effekt&#8221;&#8221; (Graut\u00f6nung) der endg\u00fcltigen Restauration und erlaubt eine noch bessere Nutzung der opaleszenten- sowie der altersgem\u00e4\u00dfen Schmelzmassen.<\/p>\n<p><strong>Altersgem\u00e4\u00dfe Schmelzmassen (GE- Generic Enamel)<\/strong><br \/>Die &#8220;&#8221;Generic Enamel&#8221;&#8221; Massen sind weniger opak als die Dentinmassen. Sie haben au\u00dferdem eine kalibrierte Transluzenz, die dem Dentin-Farbton ein Durchschimmern erm\u00f6glicht, ohne die Leuchtkraft (Value) der Restauration zu beeintr\u00e4chtigen.<br \/>Verf\u00fcgbar in den Varianten GE3 (junger Patient), GE2 (erwachsener Patient) und GE1 (\u00e4lterer Patient)<\/p>\n","protected":false},"excerpt":{"rendered":"<p>Das bew\u00e4hrte Komposit der Extraklasse: Universal-Dentinmassen und altersgem\u00e4\u00dfe Schmelzmassen<\/p>\n","protected":false},"featured_media":0,"template":"","meta":{"_acf_changed":false,"_price":"79.5","_stock":"0.000000","_tribe_ticket_header":"","_tribe_default_ticket_provider":"","_tribe_ticket_capacity":"","_ticket_start_date":"","_ticket_end_date":"","_tribe_ticket_show_description":"","_tribe_ticket_show_not_going":false,"_tribe_ticket_use_global_stock":"","_tribe_ticket_global_stock_level":"","_global_stock_mode":"","_global_stock_cap":"","_tribe_rsvp_for_event":"","_tribe_ticket_going_count":"","_tribe_ticket_not_going_count":"","_tribe_tickets_list":"[]","_tribe_ticket_has_attendee_info_fields":false,"_tec_slr_enabled":"","_tec_slr_layout":""},"product_brand":[],"product_cat":[4524],"product_tag":[2579,2604,2582,2585,2576,2605],"class_list":{"0":"post-163490","1":"product","2":"type-product","3":"status-publish","5":"product_cat-komposite","6":"product_tag-composite","7":"product_tag-enamel","8":"product_tag-fuellung","9":"product_tag-fuellungsmaterial","10":"product_tag-komposit","11":"product_tag-micerium","13":"first","14":"instock","15":"product-type-simple"},"acf":[],"_links":{"self":[{"href":"https:\/\/schuetz-dental.de\/en\/wp-json\/wp\/v2\/product\/163490","targetHints":{"allow":["GET"]}}],"collection":[{"href":"https:\/\/schuetz-dental.de\/en\/wp-json\/wp\/v2\/product"}],"about":[{"href":"https:\/\/schuetz-dental.de\/en\/wp-json\/wp\/v2\/types\/product"}],"wp:attachment":[{"href":"https:\/\/schuetz-dental.de\/en\/wp-json\/wp\/v2\/media?parent=163490"}],"wp:term":[{"taxonomy":"product_brand","embeddable":true,"href":"https:\/\/schuetz-dental.de\/en\/wp-json\/wp\/v2\/product_brand?post=163490"},{"taxonomy":"product_cat","embeddable":true,"href":"https:\/\/schuetz-dental.de\/en\/wp-json\/wp\/v2\/product_cat?post=163490"},{"taxonomy":"product_tag","embeddable":true,"href":"https:\/\/schuetz-dental.de\/en\/wp-json\/wp\/v2\/product_tag?post=163490"}],"curies":[{"name":"wp","href":"https:\/\/api.w.org\/{rel}","templated":true}]}}