{"id":163518,"date":"2026-04-03T03:10:35","date_gmt":"2026-04-03T01:10:35","guid":{"rendered":"https:\/\/webshop.schuetz-dental.org\/product\/enamel-plus-hri-bio-function-enamel-minifills-1-14-minifills\/"},"modified":"2026-04-03T03:10:38","modified_gmt":"2026-04-03T01:10:38","slug":"enamel-plus-hri-bio-function-enamel-minifills-1-14-minifills","status":"publish","type":"product","link":"https:\/\/schuetz-dental.de\/en\/produkt\/enamel-plus-hri-bio-function-enamel-minifills-1-14-minifills\/","title":{"rendered":"ENAMEL plus HRi Bio Function Enamel Minifills 1 14 Minifills"},"content":{"rendered":"<p><strong>Biokompatible Materialien f\u00fcr \u00fcberragende Restaurationen<\/strong><\/p>\n<p>Das neue Komposit Enamel Plus HRi Bio Function erf\u00fcllt die Anspr\u00fcche vieler Patienten an eine Versorgung, die den Organismus wenig belastet und frei von unerw\u00fcnschten biologischen Nebenwirkungen ist.<br \/>Enamel HRi Plus HRi Bio Function ist Bis-GMA frei und enth\u00e4lt ausschlie\u00dflich gebundene Nano-Partikel, die vom Organismus nicht absorbiert werden k\u00f6nnen. Die komplette Serie enth\u00e4lt ein Bonding, Dentin- und Schmelzmassen sowie Flowables, einen Fissurenversiegler besonders f\u00fcr j\u00fcngere Patienten sowie ein provisorisches F\u00fcllmaterial. HRi Bio Function l\u00e4sst sich au\u00dferordentlich gut modellieren und polieren. Es ist sowohl f\u00fcr Front- als auch f\u00fcr Seitenzahnversorgungen einsetzbar.<\/p>\n","protected":false},"excerpt":{"rendered":"<p>Biokompatible Materialien f\u00fcr \u00fcberragende Restaurationen<\/p>\n","protected":false},"featured_media":0,"template":"","meta":{"_acf_changed":false,"_price":"65.42","_stock":"0.000000","_tribe_ticket_header":"","_tribe_default_ticket_provider":"","_tribe_ticket_capacity":"","_ticket_start_date":"","_ticket_end_date":"","_tribe_ticket_show_description":"","_tribe_ticket_show_not_going":false,"_tribe_ticket_use_global_stock":"","_tribe_ticket_global_stock_level":"","_global_stock_mode":"","_global_stock_cap":"","_tribe_rsvp_for_event":"","_tribe_ticket_going_count":"","_tribe_ticket_not_going_count":"","_tribe_tickets_list":"[]","_tribe_ticket_has_attendee_info_fields":false,"_tec_slr_enabled":"","_tec_slr_layout":""},"product_brand":[],"product_cat":[4524],"product_tag":[2606,2604,2582,2585,2576,2605],"class_list":{"0":"post-163518","1":"product","2":"type-product","3":"status-publish","5":"product_cat-komposite","6":"product_tag-comoposite","7":"product_tag-enamel","8":"product_tag-fuellung","9":"product_tag-fuellungsmaterial","10":"product_tag-komposit","11":"product_tag-micerium","13":"first","14":"instock","15":"product-type-simple"},"acf":[],"_links":{"self":[{"href":"https:\/\/schuetz-dental.de\/en\/wp-json\/wp\/v2\/product\/163518","targetHints":{"allow":["GET"]}}],"collection":[{"href":"https:\/\/schuetz-dental.de\/en\/wp-json\/wp\/v2\/product"}],"about":[{"href":"https:\/\/schuetz-dental.de\/en\/wp-json\/wp\/v2\/types\/product"}],"wp:attachment":[{"href":"https:\/\/schuetz-dental.de\/en\/wp-json\/wp\/v2\/media?parent=163518"}],"wp:term":[{"taxonomy":"product_brand","embeddable":true,"href":"https:\/\/schuetz-dental.de\/en\/wp-json\/wp\/v2\/product_brand?post=163518"},{"taxonomy":"product_cat","embeddable":true,"href":"https:\/\/schuetz-dental.de\/en\/wp-json\/wp\/v2\/product_cat?post=163518"},{"taxonomy":"product_tag","embeddable":true,"href":"https:\/\/schuetz-dental.de\/en\/wp-json\/wp\/v2\/product_tag?post=163518"}],"curies":[{"name":"wp","href":"https:\/\/api.w.org\/{rel}","templated":true}]}}