{"id":163522,"date":"2026-04-17T03:14:39","date_gmt":"2026-04-17T01:14:39","guid":{"rendered":"https:\/\/webshop.schuetz-dental.org\/product\/enamel-plus-hri-bio-function-minifill-trial-kit\/"},"modified":"2026-04-17T03:14:40","modified_gmt":"2026-04-17T01:14:40","slug":"enamel-plus-hri-bio-function-minifill-trial-kit","status":"publish","type":"product","link":"https:\/\/schuetz-dental.de\/en\/produkt\/enamel-plus-hri-bio-function-minifill-trial-kit\/","title":{"rendered":"Enamel plus HRi Bio Function Minifill Trial Kit"},"content":{"rendered":"<p><strong>Biokompatible Materialien f\u00fcr \u00fcberragende Restaurationen<\/strong><\/p>\n<p>Das neue Komposit Enamel Plus HRi Bio Function erf\u00fcllt die Anspr\u00fcche vieler Patienten an eine Versorgung, die den Organismus wenig belastet und frei von unerw\u00fcnschten biologischen Nebenwirkungen ist.<br \/>Enamel HRi Plus HRi Bio Function ist Bis-GMA frei und enth\u00e4lt ausschlie\u00dflich gebundene Nano-Partikel, die vom Organismus nicht absorbiert werden k\u00f6nnen. Die komplette Serie enth\u00e4lt ein Bonding, Dentin- und Schmelzmassen sowie Flowables, einen Fissurenversiegler besonders f\u00fcr j\u00fcngere Patienten sowie ein provisorisches F\u00fcllmaterial. HRi Bio Function l\u00e4sst sich au\u00dferordentlich gut modellieren und polieren. Es ist sowohl f\u00fcr Front- als auch f\u00fcr Seitenzahnversorgungen einsetzbar.<\/p>\n<p><strong>Set-Inhalt:<\/strong><\/p>\n<ul>\n<li>36 Minifiills \u00e0 0,3 g<\/li>\n<li>Bio Function Dentin: BD1 (A1), BD2 (A2), BD3 (A3), BD4 (A4)<\/li>\n<li>Bio Function Enamel: BF2, BF3<\/li>\n<\/ul>\n","protected":false},"excerpt":{"rendered":"<p>Biokompatible Materialien f\u00fcr \u00fcberragende Restaurationen<\/p>\n","protected":false},"featured_media":0,"template":"","meta":{"_acf_changed":false,"_price":"218.4","_stock":"0.000000","_tribe_ticket_header":"","_tribe_default_ticket_provider":"","_tribe_ticket_capacity":"","_ticket_start_date":"","_ticket_end_date":"","_tribe_ticket_show_description":"","_tribe_ticket_show_not_going":false,"_tribe_ticket_use_global_stock":"","_tribe_ticket_global_stock_level":"","_global_stock_mode":"","_global_stock_cap":"","_tribe_rsvp_for_event":"","_tribe_ticket_going_count":"","_tribe_ticket_not_going_count":"","_tribe_tickets_list":"[]","_tribe_ticket_has_attendee_info_fields":false,"_tec_slr_enabled":"","_tec_slr_layout":""},"product_brand":[],"product_cat":[4524],"product_tag":[],"class_list":{"0":"post-163522","1":"product","2":"type-product","3":"status-publish","5":"product_cat-komposite","7":"first","8":"instock","9":"product-type-simple"},"acf":[],"_links":{"self":[{"href":"https:\/\/schuetz-dental.de\/en\/wp-json\/wp\/v2\/product\/163522","targetHints":{"allow":["GET"]}}],"collection":[{"href":"https:\/\/schuetz-dental.de\/en\/wp-json\/wp\/v2\/product"}],"about":[{"href":"https:\/\/schuetz-dental.de\/en\/wp-json\/wp\/v2\/types\/product"}],"wp:attachment":[{"href":"https:\/\/schuetz-dental.de\/en\/wp-json\/wp\/v2\/media?parent=163522"}],"wp:term":[{"taxonomy":"product_brand","embeddable":true,"href":"https:\/\/schuetz-dental.de\/en\/wp-json\/wp\/v2\/product_brand?post=163522"},{"taxonomy":"product_cat","embeddable":true,"href":"https:\/\/schuetz-dental.de\/en\/wp-json\/wp\/v2\/product_cat?post=163522"},{"taxonomy":"product_tag","embeddable":true,"href":"https:\/\/schuetz-dental.de\/en\/wp-json\/wp\/v2\/product_tag?post=163522"}],"curies":[{"name":"wp","href":"https:\/\/api.w.org\/{rel}","templated":true}]}}