{"id":163548,"date":"2026-04-03T03:10:48","date_gmt":"2026-04-03T01:10:48","guid":{"rendered":"https:\/\/webshop.schuetz-dental.org\/product\/enamel-plus-hri-ng-flow-mini-kit\/"},"modified":"2026-04-03T03:10:48","modified_gmt":"2026-04-03T01:10:48","slug":"enamel-plus-hri-ng-flow-mini-kit","status":"publish","type":"product","link":"https:\/\/schuetz-dental.de\/en\/produkt\/enamel-plus-hri-ng-flow-mini-kit\/","title":{"rendered":"Enamel plus HRi NG Flow Mini-Kit"},"content":{"rendered":"<p><strong>Das standfeste Flow mit hohem F\u00fcllstoffanteil<\/strong><\/p>\n<p>Das Enamel plus HRi Flow HF ist aufgrund seines hohen F\u00fcllstoffgehalts von 77 % das ideale Flowkomposit f\u00fcr viele Indikationen. Es ist stark fluoreszent und hat eine sehr hohe Viskosit\u00e4t und Elastizit\u00e4t. HRi Flow HF \u00fcberzeugt zudem mit einer hervorragenden R\u00f6ntgensichtbarkeit.<\/p>\n<p>HRi Flow ist als Kavit\u00e4tenliner in Frontzahnkavit\u00e4ten, bei direkten und indirekten Seitenzahnrestaurationen sowie f\u00fcr Klasse-V-Restaurationen geeignet.<\/p>\n<p><strong>Set-Inhalt:<\/strong><\/p>\n<ul>\n<li>5 Spritzen je 2 g Dentinmassen: UD1, UD2, UD3, UD3,5, UD4<\/li>\n<\/ul>\n","protected":false},"excerpt":{"rendered":"<p>Das standfeste Flow mit hohem F\u00fcllstoffanteil \u2013 stark fluoreszent, sehr hohe Viskosit\u00e4t und Elastizit\u00e4t<\/p>\n","protected":false},"featured_media":0,"template":"","meta":{"_acf_changed":false,"_price":"179.2","_stock":"0.000000","_tribe_ticket_header":"","_tribe_default_ticket_provider":"","_tribe_ticket_capacity":"","_ticket_start_date":"","_ticket_end_date":"","_tribe_ticket_show_description":"","_tribe_ticket_show_not_going":false,"_tribe_ticket_use_global_stock":"","_tribe_ticket_global_stock_level":"","_global_stock_mode":"","_global_stock_cap":"","_tribe_rsvp_for_event":"","_tribe_ticket_going_count":"","_tribe_ticket_not_going_count":"","_tribe_tickets_list":"[]","_tribe_ticket_has_attendee_info_fields":false,"_tec_slr_enabled":"","_tec_slr_layout":""},"product_brand":[],"product_cat":[4524],"product_tag":[],"class_list":{"0":"post-163548","1":"product","2":"type-product","3":"status-publish","5":"product_cat-komposite","7":"first","8":"instock","9":"product-type-simple"},"acf":[],"_links":{"self":[{"href":"https:\/\/schuetz-dental.de\/en\/wp-json\/wp\/v2\/product\/163548","targetHints":{"allow":["GET"]}}],"collection":[{"href":"https:\/\/schuetz-dental.de\/en\/wp-json\/wp\/v2\/product"}],"about":[{"href":"https:\/\/schuetz-dental.de\/en\/wp-json\/wp\/v2\/types\/product"}],"wp:attachment":[{"href":"https:\/\/schuetz-dental.de\/en\/wp-json\/wp\/v2\/media?parent=163548"}],"wp:term":[{"taxonomy":"product_brand","embeddable":true,"href":"https:\/\/schuetz-dental.de\/en\/wp-json\/wp\/v2\/product_brand?post=163548"},{"taxonomy":"product_cat","embeddable":true,"href":"https:\/\/schuetz-dental.de\/en\/wp-json\/wp\/v2\/product_cat?post=163548"},{"taxonomy":"product_tag","embeddable":true,"href":"https:\/\/schuetz-dental.de\/en\/wp-json\/wp\/v2\/product_tag?post=163548"}],"curies":[{"name":"wp","href":"https:\/\/api.w.org\/{rel}","templated":true}]}}