{"id":163550,"date":"2026-04-17T03:14:54","date_gmt":"2026-04-17T01:14:54","guid":{"rendered":"https:\/\/webshop.schuetz-dental.org\/product\/enamel-plus-hri-bio-function-pedo-kit\/"},"modified":"2026-04-17T03:14:55","modified_gmt":"2026-04-17T01:14:55","slug":"enamel-plus-hri-bio-function-pedo-kit","status":"publish","type":"product","link":"https:\/\/schuetz-dental.de\/en\/produkt\/enamel-plus-hri-bio-function-pedo-kit\/","title":{"rendered":"Enamel plus HRi Bio Function Pedo Kit"},"content":{"rendered":"<p>Das Komposit ist speziell f\u00fcr die Restauration von Seitenz\u00e4hnen entwickelt worden. Aufgrund seiner mechanischen und funktionellen Eigenschaften, die denen von Gold sehr \u00e4hnlich sind, ist es f\u00fcr direkte und indirekte Versorgungen gleichermassen geeignet.<\/p>\n<p><strong>Set-Inhalt:<\/strong><\/p>\n<ul>\n<li>3 Spritzen je 2,5 g &#8220;&#8221;Function&#8221;&#8221;: BF3, BD0, BD1<\/li>\n<li>1 Spritze 2 g HRi Flow UD 1<\/li>\n<\/ul>\n","protected":false},"excerpt":{"rendered":"<p>Biokompatible Materialien f\u00fcr \u00fcberragende Restaurationen + standfestes Flow mit hohem F\u00fcllstoffanteil<\/p>\n","protected":false},"featured_media":0,"template":"","meta":{"_acf_changed":false,"_price":"130.9","_stock":"0.000000","_tribe_ticket_header":"","_tribe_default_ticket_provider":"","_tribe_ticket_capacity":"","_ticket_start_date":"","_ticket_end_date":"","_tribe_ticket_show_description":"","_tribe_ticket_show_not_going":false,"_tribe_ticket_use_global_stock":"","_tribe_ticket_global_stock_level":"","_global_stock_mode":"","_global_stock_cap":"","_tribe_rsvp_for_event":"","_tribe_ticket_going_count":"","_tribe_ticket_not_going_count":"","_tribe_tickets_list":"[]","_tribe_ticket_has_attendee_info_fields":false,"_tec_slr_enabled":"","_tec_slr_layout":""},"product_brand":[],"product_cat":[4524],"product_tag":[],"class_list":{"0":"post-163550","1":"product","2":"type-product","3":"status-publish","5":"product_cat-komposite","7":"first","8":"instock","9":"product-type-simple"},"acf":[],"_links":{"self":[{"href":"https:\/\/schuetz-dental.de\/en\/wp-json\/wp\/v2\/product\/163550","targetHints":{"allow":["GET"]}}],"collection":[{"href":"https:\/\/schuetz-dental.de\/en\/wp-json\/wp\/v2\/product"}],"about":[{"href":"https:\/\/schuetz-dental.de\/en\/wp-json\/wp\/v2\/types\/product"}],"wp:attachment":[{"href":"https:\/\/schuetz-dental.de\/en\/wp-json\/wp\/v2\/media?parent=163550"}],"wp:term":[{"taxonomy":"product_brand","embeddable":true,"href":"https:\/\/schuetz-dental.de\/en\/wp-json\/wp\/v2\/product_brand?post=163550"},{"taxonomy":"product_cat","embeddable":true,"href":"https:\/\/schuetz-dental.de\/en\/wp-json\/wp\/v2\/product_cat?post=163550"},{"taxonomy":"product_tag","embeddable":true,"href":"https:\/\/schuetz-dental.de\/en\/wp-json\/wp\/v2\/product_tag?post=163550"}],"curies":[{"name":"wp","href":"https:\/\/api.w.org\/{rel}","templated":true}]}}