{"id":163587,"date":"2026-04-15T03:12:34","date_gmt":"2026-04-15T01:12:34","guid":{"rendered":"https:\/\/webshop.schuetz-dental.org\/product\/ena-cad-block-s-6-stueck-147-x-147-x-18-mm\/"},"modified":"2026-04-15T03:13:01","modified_gmt":"2026-04-15T01:13:01","slug":"ena-cad-block-s-6-stueck-147-x-147-x-18-mm","status":"publish","type":"product","link":"https:\/\/schuetz-dental.de\/en\/produkt\/ena-cad-block-s-6-stueck-147-x-147-x-18-mm\/","title":{"rendered":"Ena Cad Block S (6 St\u00fcck), 14,7 x 14,7 x 18 mm"},"content":{"rendered":"<p>ENA CAD hat eine \u00e4hnliche H\u00e4rte wie Komposit f\u00fcr Restaurationen. Es ist nicht so hart wie Zirkoniumdioxid, Dentalkeramik oder andere Polymere und Hybride. Dementsprechend l\u00e4sst es sich leichter fr\u00e4sen, und seine physikalischen Eigenschaften kommen den nat\u00fcrlichen Z\u00e4hnen n\u00e4her als andere Restaurationsmaterialien. Dadurch kann ENA CAD die Kaubelastung besser absorbieren und ist ein ideales Material f\u00fcr Inlays, Onlays, Kronen und Implantataufbauten.<br \/>&nbsp;<\/p>\n<p>Die ENA CAD-Ronden und -Bl\u00f6cke Monolayer sind verf\u00fcgbar in den Farben: &nbsp;UD0, UD0,5, UD1, UD2, UD3 und UD3,5.&nbsp;<\/p>\n<p>Um eine bessere asthetische Integration insbesondere im Frontzahnbereich zu bieten, gibt es zus\u00e4tzlich Multilayer Discs in den Farben UD1, UD2, UD3 und UD3,5.<\/p>\n","protected":false},"excerpt":{"rendered":"<p>Mit ENA CAD-Ronden und -Bl\u00f6cken lassen sich vollanatomisch-monolithische Kronen, Inlays und Suprastrukturen, auch Implantat-gest\u00fctzt, f\u00fcr funktionelle, \u00e4sthetische Restaurationen herstellen.<\/p>\n","protected":false},"featured_media":405075,"template":"","meta":{"_acf_changed":false,"_price":"186.48","_stock":"","_tribe_ticket_header":"","_tribe_default_ticket_provider":"","_tribe_ticket_capacity":"","_ticket_start_date":"","_ticket_end_date":"","_tribe_ticket_show_description":"","_tribe_ticket_show_not_going":false,"_tribe_ticket_use_global_stock":"","_tribe_ticket_global_stock_level":"","_global_stock_mode":"","_global_stock_cap":"","_tribe_rsvp_for_event":"","_tribe_ticket_going_count":"","_tribe_ticket_not_going_count":"","_tribe_tickets_list":"[]","_tribe_ticket_has_attendee_info_fields":false,"_tec_slr_enabled":"","_tec_slr_layout":""},"product_brand":[],"product_cat":[4521],"product_tag":[2609,2610,2607,2608],"class_list":{"0":"post-163587","1":"product","2":"type-product","3":"status-publish","4":"has-post-thumbnail","6":"product_cat-blanks","7":"product_tag-block","8":"product_tag-blocks","9":"product_tag-ena","10":"product_tag-ena-cad","12":"first","13":"instock","14":"product-type-variable"},"acf":[],"_links":{"self":[{"href":"https:\/\/schuetz-dental.de\/en\/wp-json\/wp\/v2\/product\/163587","targetHints":{"allow":["GET"]}}],"collection":[{"href":"https:\/\/schuetz-dental.de\/en\/wp-json\/wp\/v2\/product"}],"about":[{"href":"https:\/\/schuetz-dental.de\/en\/wp-json\/wp\/v2\/types\/product"}],"wp:featuredmedia":[{"embeddable":true,"href":"https:\/\/schuetz-dental.de\/en\/wp-json\/wp\/v2\/media\/405075"}],"wp:attachment":[{"href":"https:\/\/schuetz-dental.de\/en\/wp-json\/wp\/v2\/media?parent=163587"}],"wp:term":[{"taxonomy":"product_brand","embeddable":true,"href":"https:\/\/schuetz-dental.de\/en\/wp-json\/wp\/v2\/product_brand?post=163587"},{"taxonomy":"product_cat","embeddable":true,"href":"https:\/\/schuetz-dental.de\/en\/wp-json\/wp\/v2\/product_cat?post=163587"},{"taxonomy":"product_tag","embeddable":true,"href":"https:\/\/schuetz-dental.de\/en\/wp-json\/wp\/v2\/product_tag?post=163587"}],"curies":[{"name":"wp","href":"https:\/\/api.w.org\/{rel}","templated":true}]}}