{"id":163611,"date":"2026-04-15T03:12:38","date_gmt":"2026-04-15T01:12:38","guid":{"rendered":"https:\/\/webshop.schuetz-dental.org\/product\/artikulator-galetti\/"},"modified":"2026-04-15T03:12:39","modified_gmt":"2026-04-15T01:12:39","slug":"artikulator-galetti","status":"publish","type":"product","link":"https:\/\/schuetz-dental.de\/en\/produkt\/artikulator-galetti\/","title":{"rendered":"Artikulator Galetti"},"content":{"rendered":"<p>Artikualtor mit dem Sie Ihre Gipsmodelle individuell einstellen.<\/p>\n<p><strong>Ihre Vorteile:<\/strong><\/p>\n<ul>\n<li><strong>Sofortmontage<\/strong> zur Kontrolle des Registrates: Sie k\u00f6nnen Ihr Registratergebnis \u00fcberpr\u00fcfen, solange der Patient noch da ist.<\/li>\n<li><strong>Optimierte<\/strong> Kinematik verringert Absenkungsfehler gegen\u00fcber konventionellen Artikulatoren, auch <strong>ohne Gesichtsbogen\u00fcbertragung.\u00a0<\/strong><\/li>\n<li>Ideal f\u00fcr <strong>funktionsdiagnostische<\/strong> Zwecke\/schnelle <strong>Okklusionanalyse<\/strong>.<\/li>\n<li><strong>Schnelle<\/strong> Vorbereitung von <strong>Registrierbehelfen<\/strong>: Egal ob paraokklusale L\u00f6ffel, <strong>Registrierschablonen<\/strong> f\u00fcr St\u00fctzstifttechnik, ballistische Registrate oder konventionelle Zentrikplatten. Die Schnellmontage unterst\u00fctzt alle zahntechnischen Vorbereitungen f\u00fcr ein Registrat <strong>optimal<\/strong>.<\/li>\n<li>Herstellung von passgenauen Silikonschl\u00fcsseln f\u00fcr die <strong>Kondylenpositionsanalyse<\/strong> (zebris EPA) in korrekter Kieferrelation.<\/li>\n<li><strong>Optimierung<\/strong> der <strong>Arbeitsabl\u00e4ufe<\/strong> bei der Schienenherstellung und Schienenkontrolle.<\/li>\n<li><strong>Sofortmontage<\/strong> nach neuem Registrat erlaubt das unmittelbare Einschleifen einer Schiene im <strong>Artikulator<\/strong> in derselben Sitzung.<\/li>\n<\/ul>\n","protected":false},"excerpt":{"rendered":"<p>Artikulator, mit dem Sie Ihre Gipsmodelle individuell einstellen.<\/p>\n","protected":false},"featured_media":405087,"template":"","meta":{"_acf_changed":false,"_price":"427.9","_stock":"0.000000","_tribe_ticket_header":"","_tribe_default_ticket_provider":"","_tribe_ticket_capacity":"","_ticket_start_date":"","_ticket_end_date":"","_tribe_ticket_show_description":"","_tribe_ticket_show_not_going":false,"_tribe_ticket_use_global_stock":"","_tribe_ticket_global_stock_level":"","_global_stock_mode":"","_global_stock_cap":"","_tribe_rsvp_for_event":"","_tribe_ticket_going_count":"","_tribe_ticket_not_going_count":"","_tribe_tickets_list":"[]","_tribe_ticket_has_attendee_info_fields":false,"_tec_slr_enabled":"","_tec_slr_layout":""},"product_brand":[],"product_cat":[4531,4740],"product_tag":[],"class_list":{"0":"post-163611","1":"product","2":"type-product","3":"status-publish","4":"has-post-thumbnail","6":"product_cat-zubehoer","9":"first","10":"instock","11":"product-type-simple"},"acf":[],"_links":{"self":[{"href":"https:\/\/schuetz-dental.de\/en\/wp-json\/wp\/v2\/product\/163611","targetHints":{"allow":["GET"]}}],"collection":[{"href":"https:\/\/schuetz-dental.de\/en\/wp-json\/wp\/v2\/product"}],"about":[{"href":"https:\/\/schuetz-dental.de\/en\/wp-json\/wp\/v2\/types\/product"}],"wp:featuredmedia":[{"embeddable":true,"href":"https:\/\/schuetz-dental.de\/en\/wp-json\/wp\/v2\/media\/405087"}],"wp:attachment":[{"href":"https:\/\/schuetz-dental.de\/en\/wp-json\/wp\/v2\/media?parent=163611"}],"wp:term":[{"taxonomy":"product_brand","embeddable":true,"href":"https:\/\/schuetz-dental.de\/en\/wp-json\/wp\/v2\/product_brand?post=163611"},{"taxonomy":"product_cat","embeddable":true,"href":"https:\/\/schuetz-dental.de\/en\/wp-json\/wp\/v2\/product_cat?post=163611"},{"taxonomy":"product_tag","embeddable":true,"href":"https:\/\/schuetz-dental.de\/en\/wp-json\/wp\/v2\/product_tag?post=163611"}],"curies":[{"name":"wp","href":"https:\/\/api.w.org\/{rel}","templated":true}]}}