{"id":163631,"date":"2026-04-17T03:16:18","date_gmt":"2026-04-17T01:16:18","guid":{"rendered":"https:\/\/webshop.schuetz-dental.org\/product\/digitaler-uebertragungstisch-fuer-artex-artikulatoren-multisplit-adesso-split\/"},"modified":"2026-04-17T03:16:19","modified_gmt":"2026-04-17T01:16:19","slug":"digitaler-uebertragungstisch-fuer-artex-artikulatoren-multisplit-adesso-split","status":"publish","type":"product","link":"https:\/\/schuetz-dental.de\/en\/produkt\/digitaler-uebertragungstisch-fuer-artex-artikulatoren-multisplit-adesso-split\/","title":{"rendered":"Digitaler \u00dcbertragungstisch, f\u00fcr Artex Artikulatoren (Multisplit\/Adesso Split)"},"content":{"rendered":"<p>Der digitale \u00dcbertragungstisch f\u00fcr das zebris JMAnalyser+ System bzw. Tizian JMA Optic System by zebris erm\u00f6glicht Ihnen die \u00dcbertragung der Kieferposition in den Artex Artikulator mit dem Adesso Multisplit\u00ae System anhand der Bissgabel Typ SD.<\/p>\n<p><strong>Inhalt:<\/strong><\/p>\n<ul>\n<li>3x Bissgabel Typ SD mit Schraubengewinde<\/li>\n<li>Bissgabeladapter<\/li>\n<li>Systemkoffer<\/li>\n<li>1 Satz Positionierungsschrauben (je 3x pro Typ)<\/li>\n<li>5x Positionierungsfolie<\/li>\n<li>Kurzanleitung<\/li>\n<\/ul>\n","protected":false},"excerpt":{"rendered":"<p>\u00dcbertragen Sie schnell und einfach die Kieferposition Ihres Patienten in den Artex Artikulator.<\/p>\n","protected":false},"featured_media":410593,"template":"","meta":{"_acf_changed":false,"_price":"676","_stock":"0.000000","_tribe_ticket_header":"","_tribe_default_ticket_provider":"","_tribe_ticket_capacity":"","_ticket_start_date":"","_ticket_end_date":"","_tribe_ticket_show_description":"","_tribe_ticket_show_not_going":false,"_tribe_ticket_use_global_stock":"","_tribe_ticket_global_stock_level":"","_global_stock_mode":"","_global_stock_cap":"","_tribe_rsvp_for_event":"","_tribe_ticket_going_count":"","_tribe_ticket_not_going_count":"","_tribe_tickets_list":"[]","_tribe_ticket_has_attendee_info_fields":false,"_tec_slr_enabled":"","_tec_slr_layout":""},"product_brand":[],"product_cat":[4531,4740],"product_tag":[],"class_list":{"0":"post-163631","1":"product","2":"type-product","3":"status-publish","4":"has-post-thumbnail","6":"product_cat-zubehoer","9":"first","10":"instock","11":"product-type-simple"},"acf":[],"_links":{"self":[{"href":"https:\/\/schuetz-dental.de\/en\/wp-json\/wp\/v2\/product\/163631","targetHints":{"allow":["GET"]}}],"collection":[{"href":"https:\/\/schuetz-dental.de\/en\/wp-json\/wp\/v2\/product"}],"about":[{"href":"https:\/\/schuetz-dental.de\/en\/wp-json\/wp\/v2\/types\/product"}],"wp:featuredmedia":[{"embeddable":true,"href":"https:\/\/schuetz-dental.de\/en\/wp-json\/wp\/v2\/media\/410593"}],"wp:attachment":[{"href":"https:\/\/schuetz-dental.de\/en\/wp-json\/wp\/v2\/media?parent=163631"}],"wp:term":[{"taxonomy":"product_brand","embeddable":true,"href":"https:\/\/schuetz-dental.de\/en\/wp-json\/wp\/v2\/product_brand?post=163631"},{"taxonomy":"product_cat","embeddable":true,"href":"https:\/\/schuetz-dental.de\/en\/wp-json\/wp\/v2\/product_cat?post=163631"},{"taxonomy":"product_tag","embeddable":true,"href":"https:\/\/schuetz-dental.de\/en\/wp-json\/wp\/v2\/product_tag?post=163631"}],"curies":[{"name":"wp","href":"https:\/\/api.w.org\/{rel}","templated":true}]}}