{"id":163643,"date":"2026-04-15T03:12:43","date_gmt":"2026-04-15T01:12:43","guid":{"rendered":"https:\/\/webshop.schuetz-dental.org\/product\/zebris-kopplungsloeffel\/"},"modified":"2026-04-15T03:12:44","modified_gmt":"2026-04-15T01:12:44","slug":"zebris-kopplungsloeffel","status":"publish","type":"product","link":"https:\/\/schuetz-dental.de\/en\/produkt\/zebris-kopplungsloeffel\/","title":{"rendered":"zebris Kopplungsl\u00f6ffel"},"content":{"rendered":"<p>Die Innovation des Kopplungsl\u00f6ffels im zebris JMAnalyser<sup>+<\/sup>\u00a0Kiefervermessungssystem (64-Bit Version) erm\u00f6glicht es Ihnen, die realen Bewegungsabl\u00e4ufe Ihres Patienten erstmalig in die digitale Welt zu \u00fcbertragen. Durch den patentierten Kopplungsl\u00f6ffel, der als Gesichtsbogen f\u00fcr die digitale Umgebung dient, erfolgt die Anbindung der Daten an das Tizian CAD\/CAM System von Sch\u00fctz Dental. Mit Hilfe der Tizian Creativ RT CAD-Software machen Sie fortan die Bewegungsdaten Ihres Patienten nutzbar.<\/p>\n<p>\u201eReal Movement\u201c \u2013 dabei ist der Name Programm! Dieses Tool des zebris JMAnalyser<sup>+\u00a0<\/sup>erm\u00f6glicht Ihnen exklusiv die Aufzeichnung der realen Bewegungsbahn und der wirklichen Position des Oberkiefers Ihres Patienten. In der Vergangenheit konnte \u00fcber den virtuellen Artikulator lediglich die bestm\u00f6glich simulierbare Bewegungsbahn des Artikulators im Verh\u00e4ltnis zu den Daten Ihres Patienten abgebildet werden. Eine tats\u00e4chliche Abbildung des wirklichen Bewegungsverlaufs war nicht m\u00f6glich.<\/p>\n<p>Ab jetzt \u00fcbernehmen Sie die wahrhaftigen Bewegungsmuster Ihres Patienten und dessen faktischen Bewegungsablauf im Mund und \u00fcbertragen diese realen Daten mittels der Tizian Creativ RT CAD-Software in die digitale Welt. Das Nachfahren der Bewegungsmuster in der Software wird anhand der tats\u00e4chlichen Kieferbewegung des Patienten abgebildet.<\/p>\n<p>Das Vorgehen eignet sich insbesondere f\u00fcr vollanatomische (monolithische) Restaurationen, die Sie schnell und dynamisch einschleifen k\u00f6nnen. Der Zahnersatz wird passgenau auf die reale Situation im Mund angefertigt und erm\u00f6glicht Ihrem Patienten einen gesunden und angenehmen Biss.<\/p>\n","protected":false},"excerpt":{"rendered":"<p>Mit dem zebris Kopplungsl\u00f6ffel \u00fcbertragen Sie die Position des Oberkiefers Ihres Patienten in die 3D-Welt der CAD-Software.<\/p>\n","protected":false},"featured_media":405111,"template":"","meta":{"_acf_changed":false,"_price":"21.1","_stock":"0.000000","_tribe_ticket_header":"","_tribe_default_ticket_provider":"","_tribe_ticket_capacity":"","_ticket_start_date":"","_ticket_end_date":"","_tribe_ticket_show_description":"","_tribe_ticket_show_not_going":false,"_tribe_ticket_use_global_stock":"","_tribe_ticket_global_stock_level":"","_global_stock_mode":"","_global_stock_cap":"","_tribe_rsvp_for_event":"","_tribe_ticket_going_count":"","_tribe_ticket_not_going_count":"","_tribe_tickets_list":"[]","_tribe_ticket_has_attendee_info_fields":false,"_tec_slr_enabled":"","_tec_slr_layout":""},"product_brand":[],"product_cat":[4531,4740],"product_tag":[2813,2821,2820,2791],"class_list":{"0":"post-163643","1":"product","2":"type-product","3":"status-publish","4":"has-post-thumbnail","6":"product_cat-zubehoer","8":"product_tag-bite-fork","9":"product_tag-coupling-tray","10":"product_tag-kopplungsloeffel","11":"product_tag-zebris","13":"first","14":"instock","15":"product-type-simple"},"acf":[],"_links":{"self":[{"href":"https:\/\/schuetz-dental.de\/en\/wp-json\/wp\/v2\/product\/163643","targetHints":{"allow":["GET"]}}],"collection":[{"href":"https:\/\/schuetz-dental.de\/en\/wp-json\/wp\/v2\/product"}],"about":[{"href":"https:\/\/schuetz-dental.de\/en\/wp-json\/wp\/v2\/types\/product"}],"wp:featuredmedia":[{"embeddable":true,"href":"https:\/\/schuetz-dental.de\/en\/wp-json\/wp\/v2\/media\/405111"}],"wp:attachment":[{"href":"https:\/\/schuetz-dental.de\/en\/wp-json\/wp\/v2\/media?parent=163643"}],"wp:term":[{"taxonomy":"product_brand","embeddable":true,"href":"https:\/\/schuetz-dental.de\/en\/wp-json\/wp\/v2\/product_brand?post=163643"},{"taxonomy":"product_cat","embeddable":true,"href":"https:\/\/schuetz-dental.de\/en\/wp-json\/wp\/v2\/product_cat?post=163643"},{"taxonomy":"product_tag","embeddable":true,"href":"https:\/\/schuetz-dental.de\/en\/wp-json\/wp\/v2\/product_tag?post=163643"}],"curies":[{"name":"wp","href":"https:\/\/api.w.org\/{rel}","templated":true}]}}