{"id":163649,"date":"2026-04-15T03:12:45","date_gmt":"2026-04-15T01:12:45","guid":{"rendered":"https:\/\/webshop.schuetz-dental.org\/product\/zebris-modul-datenbank-konfiguration\/"},"modified":"2026-04-15T03:12:46","modified_gmt":"2026-04-15T01:12:46","slug":"zebris-modul-datenbank-konfiguration","status":"publish","type":"product","link":"https:\/\/schuetz-dental.de\/en\/produkt\/zebris-modul-datenbank-konfiguration\/","title":{"rendered":"zebris Modul Datenbank Konfiguration"},"content":{"rendered":"<p>Sparen Sie endlich die immer wertvoller werdende Zeit mit dem zebris Modul zur Datenbank Konfiguration.\u00a0<br \/>\u2013 weil es so viel Wichtigeres gibt als sich mit B\u00fcrokratie und Datenbankpflege besch\u00e4ftigen zu m\u00fcssen.<\/p>\n<p>Bislang wird ein fester Exportpfad vorgegeben z. B. f\u00fcr das Auslagern der Patientendaten auf dem Server Ihres Praxisnetzwerkes. Dieses Zusatzmodul gew\u00e4hrt Ihnen nun die\u00a0<strong>freie Wahl des Datenbank-Exportpfades<\/strong>. Au\u00dferdem geh\u00f6rt das ausschlie\u00dfliche Speichern der Patientendaten auf dem lokalen Rechner nun der Vergangenheit an, denn mit diesem Modul wird<strong>\u00a0t\u00e4glich eine automatische Sicherung der Patientendaten<\/strong>\u00a0\u00fcber Ihren Praxisserver erstellt. Manuelle Backups k\u00f6nnen selbstverst\u00e4ndlich weiterhin zus\u00e4tzlich erstellt werden.<\/p>\n<p><strong>Ihre Vorteile:<\/strong><\/p>\n<ul>\n<li>Freie Wahl des Exportpfades<\/li>\n<li>T\u00e4gliche automatische Sicherung Ihrer Patientendaten<\/li>\n<li>Enorme Zeitersparnis und Arbeitserleichterung<\/li>\n<\/ul>\n","protected":false},"excerpt":{"rendered":"<p>Dieses Zusatzmodul erleichtert Ihnen die Datenbankpflege und spart Ihnen kostbare Zeit.<\/p>\n","protected":false},"featured_media":0,"template":"","meta":{"_acf_changed":false,"_price":"520","_stock":"0.000000","_tribe_ticket_header":"","_tribe_default_ticket_provider":"","_tribe_ticket_capacity":"","_ticket_start_date":"","_ticket_end_date":"","_tribe_ticket_show_description":"","_tribe_ticket_show_not_going":false,"_tribe_ticket_use_global_stock":"","_tribe_ticket_global_stock_level":"","_global_stock_mode":"","_global_stock_cap":"","_tribe_rsvp_for_event":"","_tribe_ticket_going_count":"","_tribe_ticket_not_going_count":"","_tribe_tickets_list":"[]","_tribe_ticket_has_attendee_info_fields":false,"_tec_slr_enabled":"","_tec_slr_layout":""},"product_brand":[],"product_cat":[4717,4741],"product_tag":[4893,4890,4894,4887,4895,2791],"class_list":{"0":"post-163649","1":"product","2":"type-product","3":"status-publish","5":"product_cat-softwaremodule","7":"product_tag-datenbank","8":"product_tag-jmt-function-pro","9":"product_tag-konfiguration","10":"product_tag-modul","11":"product_tag-module-for-database-configuration","12":"product_tag-zebris","14":"first","15":"instock","16":"product-type-simple"},"acf":[],"_links":{"self":[{"href":"https:\/\/schuetz-dental.de\/en\/wp-json\/wp\/v2\/product\/163649","targetHints":{"allow":["GET"]}}],"collection":[{"href":"https:\/\/schuetz-dental.de\/en\/wp-json\/wp\/v2\/product"}],"about":[{"href":"https:\/\/schuetz-dental.de\/en\/wp-json\/wp\/v2\/types\/product"}],"wp:attachment":[{"href":"https:\/\/schuetz-dental.de\/en\/wp-json\/wp\/v2\/media?parent=163649"}],"wp:term":[{"taxonomy":"product_brand","embeddable":true,"href":"https:\/\/schuetz-dental.de\/en\/wp-json\/wp\/v2\/product_brand?post=163649"},{"taxonomy":"product_cat","embeddable":true,"href":"https:\/\/schuetz-dental.de\/en\/wp-json\/wp\/v2\/product_cat?post=163649"},{"taxonomy":"product_tag","embeddable":true,"href":"https:\/\/schuetz-dental.de\/en\/wp-json\/wp\/v2\/product_tag?post=163649"}],"curies":[{"name":"wp","href":"https:\/\/api.w.org\/{rel}","templated":true}]}}