{"id":163675,"date":"2026-04-15T03:12:49","date_gmt":"2026-04-15T01:12:49","guid":{"rendered":"https:\/\/webshop.schuetz-dental.org\/product\/digitaler-uebertragungstisch-fuer-artex-artikulatoren-splitex\/"},"modified":"2026-04-15T03:12:50","modified_gmt":"2026-04-15T01:12:50","slug":"digitaler-uebertragungstisch-fuer-artex-artikulatoren-splitex","status":"publish","type":"product","link":"https:\/\/schuetz-dental.de\/en\/produkt\/digitaler-uebertragungstisch-fuer-artex-artikulatoren-splitex\/","title":{"rendered":"Digitaler \u00dcbertragungstisch, f\u00fcr Artex Artikulatoren (Splitex)"},"content":{"rendered":"<p><strong>F\u00fcr Ihr zebris JMAnalyser+ System bzw. Ihr Tizian JMA Optic System by zebris<\/strong><\/p>\n<p>Erm\u00f6glicht die \u00dcbertragung der Kieferposition in den Artex Artikulator mit dem Splitex\u00ae Split System<\/p>\n<p>Inklusive 3x Bissgabel Typ SD mit Schraubengewinde, Bissgabeladapter, Positionierschraubenset, 3x Fixiermuttern und 5x Positionierungsfolie inkl. Kurzanleitung<\/p>\n","protected":false},"excerpt":{"rendered":"<p>Erm\u00f6glicht die \u00dcbertragung der Kieferposition in den Artex Artikulator mit dem Splitex\u00ae Split System<\/p>\n","protected":false},"featured_media":405137,"template":"","meta":{"_acf_changed":false,"_price":"676","_stock":"0.000000","_tribe_ticket_header":"","_tribe_default_ticket_provider":"","_tribe_ticket_capacity":"","_ticket_start_date":"","_ticket_end_date":"","_tribe_ticket_show_description":"","_tribe_ticket_show_not_going":false,"_tribe_ticket_use_global_stock":"","_tribe_ticket_global_stock_level":"","_global_stock_mode":"","_global_stock_cap":"","_tribe_rsvp_for_event":"","_tribe_ticket_going_count":"","_tribe_ticket_not_going_count":"","_tribe_tickets_list":"[]","_tribe_ticket_has_attendee_info_fields":false,"_tec_slr_enabled":"","_tec_slr_layout":""},"product_brand":[],"product_cat":[4531],"product_tag":[],"class_list":{"0":"post-163675","1":"product","2":"type-product","3":"status-publish","4":"has-post-thumbnail","6":"product_cat-zubehoer","8":"first","9":"instock","10":"product-type-simple"},"acf":[],"_links":{"self":[{"href":"https:\/\/schuetz-dental.de\/en\/wp-json\/wp\/v2\/product\/163675","targetHints":{"allow":["GET"]}}],"collection":[{"href":"https:\/\/schuetz-dental.de\/en\/wp-json\/wp\/v2\/product"}],"about":[{"href":"https:\/\/schuetz-dental.de\/en\/wp-json\/wp\/v2\/types\/product"}],"wp:featuredmedia":[{"embeddable":true,"href":"https:\/\/schuetz-dental.de\/en\/wp-json\/wp\/v2\/media\/405137"}],"wp:attachment":[{"href":"https:\/\/schuetz-dental.de\/en\/wp-json\/wp\/v2\/media?parent=163675"}],"wp:term":[{"taxonomy":"product_brand","embeddable":true,"href":"https:\/\/schuetz-dental.de\/en\/wp-json\/wp\/v2\/product_brand?post=163675"},{"taxonomy":"product_cat","embeddable":true,"href":"https:\/\/schuetz-dental.de\/en\/wp-json\/wp\/v2\/product_cat?post=163675"},{"taxonomy":"product_tag","embeddable":true,"href":"https:\/\/schuetz-dental.de\/en\/wp-json\/wp\/v2\/product_tag?post=163675"}],"curies":[{"name":"wp","href":"https:\/\/api.w.org\/{rel}","templated":true}]}}