{"id":163689,"date":"2026-04-22T03:14:59","date_gmt":"2026-04-22T01:14:59","guid":{"rendered":"https:\/\/webshop.schuetz-dental.org\/product\/itero-lumina-cart-inkl-serviceplan-1-jahr\/"},"modified":"2026-04-22T03:17:01","modified_gmt":"2026-04-22T01:17:01","slug":"itero-lumina-cart-inkl-serviceplan-1-jahr","status":"publish","type":"product","link":"https:\/\/schuetz-dental.de\/en\/produkt\/itero-lumina-cart-inkl-serviceplan-1-jahr\/","title":{"rendered":"iTero Lumina Cart, inkl. Serviceplan 1 Jahr"},"content":{"rendered":"<p><b>Die n\u00e4chste Generation der digitalen Scan-Technologie.&nbsp;<\/b><\/p>\n<div><\/div>\n<div>Mit der iTero Multi-Direct Capture\u2122 Technologie erm\u00f6glicht der iTero Lumina\u2122 Intraoralscanner <b>wegweisende Fortschritte in der intraoralen Bildgebung<\/b>.  Durch den <b>m\u00fchelosen Scanvorgang<\/b> und die <b>beeindruckende Visualisierung<\/b> setzt dieses System neue Ma\u00dfst\u00e4be in Sachen Praxis Performance.    Der iTero Lumina\u2122 Intraoralscanner mit iTero Direct Multi-Capture\u2122 Technologie erm\u00f6glicht eine schnellere, einfachere und genauere Erfassung von mehr Daten in hervorragender Qualit\u00e4t.    Ein <b>gro\u00dfes Sichtfeld<\/b> und eine <b>maximale Tiefensch\u00e4rfe<\/b> von 25 mm sorgen daf\u00fcr, dass komplexe Bereiche wie Gaumen, unbezahnte Bereiche, teilweise durchgebrochene Z\u00e4hne und Engst\u00e4nde leichter erfasst werden k\u00f6nnen.&nbsp;<\/div>\n<div><span style=\"letter-spacing: 0px;\"><b>Wesentliche Vorteile&nbsp;<\/b><\/span><\/div>\n<div>\n<ul>\n<li>Klare klinische Entscheidungen. Die erweiterte Datenerfassung, die hohe Genauigkeit und die neue, fortschrittliche Software erm\u00f6glichen durchgehend die gleichen kieferorthop\u00e4dischen klinischen Beurteilungen wie intraorale Fotoaufnahmen.&nbsp;<\/li>\n<li>Praxiseffizienz und -entwicklung. Dank der hohen Geschwindigkeit und einem au\u00dfergew\u00f6hnlich gro\u00dfen Sichtfeld und hoher Tiefensch\u00e4rfe scannen Sie m\u00fchelos. Der Intraoralscanner muss nur selten neu positioniert werden, und Ihre Patienten profitieren von einer hervorragenden Ergonomie und mehr Komfort w\u00e4hrend der Aufnahme.&nbsp;<\/li>\n<li>Patientenkomfort und -mitarbeit werden gesteigert. Bieten Sie Ihren erwachsenen, jugendlichen und heranwachsenden Patienten mehr Behandlungskomfort durch ein kleines Handst\u00fcck und eine hohe Scangeschwindigkeit. Die au\u00dfergew\u00f6hnliche Qualit\u00e4t der Visualisierungen und Simulationen des 3D-Modells tr\u00e4gt au\u00dferdem zu einer verbesserten Patientenkommunikation und -mitarbeit bei.<\/li>\n<\/ul>\n<\/div>\n","protected":false},"excerpt":{"rendered":"<p>Die n\u00e4chste Generation der digitalen Scan-Technologie.<\/p>\n","protected":false},"featured_media":416149,"template":"","meta":{"_acf_changed":false,"_price":"0","_stock":"","_tribe_ticket_header":"","_tribe_default_ticket_provider":"","_tribe_ticket_capacity":"","_ticket_start_date":"","_ticket_end_date":"","_tribe_ticket_show_description":"","_tribe_ticket_show_not_going":false,"_tribe_ticket_use_global_stock":"","_tribe_ticket_global_stock_level":"","_global_stock_mode":"","_global_stock_cap":"","_tribe_rsvp_for_event":"","_tribe_ticket_going_count":"","_tribe_ticket_not_going_count":"","_tribe_tickets_list":"[]","_tribe_ticket_has_attendee_info_fields":false,"_tec_slr_enabled":"","_tec_slr_layout":""},"product_brand":[],"product_cat":[4532,4533],"product_tag":[],"class_list":{"0":"post-163689","1":"product","2":"type-product","3":"status-publish","4":"has-post-thumbnail","6":"product_cat-intraoral-scanner","7":"product_cat-scanner","9":"first","10":"instock","11":"product-type-variable"},"acf":[],"_links":{"self":[{"href":"https:\/\/schuetz-dental.de\/en\/wp-json\/wp\/v2\/product\/163689","targetHints":{"allow":["GET"]}}],"collection":[{"href":"https:\/\/schuetz-dental.de\/en\/wp-json\/wp\/v2\/product"}],"about":[{"href":"https:\/\/schuetz-dental.de\/en\/wp-json\/wp\/v2\/types\/product"}],"wp:featuredmedia":[{"embeddable":true,"href":"https:\/\/schuetz-dental.de\/en\/wp-json\/wp\/v2\/media\/416149"}],"wp:attachment":[{"href":"https:\/\/schuetz-dental.de\/en\/wp-json\/wp\/v2\/media?parent=163689"}],"wp:term":[{"taxonomy":"product_brand","embeddable":true,"href":"https:\/\/schuetz-dental.de\/en\/wp-json\/wp\/v2\/product_brand?post=163689"},{"taxonomy":"product_cat","embeddable":true,"href":"https:\/\/schuetz-dental.de\/en\/wp-json\/wp\/v2\/product_cat?post=163689"},{"taxonomy":"product_tag","embeddable":true,"href":"https:\/\/schuetz-dental.de\/en\/wp-json\/wp\/v2\/product_tag?post=163689"}],"curies":[{"name":"wp","href":"https:\/\/api.w.org\/{rel}","templated":true}]}}