{"id":163713,"date":"2026-04-22T03:16:03","date_gmt":"2026-04-22T01:16:03","guid":{"rendered":"https:\/\/webshop.schuetz-dental.org\/product\/scanaufsatz-tip-4-stueck\/"},"modified":"2026-04-22T03:17:01","modified_gmt":"2026-04-22T01:17:01","slug":"scanaufsatz-tip-4-stueck","status":"publish","type":"product","link":"https:\/\/schuetz-dental.de\/en\/produkt\/scanaufsatz-tip-4-stueck\/","title":{"rendered":"Scanaufsatz\/Tip (4 St\u00fcck)"},"content":{"rendered":"<p>4 Scan-Aufs\u00e4tze f\u00fcr Ihren Medit i700w\/i700\/i600 Intraoral-Scanner.<\/p>\n<p>Zur einfachen Anwendung im posterioren Bereich bei Patienten mit kleiner Mundh\u00f6hle<\/p>\n<p>Gr\u00f6\u00dfe der Spitze:<br \/>\nArt.-Nr. 523080: 14,8 x 19,0 mm (B x H)<br \/>\nArt.-Nr. 523076: 17,1 x 22,5 mm (B x H) <\/p>\n<p>Bis zu 150x autoklavierbar<\/p>\n","protected":false},"excerpt":{"rendered":"<p>Zur einfachen Anwendung im posterioren Bereich bei Patienten mit kleiner Mundh\u00f6hle<\/p>\n","protected":false},"featured_media":0,"template":"","meta":{"_acf_changed":false,"_price":"250","_stock":"","_tribe_ticket_header":"","_tribe_default_ticket_provider":"","_tribe_ticket_capacity":"","_ticket_start_date":"","_ticket_end_date":"","_tribe_ticket_show_description":"","_tribe_ticket_show_not_going":false,"_tribe_ticket_use_global_stock":"","_tribe_ticket_global_stock_level":"","_global_stock_mode":"","_global_stock_cap":"","_tribe_rsvp_for_event":"","_tribe_ticket_going_count":"","_tribe_ticket_not_going_count":"","_tribe_tickets_list":"[]","_tribe_ticket_has_attendee_info_fields":false,"_tec_slr_enabled":"","_tec_slr_layout":""},"product_brand":[],"product_cat":[4532],"product_tag":[],"class_list":{"0":"post-163713","1":"product","2":"type-product","3":"status-publish","5":"product_cat-intraoral-scanner","7":"first","8":"instock","9":"product-type-variable"},"acf":[],"_links":{"self":[{"href":"https:\/\/schuetz-dental.de\/en\/wp-json\/wp\/v2\/product\/163713","targetHints":{"allow":["GET"]}}],"collection":[{"href":"https:\/\/schuetz-dental.de\/en\/wp-json\/wp\/v2\/product"}],"about":[{"href":"https:\/\/schuetz-dental.de\/en\/wp-json\/wp\/v2\/types\/product"}],"wp:attachment":[{"href":"https:\/\/schuetz-dental.de\/en\/wp-json\/wp\/v2\/media?parent=163713"}],"wp:term":[{"taxonomy":"product_brand","embeddable":true,"href":"https:\/\/schuetz-dental.de\/en\/wp-json\/wp\/v2\/product_brand?post=163713"},{"taxonomy":"product_cat","embeddable":true,"href":"https:\/\/schuetz-dental.de\/en\/wp-json\/wp\/v2\/product_cat?post=163713"},{"taxonomy":"product_tag","embeddable":true,"href":"https:\/\/schuetz-dental.de\/en\/wp-json\/wp\/v2\/product_tag?post=163713"}],"curies":[{"name":"wp","href":"https:\/\/api.w.org\/{rel}","templated":true}]}}