{"id":163720,"date":"2026-04-22T03:16:06","date_gmt":"2026-04-22T01:16:06","guid":{"rendered":"https:\/\/webshop.schuetz-dental.org\/product\/tizian-smart-scan-plus-3-0\/"},"modified":"2026-04-22T03:16:08","modified_gmt":"2026-04-22T01:16:08","slug":"tizian-smart-scan-plus-3-0","status":"publish","type":"product","link":"https:\/\/schuetz-dental.de\/en\/produkt\/tizian-smart-scan-plus-3-0\/","title":{"rendered":"Tizian Smart-Scan Plus 3.0"},"content":{"rendered":"<p><strong>Der neue Tizian Smart-Scan Plus 3.0<br \/>Streifenlicht LED Labor-Tischscanner<\/strong><\/p>\n<p><strong>Erreichen Sie mehr mit weniger Aufwand<\/strong><br \/>Ein eleganter hochentwickelter Scanner, der nicht nur gut, sondern auch mit Stil funktioniert<\/p>\n<p><strong>1. Superschnelles Scannen<\/strong><br \/> Scannen Sie mit unserer hochwertigen Hardware und optimierten Software. F\u00fchren Sie mit dem Tizian Smart-Scan Plus 3.0 eine Ganzkieferabtastung in nur 8 Sekunden durch.<\/p>\n<p><strong>2. Hohe Genauigkeit<\/strong><br \/> Genauigkeit bis zu 4 Mikrometer<\/p>\n<p><strong>3. Offenes System<\/strong><br \/> Genie\u00dfen Sie die Freiheit unseres offenen Systems, mit dem Sie Dateien im STL Format importieren und exportieren k\u00f6nnen, sodass Sie mit fast jeder Software Ihre Entw\u00fcrfe anfertigen k\u00f6nnen.<\/p>\n<p><strong>4. Flexibles Multi-Modell-Scannen<\/strong><br \/> Machen Sie Ihre Arbeit noch effizienter, indem Sie mit dem flexiblen Multi-Modell-Scannen einen Ganz- oder Teilkieferscan mit mehreren Matrizen gleichzeitig erstellen.<\/p>\n<p><strong>5. Hochaufl\u00f6sende Kameras<\/strong><br \/> Unsere 5,0 MP Kameras sorgen f\u00fcr hochaufl\u00f6sende detaillierte Scan Daten. Scannen Sie mehr Objekte gleichzeitig dank des gr\u00f6\u00dferen Scan-Bereichs. Mit dem Vier-Kamera-System deckt der Tizian Smart-Scan Plus 3.0 einen weiten Scanbereich ab und eliminiert tote Winkel.<\/p>\n<p><strong>6. Automatisches Anheben<\/strong><br \/> Einfach zu bedienen: Dank unserer Funktion zum automatischen Anheben k\u00f6nnen Sie sich vom \u00dcbereinanderstapeln von Zwischenhaltevorrichtungen f\u00fcr die richtige Scanposition verabschieden.<\/p>\n<p>\u00a0<\/p>\n<p><strong>Perfekt integriert &#8230;<\/strong><br \/><strong>&#8230; in den Complete Digital Workflow von Sch\u00fctz Dental<\/strong><\/p>\n<p>Ob Zahntechniker, Zahnarzt oder Implantologe: Heben Sie sich jetzt von Ihrem Wettbewerb ab.<\/p>\n<ul>\n<li>Hohe Sicherheit: Der direkte Import der Daten minimiert die Fehlerquote.<\/li>\n<li>Voraussehbare Erfolge: Schon bei der Planung alle wichtigen Kriterien f\u00fcr eine Top-\u00c4sthetik und Funktion mit einbeziehen.<\/li>\n<li>Unabh\u00e4ngigkeit: Durch die offenen Systemkomponenten.<\/li>\n<li>H\u00f6here Kosteneffizienz: Durch den direkten Import der verschiedenen Daten beschleunigen Sie Ihren Arbeitsprozess.<\/li>\n<li>Erstklassiger Support: Da die Komponenten aus einem Hause kommen, haben Sie immer den richtigen Ansprechpartner.\n<\/li>\n<\/ul>\n<p><strong>Technische Daten:<\/strong><\/p>\n<p>Genauigkeit (ISO 12836):<strong> 4 \u00b5m<\/strong><br \/>Scangeschwindigkeit Ganzkieferabtastung: <strong>8 Sek. (7 Schnitt)<\/strong><br \/>Scangeschwindigkeit Ganzkieferabdruck: <strong>45 Sek.<\/strong><br \/>Lichtquelle: <strong>Blaue LED, 150 ANSI-Lumen<\/strong><br \/>Abmessungen: <strong>505 mm x 271 mm x 340 mm<\/strong><br \/>Gewicht: <strong>ca. 15 kg<\/strong><\/p>\n","protected":false},"excerpt":{"rendered":"<p>Streifenlicht LED Labor-Tischscanner mit einer extrem hohen Genauigkeit von bis zu 4 \u00b5m.<\/p>\n","protected":false},"featured_media":416179,"template":"","meta":{"_acf_changed":false,"_price":"15900","_stock":"0.000000","_tribe_ticket_header":"","_tribe_default_ticket_provider":"","_tribe_ticket_capacity":"","_ticket_start_date":"","_ticket_end_date":"","_tribe_ticket_show_description":"","_tribe_ticket_show_not_going":false,"_tribe_ticket_use_global_stock":"","_tribe_ticket_global_stock_level":"","_global_stock_mode":"","_global_stock_cap":"","_tribe_rsvp_for_event":"","_tribe_ticket_going_count":"","_tribe_ticket_not_going_count":"","_tribe_tickets_list":"[]","_tribe_ticket_has_attendee_info_fields":false,"_tec_slr_enabled":"","_tec_slr_layout":""},"product_brand":[],"product_cat":[4533],"product_tag":[2706,4910,2647,4920,4919,4909,4908,4914,4923,2766,4922,4917,4918,4916,4915,4921,4913,4912,4911],"class_list":{"0":"post-163720","1":"product","2":"type-product","3":"status-publish","4":"has-post-thumbnail","6":"product_cat-scanner","7":"product_tag-complete-digital-workflow","8":"product_tag-dental-scanner","9":"product_tag-digital","10":"product_tag-digital-workflow","11":"product_tag-digitaler-workflow","12":"product_tag-labor-scanner","13":"product_tag-laborscanner","14":"product_tag-led","15":"product_tag-m","16":"product_tag-medit","17":"product_tag-medit-t710","18":"product_tag-scan-plus","19":"product_tag-scanner","20":"product_tag-smart-scan","21":"product_tag-streifenlicht","22":"product_tag-t710","23":"product_tag-tabletopscanner","24":"product_tag-tisch-scanner","25":"product_tag-tischscanner","27":"first","28":"instock","29":"product-type-simple"},"acf":[],"_links":{"self":[{"href":"https:\/\/schuetz-dental.de\/en\/wp-json\/wp\/v2\/product\/163720","targetHints":{"allow":["GET"]}}],"collection":[{"href":"https:\/\/schuetz-dental.de\/en\/wp-json\/wp\/v2\/product"}],"about":[{"href":"https:\/\/schuetz-dental.de\/en\/wp-json\/wp\/v2\/types\/product"}],"wp:featuredmedia":[{"embeddable":true,"href":"https:\/\/schuetz-dental.de\/en\/wp-json\/wp\/v2\/media\/416179"}],"wp:attachment":[{"href":"https:\/\/schuetz-dental.de\/en\/wp-json\/wp\/v2\/media?parent=163720"}],"wp:term":[{"taxonomy":"product_brand","embeddable":true,"href":"https:\/\/schuetz-dental.de\/en\/wp-json\/wp\/v2\/product_brand?post=163720"},{"taxonomy":"product_cat","embeddable":true,"href":"https:\/\/schuetz-dental.de\/en\/wp-json\/wp\/v2\/product_cat?post=163720"},{"taxonomy":"product_tag","embeddable":true,"href":"https:\/\/schuetz-dental.de\/en\/wp-json\/wp\/v2\/product_tag?post=163720"}],"curies":[{"name":"wp","href":"https:\/\/api.w.org\/{rel}","templated":true}]}}