{"id":163736,"date":"2026-04-17T03:16:39","date_gmt":"2026-04-17T01:16:39","guid":{"rendered":"https:\/\/webshop.schuetz-dental.org\/product\/coritec-am100-metall-3d-drucker-lpbf\/"},"modified":"2026-04-17T03:16:40","modified_gmt":"2026-04-17T01:16:40","slug":"coritec-am100-metall-3d-drucker-lpbf","status":"publish","type":"product","link":"https:\/\/schuetz-dental.de\/en\/produkt\/coritec-am100-metall-3d-drucker-lpbf\/","title":{"rendered":"CORiTEC AM100 Metall 3D-Drucker (LPBF)"},"content":{"rendered":"<p>&#8220;<\/p>\n<p><strong>Der perfekte Workflow und das Ergebnis im Fokus<\/strong><\/p>\n<p>Ausgestattet mit einem 200 Watt Faserlaser mit einem Fokusdurchmesser von 45 ?m erm\u00f6glich die AM100 die Herstellung von komplexen Geometrien auf einer Fl\u00e4che von 150 x 150 x 150 mm. Und das bei einer Geschwindigkeit von bis zu 3000 mm\/s. Die CORiTEC AM100 kann bis zu 250 Dentaleinheiten pro Bearbeitungsvorgang produzieren. Pro Tag sind bis zu 500\u00a0Dentaleinheiten\u00a0m\u00f6glich. Die CORiTEC AM100 ist optimal auf das Kobalt-Chrom (CoCr) Dentallegierungspulver zur Herstellung von Zahnersatz im Laserschmelzverfahren abgestimmt. Mit ihrer modernen Produktionstechnik ist die CORiTEC AM100 sowohl f\u00fcr Kronen als auch Implantatkonstruktionen, Klammermodellguss, Teleskop- und Konusarbeiten geeignet.<\/p>\n<p><strong>Effizienz und Nachhaltigkeit<\/strong><br \/>Die CORiTEC AM100 verf\u00fcgt \u00fcber ein innovatives Kartuschensystem sowie eine integrierte Ultraschall-Siebeinheit, die f\u00fcr eine hohe Sicherheit und maximale Wirtschaftlichkeit sorgt.<\/p>\n<p><strong>Hybridfertigung<\/strong><br \/>Perfekt aufeinander abgestimmte Systeme aus einer Hand<\/p>\n<p>Die perfekte Symbiose von SLA Druck und hochpr\u00e4ziser Nacharbeit mit <a title=\"\"Tizian 3.5 Fr\u00e4smaschine\"\" href=\"\"https:\/\/www.schuetz-dental.de\/de\/zahntechnik\/cadcam\/fraesmaschinen\/tizian-cut-5.2-linie\/6905\/tizian-3.5-loader-pro-fraesmaschine-inkl.-2-6-kw-hochfrequenz-spindel-8-edelstahl-blankhaltern\"\">Tizian 3.5<\/a> in Verbindung mit <a title=\"\"Renshaw DS 10 taktiler Scanner\"\" href=\"\"https:\/\/www.schuetz-dental.de\/de\/zahntechnik\/cadcam\/scanner\/3132\/renishaw-scanner-ds-10-taktiler-scanner?number=523301\"\">Renishaw DS 10 taktiler Scanner<\/a>. Gedruckt auf einer 98 mm gro\u00dfen Bauplattform werden die Objekte einseitig in der Fr\u00e4smaschine auf Passung nachgefr\u00e4st. Kombitechnik und Implantat-Versorgungen maximal automatisiert.<\/p>\n<p>\u00a0<\/p>\n<p><strong>Technische Highlights<\/strong><\/p>\n<ul>\n<li>200 Watt Faserlaser<\/li>\n<li>Ein Fokusdurchmesser von 45 ?m<\/li>\n<li>20-80 ?m Schichth\u00f6he<\/li>\n<li>Kein direkter Pulverkontakt erforderlich<\/li>\n<li>Gesiebtes und recyceltes Pulver kann wiederverwendet werden<\/li>\n<li>Bis zu 250 Dentaleinheiten pro Bearbeitungsvorgang \u2013 500 Einheiten pro Tag<\/li>\n<li>Konstruktion komplexer Bauformen m\u00f6glich<\/li>\n<\/ul>\n<p>\u00a0<\/p>\n<p>&#8220;<\/p>\n","protected":false},"excerpt":{"rendered":"<p>Der perfekte Workflow und das Ergebnis im Fokus<\/p>\n","protected":false},"featured_media":410679,"template":"","meta":{"_acf_changed":false,"_price":"129950","_stock":"0.000000","_tribe_ticket_header":"","_tribe_default_ticket_provider":"","_tribe_ticket_capacity":"","_ticket_start_date":"","_ticket_end_date":"","_tribe_ticket_show_description":"","_tribe_ticket_show_not_going":false,"_tribe_ticket_use_global_stock":"","_tribe_ticket_global_stock_level":"","_global_stock_mode":"","_global_stock_cap":"","_tribe_rsvp_for_event":"","_tribe_ticket_going_count":"","_tribe_ticket_not_going_count":"","_tribe_tickets_list":"[]","_tribe_ticket_has_attendee_info_fields":false,"_tec_slr_enabled":"","_tec_slr_layout":""},"product_brand":[],"product_cat":[4719],"product_tag":[],"class_list":{"0":"post-163736","1":"product","2":"type-product","3":"status-publish","4":"has-post-thumbnail","6":"product_cat-am100-laserschmelzanlage","8":"first","9":"instock","10":"product-type-simple"},"acf":[],"_links":{"self":[{"href":"https:\/\/schuetz-dental.de\/en\/wp-json\/wp\/v2\/product\/163736","targetHints":{"allow":["GET"]}}],"collection":[{"href":"https:\/\/schuetz-dental.de\/en\/wp-json\/wp\/v2\/product"}],"about":[{"href":"https:\/\/schuetz-dental.de\/en\/wp-json\/wp\/v2\/types\/product"}],"wp:featuredmedia":[{"embeddable":true,"href":"https:\/\/schuetz-dental.de\/en\/wp-json\/wp\/v2\/media\/410679"}],"wp:attachment":[{"href":"https:\/\/schuetz-dental.de\/en\/wp-json\/wp\/v2\/media?parent=163736"}],"wp:term":[{"taxonomy":"product_brand","embeddable":true,"href":"https:\/\/schuetz-dental.de\/en\/wp-json\/wp\/v2\/product_brand?post=163736"},{"taxonomy":"product_cat","embeddable":true,"href":"https:\/\/schuetz-dental.de\/en\/wp-json\/wp\/v2\/product_cat?post=163736"},{"taxonomy":"product_tag","embeddable":true,"href":"https:\/\/schuetz-dental.de\/en\/wp-json\/wp\/v2\/product_tag?post=163736"}],"curies":[{"name":"wp","href":"https:\/\/api.w.org\/{rel}","templated":true}]}}