{"id":163756,"date":"2026-04-15T03:14:03","date_gmt":"2026-04-15T01:14:03","guid":{"rendered":"https:\/\/webshop.schuetz-dental.org\/product\/tizian-3-5-geraetetisch\/"},"modified":"2026-04-15T03:14:04","modified_gmt":"2026-04-15T01:14:04","slug":"tizian-3-5-geraetetisch","status":"publish","type":"product","link":"https:\/\/schuetz-dental.de\/en\/produkt\/tizian-3-5-geraetetisch\/","title":{"rendered":"Tizian 3.5 Ger\u00e4tetisch"},"content":{"rendered":"<p>Der speziell f\u00fcr die Bed\u00fcrfnisse der Tizian Cut 5.2 entwickelte Untertisch mit ansprechender Optik in\u00a0stabiler Ausf\u00fchrung verf\u00fcgt \u00fcber ausreichende Stellfl\u00e4che. Die stabilen Rollen sorgen f\u00fcr optimalen\u00a0Stand sowie einfaches Bewegen der Anlage. Schubladen, Kabeldurchf\u00fchrungen sowie ein Schrank zur\u00a0Integration der Absauganlage\u00a0sind bereits vorgesehen.\u00a0<\/p>\n<p><strong>Abmassungen:<\/strong> 770 x 930 x 790 mm (BxHxT)<\/p>\n","protected":false},"excerpt":{"rendered":"<p>Untertisch mit ausreichender Stellfl\u00e4che f\u00fcr die Tizian Cut 5.2<\/p>\n","protected":false},"featured_media":405205,"template":"","meta":{"_acf_changed":false,"_price":"0","_stock":"0.000000","_tribe_ticket_header":"","_tribe_default_ticket_provider":"","_tribe_ticket_capacity":"","_ticket_start_date":"","_ticket_end_date":"","_tribe_ticket_show_description":"","_tribe_ticket_show_not_going":false,"_tribe_ticket_use_global_stock":"","_tribe_ticket_global_stock_level":"","_global_stock_mode":"","_global_stock_cap":"","_tribe_rsvp_for_event":"","_tribe_ticket_going_count":"","_tribe_ticket_not_going_count":"","_tribe_tickets_list":"[]","_tribe_ticket_has_attendee_info_fields":false,"_tec_slr_enabled":"","_tec_slr_layout":""},"product_brand":[],"product_cat":[4535],"product_tag":[],"class_list":{"0":"post-163756","1":"product","2":"type-product","3":"status-publish","4":"has-post-thumbnail","6":"product_cat-tizian-3-5-serie-tizian-cut-5-2-serie","8":"first","9":"instock","10":"product-type-simple"},"acf":[],"_links":{"self":[{"href":"https:\/\/schuetz-dental.de\/en\/wp-json\/wp\/v2\/product\/163756","targetHints":{"allow":["GET"]}}],"collection":[{"href":"https:\/\/schuetz-dental.de\/en\/wp-json\/wp\/v2\/product"}],"about":[{"href":"https:\/\/schuetz-dental.de\/en\/wp-json\/wp\/v2\/types\/product"}],"wp:featuredmedia":[{"embeddable":true,"href":"https:\/\/schuetz-dental.de\/en\/wp-json\/wp\/v2\/media\/405205"}],"wp:attachment":[{"href":"https:\/\/schuetz-dental.de\/en\/wp-json\/wp\/v2\/media?parent=163756"}],"wp:term":[{"taxonomy":"product_brand","embeddable":true,"href":"https:\/\/schuetz-dental.de\/en\/wp-json\/wp\/v2\/product_brand?post=163756"},{"taxonomy":"product_cat","embeddable":true,"href":"https:\/\/schuetz-dental.de\/en\/wp-json\/wp\/v2\/product_cat?post=163756"},{"taxonomy":"product_tag","embeddable":true,"href":"https:\/\/schuetz-dental.de\/en\/wp-json\/wp\/v2\/product_tag?post=163756"}],"curies":[{"name":"wp","href":"https:\/\/api.w.org\/{rel}","templated":true}]}}