{"id":163774,"date":"2026-04-14T03:14:35","date_gmt":"2026-04-14T01:14:35","guid":{"rendered":"https:\/\/webshop.schuetz-dental.org\/product\/coritec-650i-loader\/"},"modified":"2026-04-14T03:14:36","modified_gmt":"2026-04-14T01:14:36","slug":"coritec-650i-loader","status":"publish","type":"product","link":"https:\/\/schuetz-dental.de\/en\/produkt\/coritec-650i-loader\/","title":{"rendered":"CORITEC 650i Loader"},"content":{"rendered":"<p><strong>High-End-Qualit\u00e4t mit zukunftsweisender Technologie<\/strong><\/p>\n<p>Im Bereich der PREMIUM-Maschinen f\u00fcr PREMIUM-Anspr\u00fcche wurden die Maschinensysteme CORiTEC650i und CORiTEC 650i Loader entwickelt. Die Systeme mit einem sehr interessanten Preisniveau sind mit h\u00f6chstwertiger industrieller Fr\u00e4smaschinen-Technologie ausgestattet, wie z. B. Granitaufbau, Linearantrieben in den Linearachsen sowie Torquemotoren in den Drehachsen, digitale absolute L\u00e4ngenmesssystemen und leistungsstarker Hauptspindel. Das Maschinenkonzept besticht vor allem durch seine pr\u00e4zisen, vibrationsfreien und dynamischen Bewegungsabl\u00e4ufe in der anspruchsvollen und komplexen Metallbearbeitung. <\/p>\n<p>Alle anderen relevanten Materialien sind ebenfalls auf diesem Maschinensystem in hoher Qualit\u00e4t zu fr\u00e4sen oder zu schleifen, in Nass- und Trockenbearbeitung. CORiTEC 650i Loader beinhaltet einen voll integrierten, automatischen 16-fachen Blankwechsler. Dadurch kann das Maschinensystem rund um die Uhr ohne Aufsicht voll ausgelastet betrieben werden, bei gleichbleibender hoher Pr\u00e4zision. Damit ist das Maschinensystem optimal geeignet f\u00fcr gro\u00dfe Labore oder Fr\u00e4szentren bei denen diese hohen Qualit\u00e4tsanspr\u00fcche bei gleichzeitig hohen St\u00fcckzahlen im Vordergrund stehen.<\/p>\n<p><strong>Technische Highlights<\/strong><\/p>\n<ul>\n<li>massiver Achsaufbau aus geschliffenem Natur-Granit f\u00fcr 5-Achs-Simultan-Bearbeitung in hoher Dynamik f\u00fcr hochpr\u00e4zise Fr\u00e4sergebnisse<\/li>\n<li>absolute, hochaufl\u00f6sende Messsysteme in allen Achsen<\/li>\n<li>Hochfrequenz-Spindel bis 50.000 U\/min und 2,3 kW mit HSK 25-Werkzeugaufnahme<\/li>\n<li>32-fache vollautomatischer Werkzeugwechsler<\/li>\n<li>16-fach vollautomatischer Werkst\u00fcckwechsler<\/li>\n<li>integrierte Nass- und Trockenbearbeitung f\u00fcr alle Werkstoffe und Indikationen<\/li>\n<li>mit Touch Screen-Bedienung<\/li>\n<li>f\u00fchrende Linear- und Tourquemotor-Technologie<\/li>\n<\/ul>\n<p><strong>Technische Daten<\/strong><\/p>\n<ul>\n<li>Anzahl Achsen und Bearbeitungsart: 5 Achsen, Simultanbearbeitung<\/li>\n<li>Max. Anstellwinkel bei Bearbeitung mit 98 mm-Rohling: A-Achse +\/- 30\u00b0 \/ B-Achse +\/- 25\u00b0<\/li>\n<li>Nassbearbeitung: Integriert<\/li>\n<li>Drehzahl Max. \/ Pmax~: 50.000 U\/min \/ 2,3 kW<\/li>\n<li>Achsantriebe: Linearmotoren und Torquemotoren Absolute Messsysteme Aufl\u00f6sung 0,5 ?m<\/li>\n<li>Werkzeugaufnahme: HSK 25<\/li>\n<li>Werkzeugwechsler: 32-fach mit Sp\u00e4neschutzabdeckung<\/li>\n<li>Werkst\u00fcckwechsler: mit Nullpunktspannsystem\/ 16-fach vollautomatisch (Loader)<\/li>\n<li>Gewicht: 930 kg<\/li>\n<li>Breite x Tiefe x H\u00f6he: 1325 x 1100 x 1940 mm<\/li>\n<li>Netzspannung \/ Frequenz \/ Leistung: 400 V &#8211; 3 Phasen \/ 50\/60 Hz \/ 2800 W<\/li>\n<li>Druckluftversorgung: 6-9 bar konstant anliegend, 100 Liter\/Minute<br \/>Materialien: CoCr\/NEM, Titan, Zirkoniumdioxid, Aluminiumoxid, PMMA, Kunststoffe, Komposite, Wachs, Glaskeramik, Hybridkeramik<\/li>\n<li>Kompatibilit\u00e4t: 98 mm\/98,5 mm Rohlinge, CAD\/CAM-Bl\u00f6cke, nt-Trading pr\u00e4fabrizierte Abutments, Medentika PreFace\u00ae Abutments, Baltic Denture, Lava Frames<\/li>\n<\/ul>\n","protected":false},"excerpt":{"rendered":"<p>Die PREMIUM-Maschine f\u00fcr PREMIUM-Anspr\u00fcche.<\/p>\n","protected":false},"featured_media":402410,"template":"","meta":{"_acf_changed":false,"_price":"110950","_stock":"0.000000","_tribe_ticket_header":"","_tribe_default_ticket_provider":"","_tribe_ticket_capacity":"","_ticket_start_date":"","_ticket_end_date":"","_tribe_ticket_show_description":"","_tribe_ticket_show_not_going":false,"_tribe_ticket_use_global_stock":"","_tribe_ticket_global_stock_level":"","_global_stock_mode":"","_global_stock_cap":"","_tribe_rsvp_for_event":"","_tribe_ticket_going_count":"","_tribe_ticket_not_going_count":"","_tribe_tickets_list":"[]","_tribe_ticket_has_attendee_info_fields":false,"_tec_slr_enabled":"","_tec_slr_layout":""},"product_brand":[],"product_cat":[4720],"product_tag":[4932,4933,4935,2612,2154,2155,4931,4929,4930,4926,4925,4924,4934,4927,2213,2214,4928],"class_list":{"0":"post-163774","1":"product","2":"type-product","3":"status-publish","4":"has-post-thumbnail","6":"product_cat-coritec-650i","7":"product_tag-4-achs","8":"product_tag-5-achs","9":"product_tag-650i","10":"product_tag-cad","11":"product_tag-cad-cam","12":"product_tag-cam","13":"product_tag-computer-aided-manufacturing","14":"product_tag-dentalfraese","15":"product_tag-dentalfraessystem","16":"product_tag-fraesgeraet","17":"product_tag-fraesmaschine","18":"product_tag-fraessysteme","19":"product_tag-fraeszentrum","20":"product_tag-icore","21":"product_tag-imes","22":"product_tag-vhf","23":"product_tag-zirkonfraessystem","25":"first","26":"instock","27":"product-type-simple"},"acf":[],"_links":{"self":[{"href":"https:\/\/schuetz-dental.de\/en\/wp-json\/wp\/v2\/product\/163774","targetHints":{"allow":["GET"]}}],"collection":[{"href":"https:\/\/schuetz-dental.de\/en\/wp-json\/wp\/v2\/product"}],"about":[{"href":"https:\/\/schuetz-dental.de\/en\/wp-json\/wp\/v2\/types\/product"}],"wp:featuredmedia":[{"embeddable":true,"href":"https:\/\/schuetz-dental.de\/en\/wp-json\/wp\/v2\/media\/402410"}],"wp:attachment":[{"href":"https:\/\/schuetz-dental.de\/en\/wp-json\/wp\/v2\/media?parent=163774"}],"wp:term":[{"taxonomy":"product_brand","embeddable":true,"href":"https:\/\/schuetz-dental.de\/en\/wp-json\/wp\/v2\/product_brand?post=163774"},{"taxonomy":"product_cat","embeddable":true,"href":"https:\/\/schuetz-dental.de\/en\/wp-json\/wp\/v2\/product_cat?post=163774"},{"taxonomy":"product_tag","embeddable":true,"href":"https:\/\/schuetz-dental.de\/en\/wp-json\/wp\/v2\/product_tag?post=163774"}],"curies":[{"name":"wp","href":"https:\/\/api.w.org\/{rel}","templated":true}]}}