{"id":163794,"date":"2026-05-12T03:15:40","date_gmt":"2026-05-12T01:15:40","guid":{"rendered":"https:\/\/webshop.schuetz-dental.org\/product\/tizian-3-5-cam-software-v5-smart-expert\/"},"modified":"2026-05-12T03:15:41","modified_gmt":"2026-05-12T01:15:41","slug":"tizian-3-5-cam-software-v5-smart-expert","status":"publish","type":"product","link":"https:\/\/schuetz-dental.de\/en\/produkt\/tizian-3-5-cam-software-v5-smart-expert\/","title":{"rendered":"Tizian 3.5 CAM Software (V5 smart expert)"},"content":{"rendered":"<p><strong>Experten-Version inkl. Zugang zur komplett offenen Entwicklungsoberfl\u00e4che zur Entwicklung eigener Fr\u00e4sstrategien.<\/strong><\/p>\n<p><strong>smarte High-End CAM-L\u00f6sung mit vollkommener Flexibilit\u00e4t!<br \/><\/strong><br \/>Die iCAM V5 smart Software erm\u00f6glicht Ihnen die hochpr\u00e4zise Berechnung von 5-Achs-Simultan-Fr\u00e4sdaten f\u00fcr eine sehr gute Oberfl\u00e4cheng\u00fcte und Passgenauigkeit. Speziell in harten Materialien wie Glaskeramik, CoCr und Titan sind pr\u00e4zise hochaufl\u00f6sende Fr\u00e4sdaten f\u00fcr eine sehr gute Passgenauigkeit und hohe Werkzeugstandzeit entscheidend. Die extrem hohe Aufl\u00f6sung der Fr\u00e4sdateien bewirkt zudem einen absolut ruhigen und pr\u00e4zisen Lauf Ihrer Fr\u00e4smaschine und damit eine erh\u00f6hte Werkzeugstandzeit. Durch vordefinierte Fr\u00e4sstrategien f\u00fcr alle g\u00e4ngigen Materialien und Anwendungen erhalten Sie mit der iCAM V5 smart eine wertvolle CAM-L\u00f6sung, die die Produktivit\u00e4t des CAD\/CAM-Systems steigert.<\/p>\n<p>Des Weiteren beinhaltet iCAM V5 smart wesentliche Features wie das vollautomatische Platzieren der Arbeiten im Rohling, dynamische H\u00f6henoptimierung, Ab-\/Antrennen von Haltestegen, automatische Erstellung von Sintertr\u00e4gern bei Zirkoniumdioxid &#038;amp, Sintermetallen sowie die vollkommene Flexibilit\u00e4t bei der Einbindung von weiteren Fr\u00e4swerkzeugen oder eigenen Fr\u00e4sstrategien.<\/p>\n<p><strong>Inkl. Implantat-Modul<\/strong><br \/>Im Implantatbereich lassen sich mit dem \u201eReFit\u201c-System Implantatgeometrien, die im STL-Format aus dem CAD kommen, durch hochaufl\u00f6sende und detaillierte Vektoranschlussgeometrien ersetzen. Dies erm\u00f6glicht Ihnen eine pr\u00e4zisere Bearbeitung und stellt vor allem eine gleichbleibende Reproduzierbarkeit sicher.<\/p>\n<p><strong>Highlights<\/strong><\/p>\n<ul>\n<li>5-Achs-Simultanbearbeitung und\/oder 3+2-Bearbeitung zum Erreichen von Hinterschnitten<\/li>\n<li>Keine j\u00e4hrlichen Lizenzgeb\u00fchren<\/li>\n<li>Unbegrenzte Laufzeit<\/li>\n<li>Voll automatisierte und einfache Bedienung durch \u201eWizard-Workflow\u201c<\/li>\n<li>\u201eReFit\u201c \u2013 Abutment-Austauschgeometrien<\/li>\n<li>Auto-Nesting Funktion<\/li>\n<li>Job-\u00fcbergreifende Haltestegplatzierung<\/li>\n<li>Schattierte moderne Multilayerdarstellung<\/li>\n<li>Rohlings- und Job-Dokumentation<\/li>\n<li>Volle Kollisionskontrolle<\/li>\n<li>Volle High-End iCAM V5 Performance mit smarter Benutzeroberfl\u00e4che<\/li>\n<li>Fr\u00e4sbahnenberechnung mit optischer Restmaterial-Anzeige<\/li>\n<li>64-Bit Multicore Unterst\u00fctzung<\/li>\n<li>Bearbeitung aller g\u00e4ngigen dentalen Materialien<\/li>\n<li>Stetige Erweiterung von Prefab-Abutment-Systemen<\/li>\n<li>Individuelle Passungsparameter-Einstellung f\u00fcr Kavit\u00e4ten und unterschiedliche Interfacegeometrien<\/li>\n<li>Upgradef\u00e4hig<\/li>\n<\/ul>\n","protected":false},"excerpt":{"rendered":"<p>Experten-Version inkl. Zugang zur komplett offenen Entwicklungsoberfl\u00e4che zur Entwicklung eigener Fr\u00e4sstrategien.<\/p>\n","protected":false},"featured_media":0,"template":"","meta":{"_acf_changed":false,"_price":"7350","_stock":"0.000000","_tribe_ticket_header":"","_tribe_default_ticket_provider":"","_tribe_ticket_capacity":"","_ticket_start_date":"","_ticket_end_date":"","_tribe_ticket_show_description":"","_tribe_ticket_show_not_going":false,"_tribe_ticket_use_global_stock":"","_tribe_ticket_global_stock_level":"","_global_stock_mode":"","_global_stock_cap":"","_tribe_rsvp_for_event":"","_tribe_ticket_going_count":"","_tribe_ticket_not_going_count":"","_tribe_tickets_list":"[]","_tribe_ticket_has_attendee_info_fields":false,"_tec_slr_enabled":"","_tec_slr_layout":""},"product_brand":[],"product_cat":[4721],"product_tag":[],"class_list":{"0":"post-163794","1":"product","2":"type-product","3":"status-publish","5":"product_cat-cam-software","7":"first","8":"instock","9":"product-type-simple"},"acf":[],"_links":{"self":[{"href":"https:\/\/schuetz-dental.de\/en\/wp-json\/wp\/v2\/product\/163794","targetHints":{"allow":["GET"]}}],"collection":[{"href":"https:\/\/schuetz-dental.de\/en\/wp-json\/wp\/v2\/product"}],"about":[{"href":"https:\/\/schuetz-dental.de\/en\/wp-json\/wp\/v2\/types\/product"}],"wp:attachment":[{"href":"https:\/\/schuetz-dental.de\/en\/wp-json\/wp\/v2\/media?parent=163794"}],"wp:term":[{"taxonomy":"product_brand","embeddable":true,"href":"https:\/\/schuetz-dental.de\/en\/wp-json\/wp\/v2\/product_brand?post=163794"},{"taxonomy":"product_cat","embeddable":true,"href":"https:\/\/schuetz-dental.de\/en\/wp-json\/wp\/v2\/product_cat?post=163794"},{"taxonomy":"product_tag","embeddable":true,"href":"https:\/\/schuetz-dental.de\/en\/wp-json\/wp\/v2\/product_tag?post=163794"}],"curies":[{"name":"wp","href":"https:\/\/api.w.org\/{rel}","templated":true}]}}