{"id":163802,"date":"2026-04-15T03:14:12","date_gmt":"2026-04-15T01:14:12","guid":{"rendered":"https:\/\/webshop.schuetz-dental.org\/product\/tizian-3-5-loader-pro-fraesmaschine-inkl-12-fach-blankwechsler-4-blankhaltern-nassbearbeitung-nullpunktspannsystem\/"},"modified":"2026-04-15T03:14:13","modified_gmt":"2026-04-15T01:14:13","slug":"coritec-350i-loader-pro-tizian-3-5-loader-pro-fraesmaschine","status":"publish","type":"product","link":"https:\/\/schuetz-dental.de\/en\/produkt\/coritec-350i-loader-pro-tizian-3-5-loader-pro-fraesmaschine\/","title":{"rendered":"CORITEC 350i Loader PRO (Tizian 3.5 Loader Pro) Fr\u00e4smaschine"},"content":{"rendered":"<p><strong>Die ideale Maschine f\u00fcr gefr\u00e4ste, adh\u00e4siv laufende Sekund\u00e4r-Teleskopkronen und Br\u00fccken.<\/strong><\/p>\n<p>Mit den Bearbeitungssystemen CORiTEC\u00ae 350i PRO (Tizian 3.5 Pro) und CORiTEC\u00ae 350i Loader PRO (Tizian 3.5 Loader Pro) wurde ein neuartiges Maschinenkonzept entwickelt, welches die modernen Anforderungen f\u00fcr die CAD\/CAM-Bearbeitung erf\u00fcllt.\u00a0Profitieren Sie von h\u00f6chster Stabilit\u00e4t und einer vibrationsfreien Bearbeitung durch das neue einteilige Maschinenger\u00fcst aus Polymerbeton. Die hochaufl\u00f6senden, dynamischen Servomotoren mit absoluten Messsystemen erm\u00f6glichen Ihnen zudem eine um bis zu 20 % schnellere Bearbeitung bei optimaler Pr\u00e4zision.<\/p>\n<p><strong>CORiTEC\u00ae 350i PRO (Tizian 3.5 Pro) \u2013 Die automatisierte All-in-One L\u00f6sung:<\/strong>\u00a0Verarbeiten Sie alle g\u00e4ngigen dentalen CAD\/CAM-Materialien mit nur einer Fr\u00e4smaschine. Die \u00fcberragende Pr\u00e4zision der Maschine gibt Ihnen sogar die M\u00f6glichkeit, die Bearbeitung von hochkomplexen Restaurationen wie bspw. einteiligen implantgetragenen Konstruktionen. Unter Verwendung des Standard-Rohlinghalters bearbeiten Sie Restaurationen 5-achsig mit Fr\u00e4swinkeln von bis zu 30 Grad. Damit eignet sich die \u201eCORiTEC\u00ae 350i PRO (Tizian 3.5 Pro)\u201c-Serie f\u00fcr die hohen Anspr\u00fcche des Dentallabors oder Fr\u00e4szentrums. Durch die sehr kompakte Bauweise sind die Tizian Fr\u00e4smaschinen schon lange nicht mehr nur f\u00fcr gro\u00dfe Labore und Fr\u00e4szentren geeignet, sondern erhalten auch immer mehr Einzug in kleinere und mittlere Betriebe.<\/p>\n<p><strong>Tizian 3.5 Loader Pro \u2013 Die professionelle L\u00f6sung:\u00a0<\/strong>Das integrierte Nullpunktspannsystem erlaubt den Einsatz verschiedenster Adaptersysteme wie Glaskeramikadapter oder verschiedene Premilled-Systeme. Durch den Einsatz des neuartigen offenen Blankhalters k\u00f6nnen Sie Restaurationen mit bis zu 90 Grad Anstellwinkel bearbeiten. Die CORiTEC\u00ae 350i PRO (Tizian 3.5 Loader Pro) mit vollautomatisiertem Blankmagazin erm\u00f6glicht zudem die vielseitige Bearbeitung von bis zu 12 Rohlingen im mannlosen Betrieb.<\/p>\n<p><strong>Ihre Vorteile:<\/strong><\/p>\n<ul>\n<li>Rohlingsmagazin mit bis zu 12 Rohlingen verschiedener Werkstoffe<\/li>\n<li>Revolution\u00e4rer Basisaufbau aus Polymerbeton<\/li>\n<li>5-Achs-Simultan-Bearbeitung<\/li>\n<li>Absolute Messsysteme in allen Achsen<\/li>\n<li>Bis zu 20 % schnellere Bearbeitung<\/li>\n<li>Nass- und Trockenbearbeitung<\/li>\n<li>Bearbeitung aller wesentlichen Werkstoff aus der Dentalbranche inkl. Metallbearbeitung<\/li>\n<li>Achs-Anstellwinkel bis +\/-30 Grad<\/li>\n<li>Stirnseitige Bearbeitung des Werkst\u00fccks m\u00f6glich (B-Achse in 90 Grad-Stellung)<\/li>\n<li>J\u00e4ger HF-Spindel mit bis zu 60.000 U\/min<\/li>\n<\/ul>\n<p><strong>Technische Daten:<\/strong><\/p>\n<p>Anzahl Achsen und Bearbeitungsart:\u00a0<strong>5 Achsen-Simultanbearbeitung<\/strong><br \/>Max. Anstellwinkel bei Bearbeitung\u00a0mit 98 mm-Rohling:\u00a0<strong>A-Achse +\/- 30\u00b0 \/ B-Achse +\/- 25\u00b0<\/strong><br \/>Max. Achs-Anstellwinkel A-Achse:\u00a0<strong>360\u00b0 \/ B-Achse: 115\u00b0<\/strong><br \/>Nassbearbeitung:\u00a0<strong>Integriert<\/strong>\u00a0<br \/>Drehzahl Max. \/ Pmax~:\u00a0<strong>60.000 U\/min \/ 1 kW<\/strong><br \/>Achsantriebe:\u00a0<strong>AC-Servomotoren mit Absolutencoder 0,15 ?m<\/strong><br \/>Werkzeugaufnahme:\u00a0<strong>6 mm Schaft<\/strong><br \/>Werkzeugwechsler:\u00a0<strong>20-fach mit Sp\u00e4neschutzabdeckung<\/strong><br \/>Werkst\u00fcckwechsler: <strong>Vollautomatisch 8-fach (bis 12-fach optional)<\/strong><br \/>Gewicht:\u00a0<strong>250 kg<\/strong><br \/>Breite x Tiefe x H\u00f6he:\u00a0<strong>1058 x 790 x 857 mm<\/strong><br \/>Netzspannung \/ Frequenz \/ Leistung:\u00a0<strong>100 V-240 V \/ 50\/60 Hz \/ 2200 W<\/strong><br \/>Druckluftversorgung:\u00a0<strong>6-9 bar konstant anliegend, 60 Liter\/Minute<\/strong><br \/>Materialien:\u00a0<strong>CoCr\/NEM, Titan, Zirkoniumdioxid, Aluminiumoxid,\u00a0PMMA, Kunststoffe, Komposite, Wachs, Glaskeramik,\u00a0Hybridkeramik<\/strong><\/p>\n","protected":false},"excerpt":{"rendered":"<p>Die ideale Maschine f\u00fcr gefr\u00e4ste, adh\u00e4siv laufende Sekund\u00e4r-Teleskopkronen und Br\u00fccken.<\/p>\n","protected":false},"featured_media":405242,"template":"","meta":{"_acf_changed":false,"_price":"63450","_stock":"0.000000","_tribe_ticket_header":"","_tribe_default_ticket_provider":"","_tribe_ticket_capacity":"","_ticket_start_date":"","_ticket_end_date":"","_tribe_ticket_show_description":"","_tribe_ticket_show_not_going":false,"_tribe_ticket_use_global_stock":"","_tribe_ticket_global_stock_level":"","_global_stock_mode":"","_global_stock_cap":"","_tribe_rsvp_for_event":"","_tribe_ticket_going_count":"","_tribe_ticket_not_going_count":"","_tribe_tickets_list":"[]","_tribe_ticket_has_attendee_info_fields":false,"_tec_slr_enabled":"","_tec_slr_layout":""},"product_brand":[],"product_cat":[4535],"product_tag":[4936,4932,4933,2612,2154,2155,4931,4929,4930,4926,4925,4924,4934,4927,2213,4937,2214,4928],"class_list":{"0":"post-163802","1":"product","2":"type-product","3":"status-publish","4":"has-post-thumbnail","6":"product_cat-tizian-3-5-serie-tizian-cut-5-2-serie","7":"product_tag-350i","8":"product_tag-4-achs","9":"product_tag-5-achs","10":"product_tag-cad","11":"product_tag-cad-cam","12":"product_tag-cam","13":"product_tag-computer-aided-manufacturing","14":"product_tag-dentalfraese","15":"product_tag-dentalfraessystem","16":"product_tag-fraesgeraet","17":"product_tag-fraesmaschine","18":"product_tag-fraessysteme","19":"product_tag-fraeszentrum","20":"product_tag-icore","21":"product_tag-imes","22":"product_tag-tizian-cut-5-2","23":"product_tag-vhf","24":"product_tag-zirkonfraessystem","26":"first","27":"instock","28":"product-type-simple"},"acf":[],"_links":{"self":[{"href":"https:\/\/schuetz-dental.de\/en\/wp-json\/wp\/v2\/product\/163802","targetHints":{"allow":["GET"]}}],"collection":[{"href":"https:\/\/schuetz-dental.de\/en\/wp-json\/wp\/v2\/product"}],"about":[{"href":"https:\/\/schuetz-dental.de\/en\/wp-json\/wp\/v2\/types\/product"}],"wp:featuredmedia":[{"embeddable":true,"href":"https:\/\/schuetz-dental.de\/en\/wp-json\/wp\/v2\/media\/405242"}],"wp:attachment":[{"href":"https:\/\/schuetz-dental.de\/en\/wp-json\/wp\/v2\/media?parent=163802"}],"wp:term":[{"taxonomy":"product_brand","embeddable":true,"href":"https:\/\/schuetz-dental.de\/en\/wp-json\/wp\/v2\/product_brand?post=163802"},{"taxonomy":"product_cat","embeddable":true,"href":"https:\/\/schuetz-dental.de\/en\/wp-json\/wp\/v2\/product_cat?post=163802"},{"taxonomy":"product_tag","embeddable":true,"href":"https:\/\/schuetz-dental.de\/en\/wp-json\/wp\/v2\/product_tag?post=163802"}],"curies":[{"name":"wp","href":"https:\/\/api.w.org\/{rel}","templated":true}]}}