{"id":163808,"date":"2026-05-12T03:15:42","date_gmt":"2026-05-12T01:15:42","guid":{"rendered":"https:\/\/webshop.schuetz-dental.org\/product\/tizian-cam-pro-software\/"},"modified":"2026-05-12T03:15:43","modified_gmt":"2026-05-12T01:15:43","slug":"tizian-cam-pro-software","status":"publish","type":"product","link":"https:\/\/schuetz-dental.de\/en\/produkt\/tizian-cam-pro-software\/","title":{"rendered":"Tizian CAM Pro Software"},"content":{"rendered":"<p>CAM Software mit Direktabstimmung f\u00fcr DS 5-Achs Steuerungssoftware. Mit einer Software-Lizenz k\u00f6nnen bis zu 4 Maschinen zum 5-Achsigen Fr\u00e4sen betrieben werden.<\/p>\n<p>Die offene 5 Achs simultan CAM L\u00f6sung nutzt gegebene CAD\/CAM Technologie und begeistert durch eine nie dagewesene Benutzerfreundlichkeit und Geschwindigkeit.<\/p>\n<p><strong>So schnell kann Pr\u00e4zision sein.<br \/><\/strong><br \/>Mit der DS CAM verbinden Zahntechniker bravour\u00f6s ihr handwerklich erworbenes Fachwissen und ihr \u00e4sthetisches Denken.<br \/>Effizienz entsteht f\u00fcr uns erst dann, wenn unter dem Einsatz von wenig Zeit ein auf ganzer Linie zufriedenstellendes Endergebnis erreicht wird. Mit der DS CAM arbeiten Sie effizienter als je zuvor. Selbst wenn Sie zun\u00e4chst nicht in die Tiefen der Cam eingearbeitet sind, k\u00f6nnen Sie dennoch durch den Automatikmodus qualitativ hochwertige Ergebnisse erzielen. &#8211; Und das vom ersten Nutzungstag an.<\/p>\n<p>Die Sorge, dass sie die CAM studieren m\u00fcssen, bevor Sie weiter ihrer t\u00e4glichen Arbeit nachgehen k\u00f6nnen, ist unbegr\u00fcndet. Durch intelligente Templates, zahlreiche Automatisierungen und ein Interface, dass Sie von Anfang an an die Hand nimmt, haben Sie mit der DS CAM eine selbstdenkende, innovative Software, die schon jetzt darauf wartet, Ihren Alltag erleichtern zu d\u00fcrfen.<\/p>\n","protected":false},"excerpt":{"rendered":"<p>CAM Software mit Direktabstimmung f\u00fcr DS 5-Achs Steuerungssoftware.<\/p>\n","protected":false},"featured_media":0,"template":"","meta":{"_acf_changed":false,"_price":"6592","_stock":"0.000000","_tribe_ticket_header":"","_tribe_default_ticket_provider":"","_tribe_ticket_capacity":"","_ticket_start_date":"","_ticket_end_date":"","_tribe_ticket_show_description":"","_tribe_ticket_show_not_going":false,"_tribe_ticket_use_global_stock":"","_tribe_ticket_global_stock_level":"","_global_stock_mode":"","_global_stock_cap":"","_tribe_rsvp_for_event":"","_tribe_ticket_going_count":"","_tribe_ticket_not_going_count":"","_tribe_tickets_list":"[]","_tribe_ticket_has_attendee_info_fields":false,"_tec_slr_enabled":"","_tec_slr_layout":""},"product_brand":[],"product_cat":[4721],"product_tag":[],"class_list":{"0":"post-163808","1":"product","2":"type-product","3":"status-publish","5":"product_cat-cam-software","7":"first","8":"instock","9":"product-type-simple"},"acf":[],"_links":{"self":[{"href":"https:\/\/schuetz-dental.de\/en\/wp-json\/wp\/v2\/product\/163808","targetHints":{"allow":["GET"]}}],"collection":[{"href":"https:\/\/schuetz-dental.de\/en\/wp-json\/wp\/v2\/product"}],"about":[{"href":"https:\/\/schuetz-dental.de\/en\/wp-json\/wp\/v2\/types\/product"}],"wp:attachment":[{"href":"https:\/\/schuetz-dental.de\/en\/wp-json\/wp\/v2\/media?parent=163808"}],"wp:term":[{"taxonomy":"product_brand","embeddable":true,"href":"https:\/\/schuetz-dental.de\/en\/wp-json\/wp\/v2\/product_brand?post=163808"},{"taxonomy":"product_cat","embeddable":true,"href":"https:\/\/schuetz-dental.de\/en\/wp-json\/wp\/v2\/product_cat?post=163808"},{"taxonomy":"product_tag","embeddable":true,"href":"https:\/\/schuetz-dental.de\/en\/wp-json\/wp\/v2\/product_tag?post=163808"}],"curies":[{"name":"wp","href":"https:\/\/api.w.org\/{rel}","templated":true}]}}