{"id":163810,"date":"2026-04-15T03:14:13","date_gmt":"2026-04-15T01:14:13","guid":{"rendered":"https:\/\/webshop.schuetz-dental.org\/product\/scanaufsatz-tip-4-stueck-2\/"},"modified":"2026-04-15T03:14:14","modified_gmt":"2026-04-15T01:14:14","slug":"scanaufsatz-tip-4-stueck-2","status":"publish","type":"product","link":"https:\/\/schuetz-dental.de\/en\/produkt\/scanaufsatz-tip-4-stueck-2\/","title":{"rendered":"Scanaufsatz\/Tip (4 St\u00fcck)"},"content":{"rendered":"<p>Die kleine Spitze des Intraoral-Scanners i500 erleichtert Ihnen die Handhabung und erh\u00f6ht gleichzeitig die Genauigkeit des Ergebnisses. Zudem ist so die Behandlung f\u00fcr Ihren Patienten angenehmer.<\/p>\n<p>Gr\u00f6\u00dfe der Spitze:\u00a019 x 152 mm (B x H)<\/p>\n","protected":false},"excerpt":{"rendered":"<p>4 neue Scanaufs\u00e4tze f\u00fcr Ihren Intraoral-Scanner i500.<\/p>\n","protected":false},"featured_media":405248,"template":"","meta":{"_acf_changed":false,"_price":"200","_stock":"0.000000","_tribe_ticket_header":"","_tribe_default_ticket_provider":"","_tribe_ticket_capacity":"","_ticket_start_date":"","_ticket_end_date":"","_tribe_ticket_show_description":"","_tribe_ticket_show_not_going":false,"_tribe_ticket_use_global_stock":"","_tribe_ticket_global_stock_level":"","_global_stock_mode":"","_global_stock_cap":"","_tribe_rsvp_for_event":"","_tribe_ticket_going_count":"","_tribe_ticket_not_going_count":"","_tribe_tickets_list":"[]","_tribe_ticket_has_attendee_info_fields":false,"_tec_slr_enabled":"","_tec_slr_layout":""},"product_brand":[],"product_cat":[4532,4533],"product_tag":[2769,2770,2766,2767,2768],"class_list":{"0":"post-163810","1":"product","2":"type-product","3":"status-publish","4":"has-post-thumbnail","6":"product_cat-intraoral-scanner","7":"product_cat-scanner","8":"product_tag-i500","9":"product_tag-intraoral","10":"product_tag-medit","11":"product_tag-scanaufsatz","12":"product_tag-scanaufsaetze","14":"first","15":"instock","16":"product-type-simple"},"acf":[],"_links":{"self":[{"href":"https:\/\/schuetz-dental.de\/en\/wp-json\/wp\/v2\/product\/163810","targetHints":{"allow":["GET"]}}],"collection":[{"href":"https:\/\/schuetz-dental.de\/en\/wp-json\/wp\/v2\/product"}],"about":[{"href":"https:\/\/schuetz-dental.de\/en\/wp-json\/wp\/v2\/types\/product"}],"wp:featuredmedia":[{"embeddable":true,"href":"https:\/\/schuetz-dental.de\/en\/wp-json\/wp\/v2\/media\/405248"}],"wp:attachment":[{"href":"https:\/\/schuetz-dental.de\/en\/wp-json\/wp\/v2\/media?parent=163810"}],"wp:term":[{"taxonomy":"product_brand","embeddable":true,"href":"https:\/\/schuetz-dental.de\/en\/wp-json\/wp\/v2\/product_brand?post=163810"},{"taxonomy":"product_cat","embeddable":true,"href":"https:\/\/schuetz-dental.de\/en\/wp-json\/wp\/v2\/product_cat?post=163810"},{"taxonomy":"product_tag","embeddable":true,"href":"https:\/\/schuetz-dental.de\/en\/wp-json\/wp\/v2\/product_tag?post=163810"}],"curies":[{"name":"wp","href":"https:\/\/api.w.org\/{rel}","templated":true}]}}