{"id":163826,"date":"2026-04-30T03:12:41","date_gmt":"2026-04-30T01:12:41","guid":{"rendered":"https:\/\/webshop.schuetz-dental.org\/product\/tizian-creativ-rt-software\/"},"modified":"2026-04-30T03:12:42","modified_gmt":"2026-04-30T01:12:42","slug":"tizian-creativ-rt-software","status":"publish","type":"product","link":"https:\/\/schuetz-dental.de\/en\/produkt\/tizian-creativ-rt-software\/","title":{"rendered":"Tizian Creativ RT-Software"},"content":{"rendered":"<p>Die Tizian Creativ RT CAD-Software ist ein absolutes\u00a0High-End Produkt, das nicht nur auf dem neuesten\u00a0Stand der Technik ist, sondern sich st\u00e4ndig weiterentwickelt und Ihnen somit ein H\u00f6chstma\u00df an Zukunftssicherheit\u00a0bietet.<\/p>\n<p><strong>Diese Software bietet Ihnen unter anderem:<\/strong><\/p>\n<ul>\n<li>Schnelles Arbeiten: Sie arbeiten mit einer Hochleistungs-Workstation, Quadcore,\u00a064 Bit, die speziell f\u00fcr\u00a0diese Software optimiert ist.<\/li>\n<li>Flexibilit\u00e4t: Sie k\u00f6nnen einzelne Punkte der modellierten\u00a0Arbeiten auch nachtr\u00e4glich \u00e4ndern.<\/li>\n<li>Die M\u00f6glichkeit, sich auf das Wesentliche zu konzentrieren:\u00a0Je nach Restauration werden relevante Parameter\u00a0automatisch gew\u00e4hlt.<\/li>\n<li>Ein hohes Ma\u00df an Kreativit\u00e4t: Die automatisch generierten\u00a0Arbeiten k\u00f6nnen mit verschiedensten virtuellen\u00a0Werkzeugen von Ihnen individualisiert werden.<\/li>\n<li>Breites Indikationsspektrum.<\/li>\n<li>Einfache und gro\u00dfe Materialauswahl.<\/li>\n<li>Optimierter Datenexport f\u00fcr 3-, 4-, 5-Achsfr\u00e4sung und Lasersintern.<\/li>\n<li>Optionale Zusatzscans, z. B. Gingivamaske oder Situ-Model.<\/li>\n<li>Individuell einstellbare Parameter, z. B. Zementspalt oder\u00a0Mindestst\u00e4rke.<\/li>\n<\/ul>\n","protected":false},"excerpt":{"rendered":"<p>Mit dem CAD-System modellieren Sie Ihre zahntechnischen Arbeiten am PC. Erfahren Sie mehr \u00fcber die M\u00f6glichkeiten dieses offenen und lizenzfreien Systems.<\/p>\n","protected":false},"featured_media":430105,"template":"","meta":{"_acf_changed":false,"_price":"6240","_stock":"0.000000","_tribe_ticket_header":"","_tribe_default_ticket_provider":"","_tribe_ticket_capacity":"","_ticket_start_date":"","_ticket_end_date":"","_tribe_ticket_show_description":"","_tribe_ticket_show_not_going":false,"_tribe_ticket_use_global_stock":"","_tribe_ticket_global_stock_level":"","_global_stock_mode":"","_global_stock_cap":"","_tribe_rsvp_for_event":"","_tribe_ticket_going_count":"","_tribe_ticket_not_going_count":"","_tribe_tickets_list":"[]","_tribe_ticket_has_attendee_info_fields":false,"_tec_slr_enabled":"","_tec_slr_layout":""},"product_brand":[],"product_cat":[4536],"product_tag":[],"class_list":{"0":"post-163826","1":"product","2":"type-product","3":"status-publish","4":"has-post-thumbnail","6":"product_cat-cad-software","8":"first","9":"instock","10":"product-type-simple"},"acf":[],"_links":{"self":[{"href":"https:\/\/schuetz-dental.de\/en\/wp-json\/wp\/v2\/product\/163826","targetHints":{"allow":["GET"]}}],"collection":[{"href":"https:\/\/schuetz-dental.de\/en\/wp-json\/wp\/v2\/product"}],"about":[{"href":"https:\/\/schuetz-dental.de\/en\/wp-json\/wp\/v2\/types\/product"}],"wp:featuredmedia":[{"embeddable":true,"href":"https:\/\/schuetz-dental.de\/en\/wp-json\/wp\/v2\/media\/430105"}],"wp:attachment":[{"href":"https:\/\/schuetz-dental.de\/en\/wp-json\/wp\/v2\/media?parent=163826"}],"wp:term":[{"taxonomy":"product_brand","embeddable":true,"href":"https:\/\/schuetz-dental.de\/en\/wp-json\/wp\/v2\/product_brand?post=163826"},{"taxonomy":"product_cat","embeddable":true,"href":"https:\/\/schuetz-dental.de\/en\/wp-json\/wp\/v2\/product_cat?post=163826"},{"taxonomy":"product_tag","embeddable":true,"href":"https:\/\/schuetz-dental.de\/en\/wp-json\/wp\/v2\/product_tag?post=163826"}],"curies":[{"name":"wp","href":"https:\/\/api.w.org\/{rel}","templated":true}]}}