{"id":163854,"date":"2026-05-15T03:19:17","date_gmt":"2026-05-15T01:19:17","guid":{"rendered":"https:\/\/webshop.schuetz-dental.org\/product\/feinschlichter-1mm-fuer-zirkon-beschichtet\/"},"modified":"2026-05-15T03:19:18","modified_gmt":"2026-05-15T01:19:18","slug":"feinschlichter-1mm-fuer-zirkon-beschichtet","status":"publish","type":"product","link":"https:\/\/schuetz-dental.de\/en\/produkt\/feinschlichter-1mm-fuer-zirkon-beschichtet\/","title":{"rendered":"Feinschlichter 1mm f\u00fcr Zirkon, beschichtet"},"content":{"rendered":"<p>Radiusfr\u00e4ser zweischneidig, Schneide\u00a0\u00d8 1 mm, Schaft \u00d8 3 mm, Gesamtl\u00e4nge 35 mm<\/p>\n<ul>\n<li><strong>Bearbeitungsstufe:<\/strong>\u00a0Feinschlichten<\/li>\n<li><strong>Blank-Werkstoff<\/strong>:\u00a0Zirkondioxid<\/li>\n<li><strong>Beschichtungsart:<\/strong> beschichtet<\/li>\n<li><strong>Ringfarbe:<\/strong> blau<\/li>\n<li><strong>F\u00fcr Fr\u00e4smaschinen<\/strong>:\u00a0Tizian Cut, Tizian Cut plus, Tizian Cut eco plus<\/li>\n<\/ul>\n","protected":false},"excerpt":{"rendered":"<p>Radiusfr\u00e4ser f\u00fcr Ihr Tizian Fr\u00e4ssystem<\/p>\n","protected":false},"featured_media":454933,"template":"","meta":{"_acf_changed":false,"_price":"42.4","_stock":"0.000000","_tribe_ticket_header":"","_tribe_default_ticket_provider":"","_tribe_ticket_capacity":"","_ticket_start_date":"","_ticket_end_date":"","_tribe_ticket_show_description":"","_tribe_ticket_show_not_going":false,"_tribe_ticket_use_global_stock":"","_tribe_ticket_global_stock_level":"","_global_stock_mode":"","_global_stock_cap":"","_tribe_rsvp_for_event":"","_tribe_ticket_going_count":"","_tribe_ticket_not_going_count":"","_tribe_tickets_list":"[]","_tribe_ticket_has_attendee_info_fields":false,"_tec_slr_enabled":"","_tec_slr_layout":""},"product_brand":[],"product_cat":[4538,4743,4744],"product_tag":[],"class_list":{"0":"post-163854","1":"product","2":"type-product","3":"status-publish","4":"has-post-thumbnail","6":"product_cat-tizian-cut-eco-plus","7":"product_cat-tizian-cut","8":"product_cat-tizian-cut-compact-serie","10":"first","11":"instock","12":"product-type-simple"},"acf":[],"_links":{"self":[{"href":"https:\/\/schuetz-dental.de\/en\/wp-json\/wp\/v2\/product\/163854","targetHints":{"allow":["GET"]}}],"collection":[{"href":"https:\/\/schuetz-dental.de\/en\/wp-json\/wp\/v2\/product"}],"about":[{"href":"https:\/\/schuetz-dental.de\/en\/wp-json\/wp\/v2\/types\/product"}],"wp:featuredmedia":[{"embeddable":true,"href":"https:\/\/schuetz-dental.de\/en\/wp-json\/wp\/v2\/media\/454933"}],"wp:attachment":[{"href":"https:\/\/schuetz-dental.de\/en\/wp-json\/wp\/v2\/media?parent=163854"}],"wp:term":[{"taxonomy":"product_brand","embeddable":true,"href":"https:\/\/schuetz-dental.de\/en\/wp-json\/wp\/v2\/product_brand?post=163854"},{"taxonomy":"product_cat","embeddable":true,"href":"https:\/\/schuetz-dental.de\/en\/wp-json\/wp\/v2\/product_cat?post=163854"},{"taxonomy":"product_tag","embeddable":true,"href":"https:\/\/schuetz-dental.de\/en\/wp-json\/wp\/v2\/product_tag?post=163854"}],"curies":[{"name":"wp","href":"https:\/\/api.w.org\/{rel}","templated":true}]}}