{"id":163874,"date":"2026-04-30T03:12:49","date_gmt":"2026-04-30T01:12:49","guid":{"rendered":"https:\/\/webshop.schuetz-dental.org\/product\/tizian-creativ-rt-stegmodul\/"},"modified":"2026-04-30T03:12:50","modified_gmt":"2026-04-30T01:12:50","slug":"tizian-creativ-rt-stegmodul","status":"publish","type":"product","link":"https:\/\/schuetz-dental.de\/en\/produkt\/tizian-creativ-rt-stegmodul\/","title":{"rendered":"Tizian Creativ RT Stegmodul"},"content":{"rendered":"<p>Mit dem <strong>Stegmodul<\/strong>\u00a0gestalten Sie mit Ihrer Tizian Creativ RT <strong>CAD-Software<\/strong> individuelle <strong>Stegkonstruktionen<\/strong>.\u00a0Die vielen <strong>Tools<\/strong> in der <strong>Software<\/strong> erm\u00f6glichen Ihnen die\u00a0Gestaltung <strong>individueller implantatgetragener<\/strong> Stege.\u00a0Durch die automatische <strong>Parallelisierungshilfe<\/strong> richten\u00a0Sie die Arbeit schnell und <strong>sicher<\/strong> aus.<\/p>\n<p>Sie w\u00e4hlen zwischen \u00fcber <strong>15 Stegarten.<\/strong><\/p>\n","protected":false},"excerpt":{"rendered":"<p>Sie konstruieren mit diesem Tool individuelle Stegversorgungen. Hier erfahren Sie mehr \u00fcber die gro\u00dfe Steg-Datenbank mit vorgefertigten Stegformen und die verschiedenen M\u00f6glichkeiten, diese zu individualisieren.<\/p>\n","protected":false},"featured_media":430144,"template":"","meta":{"_acf_changed":false,"_price":"1680","_stock":"0.000000","_tribe_ticket_header":"","_tribe_default_ticket_provider":"","_tribe_ticket_capacity":"","_ticket_start_date":"","_ticket_end_date":"","_tribe_ticket_show_description":"","_tribe_ticket_show_not_going":false,"_tribe_ticket_use_global_stock":"","_tribe_ticket_global_stock_level":"","_global_stock_mode":"","_global_stock_cap":"","_tribe_rsvp_for_event":"","_tribe_ticket_going_count":"","_tribe_ticket_not_going_count":"","_tribe_tickets_list":"[]","_tribe_ticket_has_attendee_info_fields":false,"_tec_slr_enabled":"","_tec_slr_layout":""},"product_brand":[],"product_cat":[4536],"product_tag":[],"class_list":{"0":"post-163874","1":"product","2":"type-product","3":"status-publish","4":"has-post-thumbnail","6":"product_cat-cad-software","8":"first","9":"instock","10":"product-type-simple"},"acf":[],"_links":{"self":[{"href":"https:\/\/schuetz-dental.de\/en\/wp-json\/wp\/v2\/product\/163874","targetHints":{"allow":["GET"]}}],"collection":[{"href":"https:\/\/schuetz-dental.de\/en\/wp-json\/wp\/v2\/product"}],"about":[{"href":"https:\/\/schuetz-dental.de\/en\/wp-json\/wp\/v2\/types\/product"}],"wp:featuredmedia":[{"embeddable":true,"href":"https:\/\/schuetz-dental.de\/en\/wp-json\/wp\/v2\/media\/430144"}],"wp:attachment":[{"href":"https:\/\/schuetz-dental.de\/en\/wp-json\/wp\/v2\/media?parent=163874"}],"wp:term":[{"taxonomy":"product_brand","embeddable":true,"href":"https:\/\/schuetz-dental.de\/en\/wp-json\/wp\/v2\/product_brand?post=163874"},{"taxonomy":"product_cat","embeddable":true,"href":"https:\/\/schuetz-dental.de\/en\/wp-json\/wp\/v2\/product_cat?post=163874"},{"taxonomy":"product_tag","embeddable":true,"href":"https:\/\/schuetz-dental.de\/en\/wp-json\/wp\/v2\/product_tag?post=163874"}],"curies":[{"name":"wp","href":"https:\/\/api.w.org\/{rel}","templated":true}]}}