{"id":163886,"date":"2026-04-30T03:12:51","date_gmt":"2026-04-30T01:12:51","guid":{"rendered":"https:\/\/webshop.schuetz-dental.org\/product\/tizian-creativ-rt-modul-zur-herstellung-von-provisorien\/"},"modified":"2026-04-30T03:12:52","modified_gmt":"2026-04-30T01:12:52","slug":"tizian-creativ-rt-modul-zur-herstellung-von-provisorien","status":"publish","type":"product","link":"https:\/\/schuetz-dental.de\/en\/produkt\/tizian-creativ-rt-modul-zur-herstellung-von-provisorien\/","title":{"rendered":"Tizian Creativ RT Modul zur Herstellung von Provisorien"},"content":{"rendered":"<p>Mit diesem <strong>Zusatztool<\/strong> f\u00fcr <strong>Provisorien<\/strong> erstellen Sie in <strong>3 Schritten<\/strong> Provisorien f\u00fcr die non- oder <strong>minimalinvasive<\/strong> Pr\u00e4paration.<\/p>\n<p><strong>So funktioniert es: <\/strong><\/p>\n<ol>\n<li>Sie scannen das Situmodell.<\/li>\n<li>Sie laden die gew\u00fcnschte Zahnform aus Ihrer\u00a0Zahnbibliothek oder Sie \u00fcbernehmen die urspr\u00fcngliche Zahnform. Diese wird automatisch mit dem Situationsmodell gematcht.<\/li>\n<li>Sie fr\u00e4sen die provisorische Krone z. B. aus einem Tizian PMMA Blank.<\/li>\n<\/ol>\n<p>Bei einer solchen <strong>Krone<\/strong> pr\u00e4pariert der <strong>Behandler<\/strong> erst jetzt den zu versorgenden Zahn. Er pr\u00e4pariert nur so viel, dass er gen\u00fcgend Platz f\u00fcr den Zement hat. So <strong>sch\u00fctzt<\/strong> er die nat\u00fcrliche <strong>Zahnsubstanz<\/strong> und hat am Tag der <strong>Pr\u00e4paration<\/strong> bereits Ihr <strong>professionell<\/strong> gefertigtes <strong>Provisorium<\/strong>.<\/p>\n","protected":false},"excerpt":{"rendered":"<p>Provisorische Kronen und Br\u00fccken liefern Sie Ihren Zahn\u00e4rzten nun bereits bevor diese mit der Pr\u00e4paration beginnen.<\/p>\n","protected":false},"featured_media":430153,"template":"","meta":{"_acf_changed":false,"_price":"910","_stock":"0.000000","_tribe_ticket_header":"","_tribe_default_ticket_provider":"","_tribe_ticket_capacity":"","_ticket_start_date":"","_ticket_end_date":"","_tribe_ticket_show_description":"","_tribe_ticket_show_not_going":false,"_tribe_ticket_use_global_stock":"","_tribe_ticket_global_stock_level":"","_global_stock_mode":"","_global_stock_cap":"","_tribe_rsvp_for_event":"","_tribe_ticket_going_count":"","_tribe_ticket_not_going_count":"","_tribe_tickets_list":"[]","_tribe_ticket_has_attendee_info_fields":false,"_tec_slr_enabled":"","_tec_slr_layout":""},"product_brand":[],"product_cat":[4536],"product_tag":[],"class_list":{"0":"post-163886","1":"product","2":"type-product","3":"status-publish","4":"has-post-thumbnail","6":"product_cat-cad-software","8":"first","9":"instock","10":"product-type-simple"},"acf":[],"_links":{"self":[{"href":"https:\/\/schuetz-dental.de\/en\/wp-json\/wp\/v2\/product\/163886","targetHints":{"allow":["GET"]}}],"collection":[{"href":"https:\/\/schuetz-dental.de\/en\/wp-json\/wp\/v2\/product"}],"about":[{"href":"https:\/\/schuetz-dental.de\/en\/wp-json\/wp\/v2\/types\/product"}],"wp:featuredmedia":[{"embeddable":true,"href":"https:\/\/schuetz-dental.de\/en\/wp-json\/wp\/v2\/media\/430153"}],"wp:attachment":[{"href":"https:\/\/schuetz-dental.de\/en\/wp-json\/wp\/v2\/media?parent=163886"}],"wp:term":[{"taxonomy":"product_brand","embeddable":true,"href":"https:\/\/schuetz-dental.de\/en\/wp-json\/wp\/v2\/product_brand?post=163886"},{"taxonomy":"product_cat","embeddable":true,"href":"https:\/\/schuetz-dental.de\/en\/wp-json\/wp\/v2\/product_cat?post=163886"},{"taxonomy":"product_tag","embeddable":true,"href":"https:\/\/schuetz-dental.de\/en\/wp-json\/wp\/v2\/product_tag?post=163886"}],"curies":[{"name":"wp","href":"https:\/\/api.w.org\/{rel}","templated":true}]}}