{"id":163912,"date":"2026-04-30T03:12:55","date_gmt":"2026-04-30T01:12:55","guid":{"rendered":"https:\/\/webshop.schuetz-dental.org\/product\/tizian-creativ-rt-totalprothesen-modul\/"},"modified":"2026-04-30T03:12:56","modified_gmt":"2026-04-30T01:12:56","slug":"tizian-creativ-rt-totalprothesen-modul","status":"publish","type":"product","link":"https:\/\/schuetz-dental.de\/en\/produkt\/tizian-creativ-rt-totalprothesen-modul\/","title":{"rendered":"Tizian Creativ RT Totalprothesen Modul"},"content":{"rendered":"<p><strong>Digitales Design von Totalprothesen \u2013\u00a0<\/strong>Gef\u00fchrter Workflow f\u00fcr das Design von Totalprothesen mit hohem \u00e4sthetischen Anspruch.<\/p>\n<p>Nach der Durchf\u00fchrung einer digitalen Modellanalyse wird auf Basis der Ergebnisse eine Zahnaufstellung vorgeschlagen. Sie k\u00f6nnen die Prothese sp\u00e4ter fr\u00e4sen oder drucken oder beide Methoden kombinieren.<\/p>\n","protected":false},"excerpt":{"rendered":"<p>Zusatzmodul f\u00fcr das digitale Design von Totalprothesen mit hohem \u00e4sthetischen Anspruch.<\/p>\n","protected":false},"featured_media":0,"template":"","meta":{"_acf_changed":false,"_price":"2460","_stock":"0.000000","_tribe_ticket_header":"","_tribe_default_ticket_provider":"","_tribe_ticket_capacity":"","_ticket_start_date":"","_ticket_end_date":"","_tribe_ticket_show_description":"","_tribe_ticket_show_not_going":false,"_tribe_ticket_use_global_stock":"","_tribe_ticket_global_stock_level":"","_global_stock_mode":"","_global_stock_cap":"","_tribe_rsvp_for_event":"","_tribe_ticket_going_count":"","_tribe_ticket_not_going_count":"","_tribe_tickets_list":"[]","_tribe_ticket_has_attendee_info_fields":false,"_tec_slr_enabled":"","_tec_slr_layout":""},"product_brand":[],"product_cat":[4536],"product_tag":[],"class_list":{"0":"post-163912","1":"product","2":"type-product","3":"status-publish","5":"product_cat-cad-software","7":"first","8":"instock","9":"product-type-simple"},"acf":[],"_links":{"self":[{"href":"https:\/\/schuetz-dental.de\/en\/wp-json\/wp\/v2\/product\/163912","targetHints":{"allow":["GET"]}}],"collection":[{"href":"https:\/\/schuetz-dental.de\/en\/wp-json\/wp\/v2\/product"}],"about":[{"href":"https:\/\/schuetz-dental.de\/en\/wp-json\/wp\/v2\/types\/product"}],"wp:attachment":[{"href":"https:\/\/schuetz-dental.de\/en\/wp-json\/wp\/v2\/media?parent=163912"}],"wp:term":[{"taxonomy":"product_brand","embeddable":true,"href":"https:\/\/schuetz-dental.de\/en\/wp-json\/wp\/v2\/product_brand?post=163912"},{"taxonomy":"product_cat","embeddable":true,"href":"https:\/\/schuetz-dental.de\/en\/wp-json\/wp\/v2\/product_cat?post=163912"},{"taxonomy":"product_tag","embeddable":true,"href":"https:\/\/schuetz-dental.de\/en\/wp-json\/wp\/v2\/product_tag?post=163912"}],"curies":[{"name":"wp","href":"https:\/\/api.w.org\/{rel}","templated":true}]}}